{"id":5412,"date":"2024-07-20T08:07:55","date_gmt":"2024-07-20T08:07:55","guid":{"rendered":"https:\/\/jinhuaceramic.com\/?post_type=product&#038;p=5412"},"modified":"2025-03-10T09:20:14","modified_gmt":"2025-03-10T09:20:14","slug":"wholesale-ceramic-baking-pan-set","status":"publish","type":"product","link":"https:\/\/jinhuaceramic.com\/pt\/product\/wholesale-ceramic-baking-pan-set\/","title":{"rendered":"Conjunto de assadeiras de cer\u00e2mica de tamanho m\u00faltiplo, China Bakeware Bulk"},"content":{"rendered":"<div class=\"wp-block-columns is-layout-flex wp-container-core-columns-is-layout-9d6595d7 wp-block-columns-is-layout-flex\">\n<div class=\"wp-block-column is-layout-flow wp-block-column-is-layout-flow\">\n<h3 class=\"wp-block-heading\">Conjunto de panelas de cer\u00e2mica Premium Wholesale Carater\u00edsticas:<\/h3>\n\n\n\n<ul class=\"wp-block-list\">\n<li><strong>Design elegante: <\/strong>Estes conjuntos de panelas de cer\u00e2mica por atacado s\u00e3o muito pr\u00e1ticos, mas com um design bastante elegante. Os lados ligeiramente mais delicados, as bordas delicadamente recortadas e um padr\u00e3o ligeiramente texturizado nas laterais d\u00e3o a estas assadeiras um impulso extra no apelo est\u00e9tico.<\/li>\n\n\n\n<li><strong>Constru\u00e7\u00e3o duradoura: <\/strong>Estes tabuleiros de cer\u00e2mica s\u00e3o fabricados com material cer\u00e2mico resistente ao calor de alta qualidade. A constru\u00e7\u00e3o da cer\u00e2mica tamb\u00e9m resiste muito bem \u00e0s fissuras, garantindo assim um desempenho duradouro.<\/li>\n\n\n\n<li><strong>Esmalte antiaderente: <\/strong>Estes conjuntos de assadeiras de cer\u00e2mica s\u00e3o revestidos de antiaderente; assim, a liberta\u00e7\u00e3o dos produtos cozinhados e a limpeza das assadeiras ap\u00f3s a utiliza\u00e7\u00e3o \u00e9 bastante f\u00e1cil.<\/li>\n\n\n\n<li><strong>Conjunto vers\u00e1til: <\/strong>Cont\u00e9m diferentes tamanhos de tabuleiros de cer\u00e2mica para diferentes receitas, como ca\u00e7arola, frango assado, p\u00e3o cozido, lasanha, carne assada, legumes assados, para as suas diferentes necessidades de cozedura.<\/li>\n<\/ul>\n<\/div>\n\n\n\n<div class=\"wp-block-column is-layout-flow wp-block-column-is-layout-flow\">\n<figure class=\"wp-block-image size-full\"><img fetchpriority=\"high\" decoding=\"async\" width=\"1001\" height=\"1001\" src=\"https:\/\/jinhuaceramic.com\/wp-content\/uploads\/2024\/07\/baking-dish-set-2.webp\" alt=\"conjunto de panelas de cer\u00e2mica com 4 tamanhos para venda a quente no atacado\" class=\"wp-image-5405\" srcset=\"https:\/\/jinhuaceramic.com\/wp-content\/uploads\/2024\/07\/baking-dish-set-2.webp 1001w, https:\/\/jinhuaceramic.com\/wp-content\/uploads\/2024\/07\/baking-dish-set-2-300x300.webp 300w, https:\/\/jinhuaceramic.com\/wp-content\/uploads\/2024\/07\/baking-dish-set-2-150x150.webp 150w, https:\/\/jinhuaceramic.com\/wp-content\/uploads\/2024\/07\/baking-dish-set-2-768x768.webp 768w, https:\/\/jinhuaceramic.com\/wp-content\/uploads\/2024\/07\/baking-dish-set-2-12x12.webp 12w, https:\/\/jinhuaceramic.com\/wp-content\/uploads\/2024\/07\/baking-dish-set-2-285x285.webp 285w, https:\/\/jinhuaceramic.com\/wp-content\/uploads\/2024\/07\/baking-dish-set-2-270x270.webp 270w, https:\/\/jinhuaceramic.com\/wp-content\/uploads\/2024\/07\/baking-dish-set-2-540x540.webp 540w, https:\/\/jinhuaceramic.com\/wp-content\/uploads\/2024\/07\/baking-dish-set-2-660x660.webp 660w\" sizes=\"(max-width: 1001px) 100vw, 1001px\" \/><\/figure>\n<\/div>\n<\/div>","protected":false},"excerpt":{"rendered":"<p>Bem-vindo \u00e0 compra de panelas de cer\u00e2mica. Estes conjuntos de assadeiras de cer\u00e2mica por atacado podem atender a v\u00e1rias necessidades de cozimento. N\u00e3o cont\u00e9m chumbo e n\u00e3o \u00e9 t\u00f3xico para garantir a seguran\u00e7a alimentar. Designs resistentes a altas temperaturas para fornos e fornos de micro-ondas, robustos e dur\u00e1veis, ser\u00e3o uma \u00f3ptima escolha para a cozedura dom\u00e9stica e comercial.<\/p>","protected":false},"featured_media":5410,"comment_status":"closed","ping_status":"closed","template":"","meta":{"_acf_changed":false},"product_brand":[],"product_cat":[53],"product_tag":[71],"class_list":{"0":"post-5412","1":"product","2":"type-product","3":"status-publish","4":"has-post-thumbnail","6":"product_cat-bakeware-in-bulk","7":"product_tag-wholesale-baking-pans","9":"first","10":"instock","11":"shipping-taxable","12":"product-type-simple"},"acf":[],"_links":{"self":[{"href":"https:\/\/jinhuaceramic.com\/pt\/wp-json\/wp\/v2\/product\/5412","targetHints":{"allow":["GET"]}}],"collection":[{"href":"https:\/\/jinhuaceramic.com\/pt\/wp-json\/wp\/v2\/product"}],"about":[{"href":"https:\/\/jinhuaceramic.com\/pt\/wp-json\/wp\/v2\/types\/product"}],"replies":[{"embeddable":true,"href":"https:\/\/jinhuaceramic.com\/pt\/wp-json\/wp\/v2\/comments?post=5412"}],"version-history":[{"count":0,"href":"https:\/\/jinhuaceramic.com\/pt\/wp-json\/wp\/v2\/product\/5412\/revisions"}],"wp:featuredmedia":[{"embeddable":true,"href":"https:\/\/jinhuaceramic.com\/pt\/wp-json\/wp\/v2\/media\/5410"}],"wp:attachment":[{"href":"https:\/\/jinhuaceramic.com\/pt\/wp-json\/wp\/v2\/media?parent=5412"}],"wp:term":[{"taxonomy":"product_brand","embeddable":true,"href":"https:\/\/jinhuaceramic.com\/pt\/wp-json\/wp\/v2\/product_brand?post=5412"},{"taxonomy":"product_cat","embeddable":true,"href":"https:\/\/jinhuaceramic.com\/pt\/wp-json\/wp\/v2\/product_cat?post=5412"},{"taxonomy":"product_tag","embeddable":true,"href":"https:\/\/jinhuaceramic.com\/pt\/wp-json\/wp\/v2\/product_tag?post=5412"}],"curies":[{"name":"wp","href":"https:\/\/api.w.org\/{rel}","templated":true}]}}