{"id":5415,"date":"2024-07-20T08:26:20","date_gmt":"2024-07-20T08:26:20","guid":{"rendered":"https:\/\/jinhuaceramic.com\/?post_type=product&#038;p=5415"},"modified":"2024-11-05T04:00:49","modified_gmt":"2024-11-05T04:00:49","slug":"factory-supply-bathroom-accessories-set","status":"publish","type":"product","link":"https:\/\/jinhuaceramic.com\/pt\/product\/factory-supply-bathroom-accessories-set\/","title":{"rendered":"Conjunto de acess\u00f3rios de casa de banho de fornecimento da f\u00e1brica, Conjunto de banho personalizado com design com nervuras"},"content":{"rendered":"<div class=\"wp-block-columns is-layout-flex wp-container-core-columns-is-layout-9d6595d7 wp-block-columns-is-layout-flex\">\n<div class=\"wp-block-column is-layout-flow wp-block-column-is-layout-flow\">\n<h3 class=\"wp-block-heading\">Conjunto de acess\u00f3rios de casa de banho Premium Factory Supply Carater\u00edsticas:<\/h3>\n\n\n\n<ul class=\"wp-block-list\">\n<li><strong>Design de riscas requintado, elegante e moderno: <\/strong>O nosso conjunto de acess\u00f3rios de casa de banho de fornecimento de f\u00e1brica adopta um design requintado de riscas; dado que o produto tem uma textura e camadas especiais, criando um efeito visual elegante e moderno. Al\u00e9m disso, as riscas real\u00e7am a beleza do produto para garantir que as m\u00e3os tenham muito conforto enquanto o seguram.<\/li>\n\n\n\n<li><strong>Servi\u00e7o personalizado, flex\u00edvel para satisfazer as necessidades: <\/strong>O nosso conjunto de banho personalizado oferece cor personalizada, LOGO e design de estilo. Pode ser feito de acordo com a marca pr\u00f3pria do cliente ou o seu estilo na casa de banho, mostrando perfeitamente a imagem de marca personalizada. \u00c9 especialmente adequado para as necessidades de hot\u00e9is de alta estrela e projectos empresariais.<\/li>\n\n\n\n<li><strong>Material cer\u00e2mico de alta qualidade, s\u00f3lido e duradouro: <\/strong>O nosso conjunto de acess\u00f3rios de casa de banho, fornecido pela f\u00e1brica, \u00e9 feito de cer\u00e2mica de alta qualidade. Isso garante uma excelente durabilidade e resist\u00eancia \u00e0 descolora\u00e7\u00e3o. O produto pode permanecer brilhante como novo e ser facilmente limpo, mesmo depois de uma utiliza\u00e7\u00e3o prolongada, para manter uma vida \u00fatil alargada.<\/li>\n\n\n\n<li><strong>Acess\u00f3rios de casa de banho completos, fun\u00e7\u00f5es completas: <\/strong>O nosso conjunto de banho personalizado inclui v\u00e1rios acess\u00f3rios de casa de banho de uso comum, como saboneteiras, saboneteiras e copos para escovas de dentes. O design \u00e9 simples e pr\u00e1tico, satisfaz as necessidades funcionais da vida quotidiana e acrescenta efeitos decorativos requintados ao espa\u00e7o de banho.<\/li>\n<\/ul>\n<\/div>\n\n\n\n<div class=\"wp-block-column is-layout-flow wp-block-column-is-layout-flow\">\n<figure class=\"wp-block-image size-full\"><img fetchpriority=\"high\" decoding=\"async\" width=\"737\" height=\"737\" src=\"https:\/\/jinhuaceramic.com\/wp-content\/uploads\/2024\/07\/black-bathroom-set.webp\" alt=\"Conjunto de acess\u00f3rios de casa de banho de fornecimento de f\u00e1brica, Conjunto de banho personalizado com design com nervuras-1\" class=\"wp-image-5419\" srcset=\"https:\/\/jinhuaceramic.com\/wp-content\/uploads\/2024\/07\/black-bathroom-set.webp 737w, https:\/\/jinhuaceramic.com\/wp-content\/uploads\/2024\/07\/black-bathroom-set-300x300.webp 300w, https:\/\/jinhuaceramic.com\/wp-content\/uploads\/2024\/07\/black-bathroom-set-150x150.webp 150w, https:\/\/jinhuaceramic.com\/wp-content\/uploads\/2024\/07\/black-bathroom-set-12x12.webp 12w, https:\/\/jinhuaceramic.com\/wp-content\/uploads\/2024\/07\/black-bathroom-set-285x285.webp 285w, https:\/\/jinhuaceramic.com\/wp-content\/uploads\/2024\/07\/black-bathroom-set-270x270.webp 270w, https:\/\/jinhuaceramic.com\/wp-content\/uploads\/2024\/07\/black-bathroom-set-540x540.webp 540w, https:\/\/jinhuaceramic.com\/wp-content\/uploads\/2024\/07\/black-bathroom-set-660x660.webp 660w\" sizes=\"(max-width: 737px) 100vw, 737px\" \/><\/figure>\n<\/div>\n<\/div>\n\n\n\n<p><\/p>","protected":false},"excerpt":{"rendered":"<p>Bem-vindo ao conjunto de acess\u00f3rios de casa de banho de f\u00e1brica. Este conjunto de banho personalizado com design listrado \u00e9 moderno e \u00fanico, feito de material cer\u00e2mico de alta qualidade, combinando beleza e durabilidade. Apoiar servi\u00e7os personalizados, adequados para compras a granel de hot\u00e9is de luxo e projectos comerciais.<\/p>","protected":false},"featured_media":5418,"comment_status":"closed","ping_status":"closed","template":"","meta":{"_acf_changed":false},"product_brand":[],"product_cat":[51],"product_tag":[74],"class_list":{"0":"post-5415","1":"product","2":"type-product","3":"status-publish","4":"has-post-thumbnail","6":"product_cat-bathroom-accessories-wholesale","7":"product_tag-ceramic-bath-accessories-wholesale","9":"first","10":"instock","11":"shipping-taxable","12":"product-type-simple"},"acf":[],"_links":{"self":[{"href":"https:\/\/jinhuaceramic.com\/pt\/wp-json\/wp\/v2\/product\/5415","targetHints":{"allow":["GET"]}}],"collection":[{"href":"https:\/\/jinhuaceramic.com\/pt\/wp-json\/wp\/v2\/product"}],"about":[{"href":"https:\/\/jinhuaceramic.com\/pt\/wp-json\/wp\/v2\/types\/product"}],"replies":[{"embeddable":true,"href":"https:\/\/jinhuaceramic.com\/pt\/wp-json\/wp\/v2\/comments?post=5415"}],"version-history":[{"count":0,"href":"https:\/\/jinhuaceramic.com\/pt\/wp-json\/wp\/v2\/product\/5415\/revisions"}],"wp:featuredmedia":[{"embeddable":true,"href":"https:\/\/jinhuaceramic.com\/pt\/wp-json\/wp\/v2\/media\/5418"}],"wp:attachment":[{"href":"https:\/\/jinhuaceramic.com\/pt\/wp-json\/wp\/v2\/media?parent=5415"}],"wp:term":[{"taxonomy":"product_brand","embeddable":true,"href":"https:\/\/jinhuaceramic.com\/pt\/wp-json\/wp\/v2\/product_brand?post=5415"},{"taxonomy":"product_cat","embeddable":true,"href":"https:\/\/jinhuaceramic.com\/pt\/wp-json\/wp\/v2\/product_cat?post=5415"},{"taxonomy":"product_tag","embeddable":true,"href":"https:\/\/jinhuaceramic.com\/pt\/wp-json\/wp\/v2\/product_tag?post=5415"}],"curies":[{"name":"wp","href":"https:\/\/api.w.org\/{rel}","templated":true}]}}