{"id":5434,"date":"2024-07-20T08:18:01","date_gmt":"2024-07-20T08:18:01","guid":{"rendered":"https:\/\/jinhuaceramic.com\/?post_type=product&#038;p=5434"},"modified":"2024-09-21T03:42:05","modified_gmt":"2024-09-21T03:42:05","slug":"buy-ceramic-pumpkin-candle-jars-in-bulk","status":"publish","type":"product","link":"https:\/\/jinhuaceramic.com\/pt\/product\/buy-ceramic-pumpkin-candle-jars-in-bulk\/","title":{"rendered":"Comprar frascos de cer\u00e2mica para velas de ab\u00f3bora a granel para fabrico de velas"},"content":{"rendered":"<div class=\"wp-block-columns is-layout-flex wp-container-core-columns-is-layout-9d6595d7 wp-block-columns-is-layout-flex\">\n<div class=\"wp-block-column is-layout-flow wp-block-column-is-layout-flow\">\n<h3 class=\"wp-block-heading\">Frascos de vela de ab\u00f3bora Premium a granel Carater\u00edsticas:<\/h3>\n\n\n\n<ul class=\"wp-block-list\">\n<li><strong>Design \u00fanico: <\/strong>Estes frascos para velas de ab\u00f3bora a granel com tampa apresentam uma forma \u00fanica de ab\u00f3bora. Est\u00e3o dispon\u00edveis em tr\u00eas cores: preto mate, vermelho terracota e branco cremoso cl\u00e1ssico. A haste da tampa do frasco preto \u00e9 primorosamente decorada com ouro, acrescentando um toque de luxo ao seu encanto r\u00fastico.<\/li>\n\n\n\n<li><strong>Material de qualidade superior:<\/strong> Estes frascos para velas de ab\u00f3bora a granel com tampa s\u00e3o feitos de cer\u00e2mica de qualidade alimentar, que \u00e9 resistente ao calor, \u00e0 prova de explos\u00e3o, sem chumbo, n\u00e3o t\u00f3xica, mais segura, mais saud\u00e1vel e reutiliz\u00e1vel do que os frascos de metal.<\/li>\n\n\n\n<li><strong>Utiliza\u00e7\u00e3o vers\u00e1til: <\/strong>Estes frascos de cer\u00e2mica para velas com tampa n\u00e3o s\u00f3 podem ser utilizados para fazer velas, como tamb\u00e9m s\u00e3o perfeitos para armazenar alimentos secos de cozinha, como especiarias, ervas, feij\u00e3o, caf\u00e9, arroz, doces e a\u00e7\u00facar.<\/li>\n\n\n\n<li><strong>Ampla aplicabilidade:<\/strong> Estes designs em massa de frascos de velas em forma de ab\u00f3bora s\u00e3o adequados para v\u00e1rias ocasi\u00f5es e estilos de decora\u00e7\u00e3o, quer se trate de decora\u00e7\u00e3o de casa, decora\u00e7\u00e3o de festas ou locais comerciais, podem mostrar o seu encanto \u00fanico.<\/li>\n<\/ul>\n<\/div>\n\n\n\n<div class=\"wp-block-column is-layout-flow wp-block-column-is-layout-flow\">\n<figure class=\"wp-block-image size-full\"><img fetchpriority=\"high\" decoding=\"async\" width=\"800\" height=\"800\" src=\"https:\/\/jinhuaceramic.com\/wp-content\/uploads\/2024\/07\/candle-jar-with-lid-1.webp\" alt=\"Frascos de cer\u00e2mica para velas de ab\u00f3bora em saco com tampa para fazer velas\" class=\"wp-image-5439\" srcset=\"https:\/\/jinhuaceramic.com\/wp-content\/uploads\/2024\/07\/candle-jar-with-lid-1.webp 800w, https:\/\/jinhuaceramic.com\/wp-content\/uploads\/2024\/07\/candle-jar-with-lid-1-300x300.webp 300w, https:\/\/jinhuaceramic.com\/wp-content\/uploads\/2024\/07\/candle-jar-with-lid-1-150x150.webp 150w, https:\/\/jinhuaceramic.com\/wp-content\/uploads\/2024\/07\/candle-jar-with-lid-1-768x768.webp 768w, https:\/\/jinhuaceramic.com\/wp-content\/uploads\/2024\/07\/candle-jar-with-lid-1-12x12.webp 12w, https:\/\/jinhuaceramic.com\/wp-content\/uploads\/2024\/07\/candle-jar-with-lid-1-285x285.webp 285w, https:\/\/jinhuaceramic.com\/wp-content\/uploads\/2024\/07\/candle-jar-with-lid-1-270x270.webp 270w, https:\/\/jinhuaceramic.com\/wp-content\/uploads\/2024\/07\/candle-jar-with-lid-1-540x540.webp 540w, https:\/\/jinhuaceramic.com\/wp-content\/uploads\/2024\/07\/candle-jar-with-lid-1-660x660.webp 660w\" sizes=\"(max-width: 800px) 100vw, 800px\" \/><\/figure>\n<\/div>\n<\/div>","protected":false},"excerpt":{"rendered":"<p>Estes frascos de cer\u00e2mica para velas em forma de ab\u00f3bora a granel s\u00e3o populares devido ao seu design \u00fanico em forma de ab\u00f3bora, \u00e0 sua estrutura cer\u00e2mica robusta e \u00e0 sua versatilidade. Combinando praticidade e beleza, estes frascos para velas podem ser utilizados como decora\u00e7\u00e3o para muitas ocasi\u00f5es, em casa ou em ambientes comerciais. \u00c9 uma \u00f3ptima escolha para fazer velas.<\/p>","protected":false},"featured_media":5441,"comment_status":"closed","ping_status":"closed","template":"","meta":{"_acf_changed":false},"product_brand":[],"product_cat":[52],"product_tag":[67,66],"class_list":{"0":"post-5434","1":"product","2":"type-product","3":"status-publish","4":"has-post-thumbnail","6":"product_cat-wholesale-candle-containers","7":"product_tag-bulk-candle-jars-with-lids","8":"product_tag-candle-jars-wholesale","10":"first","11":"instock","12":"shipping-taxable","13":"product-type-simple"},"acf":[],"_links":{"self":[{"href":"https:\/\/jinhuaceramic.com\/pt\/wp-json\/wp\/v2\/product\/5434","targetHints":{"allow":["GET"]}}],"collection":[{"href":"https:\/\/jinhuaceramic.com\/pt\/wp-json\/wp\/v2\/product"}],"about":[{"href":"https:\/\/jinhuaceramic.com\/pt\/wp-json\/wp\/v2\/types\/product"}],"replies":[{"embeddable":true,"href":"https:\/\/jinhuaceramic.com\/pt\/wp-json\/wp\/v2\/comments?post=5434"}],"version-history":[{"count":0,"href":"https:\/\/jinhuaceramic.com\/pt\/wp-json\/wp\/v2\/product\/5434\/revisions"}],"wp:featuredmedia":[{"embeddable":true,"href":"https:\/\/jinhuaceramic.com\/pt\/wp-json\/wp\/v2\/media\/5441"}],"wp:attachment":[{"href":"https:\/\/jinhuaceramic.com\/pt\/wp-json\/wp\/v2\/media?parent=5434"}],"wp:term":[{"taxonomy":"product_brand","embeddable":true,"href":"https:\/\/jinhuaceramic.com\/pt\/wp-json\/wp\/v2\/product_brand?post=5434"},{"taxonomy":"product_cat","embeddable":true,"href":"https:\/\/jinhuaceramic.com\/pt\/wp-json\/wp\/v2\/product_cat?post=5434"},{"taxonomy":"product_tag","embeddable":true,"href":"https:\/\/jinhuaceramic.com\/pt\/wp-json\/wp\/v2\/product_tag?post=5434"}],"curies":[{"name":"wp","href":"https:\/\/api.w.org\/{rel}","templated":true}]}}