{"id":5470,"date":"2024-07-24T10:38:12","date_gmt":"2024-07-24T10:38:12","guid":{"rendered":"https:\/\/jinhuaceramic.com\/?post_type=product&#038;p=5470"},"modified":"2025-01-16T06:25:49","modified_gmt":"2025-01-16T06:25:49","slug":"divided-ceramic-plates-wholesale","status":"publish","type":"product","link":"https:\/\/jinhuaceramic.com\/pt\/product\/divided-ceramic-plates-wholesale\/","title":{"rendered":"Placas de cer\u00e2mica divididas por atacado, placas de cer\u00e2mica branca a granel"},"content":{"rendered":"<div class=\"wp-block-columns is-layout-flex wp-container-core-columns-is-layout-9d6595d7 wp-block-columns-is-layout-flex\">\n<div class=\"wp-block-column is-layout-flow wp-block-column-is-layout-flow\">\n<h3 class=\"wp-block-heading\">Placas de cer\u00e2mica Premium Carater\u00edsticas por atacado:<\/h3>\n\n\n\n<ul class=\"wp-block-list\">\n<li><strong>Design cl\u00e1ssico em cer\u00e2mica branca, vers\u00e1til e pr\u00e1tico: <\/strong>Os nossos pratos de cer\u00e2mica por atacado adoptam um design branco cl\u00e1ssico, simples e elegante, que pode ser facilmente combinado com v\u00e1rios utens\u00edlios de mesa e estilos de cozinha. \u00c9 adequado para refei\u00e7\u00f5es di\u00e1rias em fam\u00edlia, ocasi\u00f5es formais ou restaurantes.<\/li>\n\n\n\n<li><strong>Design multi-compartimentos, categorizando os alimentos para maior comodidade:<\/strong> Estas placas de cer\u00e2mica branca a granel s\u00e3o concebidas com 2 \u00e1reas divis\u00f3rias, especialmente adequadas para que diferentes alimentos sejam servidos separadamente, mantendo o sabor original dos alimentos, evitando misturar sabores, e s\u00e3o especialmente adequadas para reuni\u00f5es familiares com v\u00e1rios pratos ou catering de restaurantes.<\/li>\n\n\n\n<li><strong>Alta qualidade e n\u00e3o t\u00f3xico: <\/strong>Estes pratos de cer\u00e2mica por atacado s\u00e3o feitos de cer\u00e2mica de alta qualidade, que s\u00e3o saud\u00e1veis e sem chumbo, sem t\u00f3xicos no interior. A utiliza\u00e7\u00e3o segura pode ser assegurada sob altas temperaturas para garantir a sa\u00fade e a seguran\u00e7a dos alimentos. Este produto \u00e9 adequado para fornos de micro-ondas, fornos e m\u00e1quinas de lavar lou\u00e7a.<\/li>\n\n\n\n<li><strong>Dur\u00e1vel e f\u00e1cil de limpar: <\/strong>Estas placas de cer\u00e2mica branca a granel t\u00eam um corpo suave e macio, s\u00e3o extremamente dur\u00e1veis. Anti-risco e desgaste, e \u00e9 f\u00e1cil de limpar depois de os utilizar, quer os lave \u00e0 m\u00e3o ou os coloque na m\u00e1quina de lavar lou\u00e7a. Pode ser limpo rapidamente, o que \u00e9 conveniente para a manuten\u00e7\u00e3o di\u00e1ria.<\/li>\n<\/ul>\n<\/div>\n\n\n\n<div class=\"wp-block-column is-layout-flow wp-block-column-is-layout-flow\">\n<figure class=\"wp-block-image size-full\"><img fetchpriority=\"high\" decoding=\"async\" width=\"640\" height=\"640\" src=\"https:\/\/jinhuaceramic.com\/wp-content\/uploads\/2024\/07\/Serving-Tray.webp\" alt=\"pratos r\u00fasticos de cer\u00e2mica dividida - venda por grosso - para servir petiscos\" class=\"wp-image-5473\" srcset=\"https:\/\/jinhuaceramic.com\/wp-content\/uploads\/2024\/07\/Serving-Tray.webp 640w, https:\/\/jinhuaceramic.com\/wp-content\/uploads\/2024\/07\/Serving-Tray-300x300.webp 300w, https:\/\/jinhuaceramic.com\/wp-content\/uploads\/2024\/07\/Serving-Tray-150x150.webp 150w, https:\/\/jinhuaceramic.com\/wp-content\/uploads\/2024\/07\/Serving-Tray-12x12.webp 12w, https:\/\/jinhuaceramic.com\/wp-content\/uploads\/2024\/07\/Serving-Tray-285x285.webp 285w, https:\/\/jinhuaceramic.com\/wp-content\/uploads\/2024\/07\/Serving-Tray-270x270.webp 270w, https:\/\/jinhuaceramic.com\/wp-content\/uploads\/2024\/07\/Serving-Tray-540x540.webp 540w\" sizes=\"(max-width: 640px) 100vw, 640px\" \/><\/figure>\n<\/div>\n<\/div>","protected":false},"excerpt":{"rendered":"<p>Bem-vindo \u00e0 compra de pratos de cer\u00e2mica branca a granel. Os nossos pratos de cer\u00e2mica por grosso, com o seu design simples e elegante e fun\u00e7\u00e3o de parti\u00e7\u00e3o pr\u00e1tica, s\u00e3o adequados para classificar e guardar diferentes alimentos. Feito de cer\u00e2mica n\u00e3o t\u00f3xica de alta qualidade, \u00e9 adequado para uma variedade de equipamentos de cozinha, dur\u00e1vel e f\u00e1cil de limpar, e \u00e9 uma escolha ideal para refei\u00e7\u00f5es em casa e no restaurante.<\/p>","protected":false},"featured_media":5471,"comment_status":"closed","ping_status":"closed","template":"","meta":{"_acf_changed":false},"product_brand":[],"product_cat":[54,84],"product_tag":[77],"class_list":{"0":"post-5470","1":"product","2":"type-product","3":"status-publish","4":"has-post-thumbnail","6":"product_cat-tableware-wholesale","7":"product_cat-wholesale-ceramic-plates","8":"product_tag-bulk-serving-platters","10":"first","11":"instock","12":"shipping-taxable","13":"product-type-simple"},"acf":[],"_links":{"self":[{"href":"https:\/\/jinhuaceramic.com\/pt\/wp-json\/wp\/v2\/product\/5470","targetHints":{"allow":["GET"]}}],"collection":[{"href":"https:\/\/jinhuaceramic.com\/pt\/wp-json\/wp\/v2\/product"}],"about":[{"href":"https:\/\/jinhuaceramic.com\/pt\/wp-json\/wp\/v2\/types\/product"}],"replies":[{"embeddable":true,"href":"https:\/\/jinhuaceramic.com\/pt\/wp-json\/wp\/v2\/comments?post=5470"}],"version-history":[{"count":0,"href":"https:\/\/jinhuaceramic.com\/pt\/wp-json\/wp\/v2\/product\/5470\/revisions"}],"wp:featuredmedia":[{"embeddable":true,"href":"https:\/\/jinhuaceramic.com\/pt\/wp-json\/wp\/v2\/media\/5471"}],"wp:attachment":[{"href":"https:\/\/jinhuaceramic.com\/pt\/wp-json\/wp\/v2\/media?parent=5470"}],"wp:term":[{"taxonomy":"product_brand","embeddable":true,"href":"https:\/\/jinhuaceramic.com\/pt\/wp-json\/wp\/v2\/product_brand?post=5470"},{"taxonomy":"product_cat","embeddable":true,"href":"https:\/\/jinhuaceramic.com\/pt\/wp-json\/wp\/v2\/product_cat?post=5470"},{"taxonomy":"product_tag","embeddable":true,"href":"https:\/\/jinhuaceramic.com\/pt\/wp-json\/wp\/v2\/product_tag?post=5470"}],"curies":[{"name":"wp","href":"https:\/\/api.w.org\/{rel}","templated":true}]}}