{"id":5478,"date":"2024-07-24T10:54:57","date_gmt":"2024-07-24T10:54:57","guid":{"rendered":"https:\/\/jinhuaceramic.com\/?post_type=product&#038;p=5478"},"modified":"2024-11-05T03:57:16","modified_gmt":"2024-11-05T03:57:16","slug":"stylish-wholesale-ceramic-soap-holders","status":"publish","type":"product","link":"https:\/\/jinhuaceramic.com\/pt\/product\/stylish-wholesale-ceramic-soap-holders\/","title":{"rendered":"Porta-sabonetes de cer\u00e2mica por atacado com estilo, saboneteiras a granel com suportes"},"content":{"rendered":"<div class=\"wp-block-columns is-layout-flex wp-container-core-columns-is-layout-9d6595d7 wp-block-columns-is-layout-flex\">\n<div class=\"wp-block-column is-layout-flow wp-block-column-is-layout-flow\">\n<h3 class=\"wp-block-heading\">Porta-sabonetes de cer\u00e2mica Premium Wholesale Carater\u00edsticas:<\/h3>\n\n\n\n<ul class=\"wp-block-list\">\n<li><strong>Design inovador, forma \u00fanica: <\/strong>Estes porta-sabonetes de cer\u00e2mica por atacado adoptam designs inovadores e estruturas de suporte \u00fanicas, acrescentando moda e funcionalidade \u00e0 saboneteira tradicional. O seu aspeto moderno \u00e9 adequado para v\u00e1rios estilos de casa de banho e melhora o efeito geral da decora\u00e7\u00e3o.<\/li>\n\n\n\n<li><strong>Cores ricas para satisfazer necessidades personalizadas: <\/strong>Estas saboneteiras a granel est\u00e3o dispon\u00edveis em v\u00e1rias cores, e os utilizadores podem escolher de acordo com o estilo tem\u00e1tico de diferentes casas de banho ou marcas. Do branco cl\u00e1ssico \u00e0s cores escuras modernas, pode facilmente combinar com v\u00e1rios estilos de decora\u00e7\u00e3o.<\/li>\n\n\n\n<li><strong>A cer\u00e2mica dur\u00e1vel \u00e9 resistente e f\u00e1cil de limpar: <\/strong>Compre porta-sabonetes de cer\u00e2mica por grosso feitos de cer\u00e2mica de alta qualidade para garantir a durabilidade de uma saboneteira e n\u00e3o permitir o aparecimento de manchas. O material \u00e9 liso, f\u00e1cil de limpar e brilhante durante bastante tempo, o que \u00e9 muito adequado para o uso di\u00e1rio em casas de banho dom\u00e9sticas ou de hotel.<\/li>\n\n\n\n<li><strong>Pr\u00e1tico e bonito: <\/strong>Estas saboneteiras a granel n\u00e3o s\u00e3o apenas bonitas, mas tamb\u00e9m mant\u00eam o sab\u00e3o seco e prolongam a sua vida \u00fatil. A combina\u00e7\u00e3o da sua funcionalidade e apar\u00eancia elegante faz com que seja um acess\u00f3rio de casa de banho que \u00e9 simultaneamente pr\u00e1tico e decorativo, sendo muito apreciado pelos utilizadores.<\/li>\n<\/ul>\n<\/div>\n\n\n\n<div class=\"wp-block-column is-layout-flow wp-block-column-is-layout-flow\">\n<figure class=\"wp-block-image size-full\"><img fetchpriority=\"high\" decoding=\"async\" width=\"800\" height=\"800\" src=\"https:\/\/jinhuaceramic.com\/wp-content\/uploads\/2024\/07\/ceramic-soap-holder.webp\" alt=\"Porta-sabonetes de cer\u00e2mica por atacado, pratos de sab\u00e3o a granel com suportes-5\" class=\"wp-image-5480\" srcset=\"https:\/\/jinhuaceramic.com\/wp-content\/uploads\/2024\/07\/ceramic-soap-holder.webp 800w, https:\/\/jinhuaceramic.com\/wp-content\/uploads\/2024\/07\/ceramic-soap-holder-300x300.webp 300w, https:\/\/jinhuaceramic.com\/wp-content\/uploads\/2024\/07\/ceramic-soap-holder-150x150.webp 150w, https:\/\/jinhuaceramic.com\/wp-content\/uploads\/2024\/07\/ceramic-soap-holder-768x768.webp 768w, https:\/\/jinhuaceramic.com\/wp-content\/uploads\/2024\/07\/ceramic-soap-holder-12x12.webp 12w, https:\/\/jinhuaceramic.com\/wp-content\/uploads\/2024\/07\/ceramic-soap-holder-285x285.webp 285w, https:\/\/jinhuaceramic.com\/wp-content\/uploads\/2024\/07\/ceramic-soap-holder-270x270.webp 270w, https:\/\/jinhuaceramic.com\/wp-content\/uploads\/2024\/07\/ceramic-soap-holder-540x540.webp 540w, https:\/\/jinhuaceramic.com\/wp-content\/uploads\/2024\/07\/ceramic-soap-holder-660x660.webp 660w\" sizes=\"(max-width: 800px) 100vw, 800px\" \/><\/figure>\n<\/div>\n<\/div>\n\n\n\n<p><\/p>","protected":false},"excerpt":{"rendered":"<p>Bem-vindo \u00e0 compra de saboneteiras a granel. Os nossos elegantes porta-sabonetes de cer\u00e2mica por atacado t\u00eam uma forma \u00fanica e s\u00e3o pr\u00e1ticos. Dispon\u00edvel em v\u00e1rias cores para se adequar ao estilo de diferentes casas de banho, \u00e9 de material cer\u00e2mico de alta qualidade para durabilidade e f\u00e1cil limpeza, portanto, uma boa sele\u00e7\u00e3o entre casas e hot\u00e9is para acess\u00f3rios de casa de banho.<\/p>","protected":false},"featured_media":5483,"comment_status":"closed","ping_status":"closed","template":"","meta":{"_acf_changed":false},"product_brand":[],"product_cat":[51],"product_tag":[72],"class_list":{"0":"post-5478","1":"product","2":"type-product","3":"status-publish","4":"has-post-thumbnail","6":"product_cat-bathroom-accessories-wholesale","7":"product_tag-wholesale-soap-dishes","9":"first","10":"instock","11":"shipping-taxable","12":"product-type-simple"},"acf":[],"_links":{"self":[{"href":"https:\/\/jinhuaceramic.com\/pt\/wp-json\/wp\/v2\/product\/5478","targetHints":{"allow":["GET"]}}],"collection":[{"href":"https:\/\/jinhuaceramic.com\/pt\/wp-json\/wp\/v2\/product"}],"about":[{"href":"https:\/\/jinhuaceramic.com\/pt\/wp-json\/wp\/v2\/types\/product"}],"replies":[{"embeddable":true,"href":"https:\/\/jinhuaceramic.com\/pt\/wp-json\/wp\/v2\/comments?post=5478"}],"version-history":[{"count":0,"href":"https:\/\/jinhuaceramic.com\/pt\/wp-json\/wp\/v2\/product\/5478\/revisions"}],"wp:featuredmedia":[{"embeddable":true,"href":"https:\/\/jinhuaceramic.com\/pt\/wp-json\/wp\/v2\/media\/5483"}],"wp:attachment":[{"href":"https:\/\/jinhuaceramic.com\/pt\/wp-json\/wp\/v2\/media?parent=5478"}],"wp:term":[{"taxonomy":"product_brand","embeddable":true,"href":"https:\/\/jinhuaceramic.com\/pt\/wp-json\/wp\/v2\/product_brand?post=5478"},{"taxonomy":"product_cat","embeddable":true,"href":"https:\/\/jinhuaceramic.com\/pt\/wp-json\/wp\/v2\/product_cat?post=5478"},{"taxonomy":"product_tag","embeddable":true,"href":"https:\/\/jinhuaceramic.com\/pt\/wp-json\/wp\/v2\/product_tag?post=5478"}],"curies":[{"name":"wp","href":"https:\/\/api.w.org\/{rel}","templated":true}]}}