{"id":5487,"date":"2024-07-24T10:49:22","date_gmt":"2024-07-24T10:49:22","guid":{"rendered":"https:\/\/jinhuaceramic.com\/?post_type=product&#038;p=5487"},"modified":"2024-11-07T10:12:11","modified_gmt":"2024-11-07T10:12:11","slug":"ceramic-incense-holder-wholesale","status":"publish","type":"product","link":"https:\/\/jinhuaceramic.com\/pt\/product\/ceramic-incense-holder-wholesale\/","title":{"rendered":"Porta-incenso de cer\u00e2mica por atacado, tigelas de espanta-espuma, porta-palo Santo"},"content":{"rendered":"<div class=\"wp-block-columns is-layout-flex wp-container-core-columns-is-layout-9d6595d7 wp-block-columns-is-layout-flex\">\n<div class=\"wp-block-column is-layout-flow wp-block-column-is-layout-flow\">\n<h3 class=\"wp-block-heading\">Pr\u00e9mio&nbsp;<a href=\"https:\/\/jinhuaceramic.com\/pt\/ceramic-incense-holder-and-sage-holder\/\">Porta-incenso de cer\u00e2mica por atacado<\/a> Carater\u00edsticas:<\/h3>\n\n\n\n<ul class=\"wp-block-list\">\n<li><strong>Design apelativo: <\/strong>Este porta-incenso de cer\u00e2mica por atacado tem um branco puro com padr\u00f5es salpicados de pontos pretos, acrescentando um toque de modernidade e eleg\u00e2ncia para chamar a aten\u00e7\u00e3o em qualquer ambiente.<\/li>\n\n\n\n<li><strong>Multifuncional:<\/strong> Estas ta\u00e7as de incenso e suportes de palo santo s\u00e3o fabricados numa forma \u00fanica e multifuncional. Tendo um aumento cil\u00edndrico no meio com uma sec\u00e7\u00e3o central oca, pode conter v\u00e1rios produtos de aromaterapia como paus de incenso, paus de palo santo, ou mesmo feixes de salva.<\/li>\n\n\n\n<li><strong>Material duradouro:<\/strong> Fabricado a partir de materiais dur\u00e1veis, este porta-incenso de cer\u00e2mica por atacado \u00e9 feito com cer\u00e2mica resistente ao calor, ecol\u00f3gica e n\u00e3o t\u00f3xica, que \u00e9 bastante segura para segurar paus de aromaterapia.<\/li>\n\n\n\n<li><strong>Apanhador de cinzas eficiente: <\/strong>As nossas ta\u00e7as para borrar por atacado t\u00eam uma base larga, assegurando que todas as cinzas dos paus de aromaterapia que ardem cair\u00e3o no suporte e n\u00e3o far\u00e3o sujidade; isto assegura que se pode limpar f\u00e1cil e rapidamente ap\u00f3s a utiliza\u00e7\u00e3o.<\/li>\n<\/ul>\n<\/div>\n\n\n\n<div class=\"wp-block-column is-layout-flow wp-block-column-is-layout-flow\">\n<figure class=\"wp-block-image size-full\"><img fetchpriority=\"high\" decoding=\"async\" width=\"1500\" height=\"1500\" src=\"https:\/\/jinhuaceramic.com\/wp-content\/uploads\/2024\/07\/Sage-Incense-Holder.webp\" alt=\"porta-incensos-em-cer\u00e2mica-\u00e0-venda-por-sangue-ou-bundle-smudge\" class=\"wp-image-5492\" srcset=\"https:\/\/jinhuaceramic.com\/wp-content\/uploads\/2024\/07\/Sage-Incense-Holder.webp 1500w, https:\/\/jinhuaceramic.com\/wp-content\/uploads\/2024\/07\/Sage-Incense-Holder-300x300.webp 300w, https:\/\/jinhuaceramic.com\/wp-content\/uploads\/2024\/07\/Sage-Incense-Holder-150x150.webp 150w, https:\/\/jinhuaceramic.com\/wp-content\/uploads\/2024\/07\/Sage-Incense-Holder-768x768.webp 768w, https:\/\/jinhuaceramic.com\/wp-content\/uploads\/2024\/07\/Sage-Incense-Holder-12x12.webp 12w, https:\/\/jinhuaceramic.com\/wp-content\/uploads\/2024\/07\/Sage-Incense-Holder-285x285.webp 285w, https:\/\/jinhuaceramic.com\/wp-content\/uploads\/2024\/07\/Sage-Incense-Holder-270x270.webp 270w, https:\/\/jinhuaceramic.com\/wp-content\/uploads\/2024\/07\/Sage-Incense-Holder-540x540.webp 540w, https:\/\/jinhuaceramic.com\/wp-content\/uploads\/2024\/07\/Sage-Incense-Holder-660x660.webp 660w\" sizes=\"(max-width: 1500px) 100vw, 1500px\" \/><\/figure>\n<\/div>\n<\/div>","protected":false},"excerpt":{"rendered":"<p>Bem-vindo \u00e0 compra de porta-incensos por grosso, tigelas de esfregar por grosso e porta-palitos por grosso. Este porta-incenso de cer\u00e2mica por atacado \u00e9 de apar\u00eancia impressionante, de constru\u00e7\u00e3o s\u00f3lida, vers\u00e1til e de design atencioso para guardar incenso, palo santos ou mesmo feixes de s\u00e1lvia. A combina\u00e7\u00e3o de beleza e funcionalidade torna-o a primeira escolha dos clientes.<\/p>","protected":false},"featured_media":5490,"comment_status":"closed","ping_status":"closed","template":"","meta":{"_acf_changed":false},"product_brand":[],"product_cat":[52],"product_tag":[68],"class_list":{"0":"post-5487","1":"product","2":"type-product","3":"status-publish","4":"has-post-thumbnail","6":"product_cat-wholesale-candle-containers","7":"product_tag-ceramic-candlesticks-bulk","9":"first","10":"instock","11":"shipping-taxable","12":"product-type-simple"},"acf":[],"_links":{"self":[{"href":"https:\/\/jinhuaceramic.com\/pt\/wp-json\/wp\/v2\/product\/5487","targetHints":{"allow":["GET"]}}],"collection":[{"href":"https:\/\/jinhuaceramic.com\/pt\/wp-json\/wp\/v2\/product"}],"about":[{"href":"https:\/\/jinhuaceramic.com\/pt\/wp-json\/wp\/v2\/types\/product"}],"replies":[{"embeddable":true,"href":"https:\/\/jinhuaceramic.com\/pt\/wp-json\/wp\/v2\/comments?post=5487"}],"version-history":[{"count":0,"href":"https:\/\/jinhuaceramic.com\/pt\/wp-json\/wp\/v2\/product\/5487\/revisions"}],"wp:featuredmedia":[{"embeddable":true,"href":"https:\/\/jinhuaceramic.com\/pt\/wp-json\/wp\/v2\/media\/5490"}],"wp:attachment":[{"href":"https:\/\/jinhuaceramic.com\/pt\/wp-json\/wp\/v2\/media?parent=5487"}],"wp:term":[{"taxonomy":"product_brand","embeddable":true,"href":"https:\/\/jinhuaceramic.com\/pt\/wp-json\/wp\/v2\/product_brand?post=5487"},{"taxonomy":"product_cat","embeddable":true,"href":"https:\/\/jinhuaceramic.com\/pt\/wp-json\/wp\/v2\/product_cat?post=5487"},{"taxonomy":"product_tag","embeddable":true,"href":"https:\/\/jinhuaceramic.com\/pt\/wp-json\/wp\/v2\/product_tag?post=5487"}],"curies":[{"name":"wp","href":"https:\/\/api.w.org\/{rel}","templated":true}]}}