{"id":5506,"date":"2024-07-26T01:56:20","date_gmt":"2024-07-26T01:56:20","guid":{"rendered":"https:\/\/jinhuaceramic.com\/?post_type=product&#038;p=5506"},"modified":"2025-03-10T08:47:09","modified_gmt":"2025-03-10T08:47:09","slug":"non-stick-wholesale-baking-pans","status":"publish","type":"product","link":"https:\/\/jinhuaceramic.com\/pt\/product\/non-stick-wholesale-baking-pans\/","title":{"rendered":"Comprar panelas antiaderentes por atacado, panelas de cer\u00e2mica"},"content":{"rendered":"<div class=\"wp-block-columns is-layout-flex wp-container-core-columns-is-layout-9d6595d7 wp-block-columns-is-layout-flex\">\n<div class=\"wp-block-column is-layout-flow wp-block-column-is-layout-flow\">\n<h3 class=\"wp-block-heading\">Panelas de cer\u00e2mica premium por atacado Carater\u00edsticas:<\/h3>\n\n\n\n<ul class=\"wp-block-list\">\n<li><strong>Apelo est\u00e9tico:<\/strong> Estas assadeiras para venda por grosso apresentam um design retangular cl\u00e1ssico num gradiente de cinzento claro. O exterior das assadeiras tamb\u00e9m tem um padr\u00e3o horizontal com nervuras que acrescenta um toque de sofistica\u00e7\u00e3o. O efeito gradiente e o padr\u00e3o estriado real\u00e7am a est\u00e9tica das assadeiras.<\/li>\n\n\n\n<li><strong>Material de alta qualidade: <\/strong>Estes conjuntos de assadeiras por atacado s\u00e3o fabricados com argila cer\u00e2mica de alta qualidade, garantindo durabilidade e distribui\u00e7\u00e3o uniforme do calor para obter sempre resultados de cozedura perfeitos. Estas assadeiras podem ir ao forno, ao micro-ondas, ao congelador e \u00e0 m\u00e1quina de lavar lou\u00e7a.<\/li>\n\n\n\n<li><strong>Utiliza\u00e7\u00e3o vers\u00e1til:<\/strong> Estes tabuleiros para cozer por atacado est\u00e3o dispon\u00edveis em dois tamanhos, sendo o prato grande para por\u00e7\u00f5es maiores e o prato pequeno perfeito para acompanhamentos ou por\u00e7\u00f5es mais pequenas. Ambos os pratos s\u00e3o concebidos com uma profundidade ampla para evitar derrames, tornando-os ideais para uma variedade de necessidades de cozedura.<\/li>\n\n\n\n<li><strong>Pegas empilh\u00e1veis e pr\u00e1ticas:<\/strong> Estes conjuntos de assadeiras podem ser empilhados em grandes quantidades para poupar espa\u00e7o no arm\u00e1rio. As assadeiras t\u00eam duas pegas para um manuseamento f\u00e1cil, facilitando a transfer\u00eancia de produtos cozinhados diretamente do forno para a mesa para serem servidos.<\/li>\n<\/ul>\n<\/div>\n\n\n\n<div class=\"wp-block-column is-layout-flow wp-block-column-is-layout-flow\">\n<figure class=\"wp-block-image size-full\"><img fetchpriority=\"high\" decoding=\"async\" width=\"1000\" height=\"1000\" src=\"https:\/\/jinhuaceramic.com\/wp-content\/uploads\/2024\/07\/ceramic-bakeware-3.webp\" alt=\"comprar-formas-de-cozinhar-n\u00e3o-aderentes-em-granel-cer\u00e2mica\" class=\"wp-image-5511\" srcset=\"https:\/\/jinhuaceramic.com\/wp-content\/uploads\/2024\/07\/ceramic-bakeware-3.webp 1000w, https:\/\/jinhuaceramic.com\/wp-content\/uploads\/2024\/07\/ceramic-bakeware-3-300x300.webp 300w, https:\/\/jinhuaceramic.com\/wp-content\/uploads\/2024\/07\/ceramic-bakeware-3-150x150.webp 150w, https:\/\/jinhuaceramic.com\/wp-content\/uploads\/2024\/07\/ceramic-bakeware-3-768x768.webp 768w, https:\/\/jinhuaceramic.com\/wp-content\/uploads\/2024\/07\/ceramic-bakeware-3-12x12.webp 12w, https:\/\/jinhuaceramic.com\/wp-content\/uploads\/2024\/07\/ceramic-bakeware-3-285x285.webp 285w, https:\/\/jinhuaceramic.com\/wp-content\/uploads\/2024\/07\/ceramic-bakeware-3-270x270.webp 270w, https:\/\/jinhuaceramic.com\/wp-content\/uploads\/2024\/07\/ceramic-bakeware-3-540x540.webp 540w, https:\/\/jinhuaceramic.com\/wp-content\/uploads\/2024\/07\/ceramic-bakeware-3-660x660.webp 660w\" sizes=\"(max-width: 1000px) 100vw, 1000px\" \/><\/figure>\n<\/div>\n<\/div>","protected":false},"excerpt":{"rendered":"<p>Estas formas de cer\u00e2mica s\u00e3o populares devido ao seu design elegante, constru\u00e7\u00e3o em cer\u00e2mica dur\u00e1vel e versatilidade. Estas formas com pegas s\u00e3o elegantes e pr\u00e1ticas, e s\u00e3o adequadas para uma variedade de ocasi\u00f5es, quer seja para uso di\u00e1rio em casa ou para receber convidados.<\/p>","protected":false},"featured_media":5512,"comment_status":"closed","ping_status":"closed","template":"","meta":{"_acf_changed":false},"product_brand":[],"product_cat":[53],"product_tag":[71],"class_list":{"0":"post-5506","1":"product","2":"type-product","3":"status-publish","4":"has-post-thumbnail","6":"product_cat-bakeware-in-bulk","7":"product_tag-wholesale-baking-pans","9":"first","10":"instock","11":"shipping-taxable","12":"product-type-simple"},"acf":[],"_links":{"self":[{"href":"https:\/\/jinhuaceramic.com\/pt\/wp-json\/wp\/v2\/product\/5506","targetHints":{"allow":["GET"]}}],"collection":[{"href":"https:\/\/jinhuaceramic.com\/pt\/wp-json\/wp\/v2\/product"}],"about":[{"href":"https:\/\/jinhuaceramic.com\/pt\/wp-json\/wp\/v2\/types\/product"}],"replies":[{"embeddable":true,"href":"https:\/\/jinhuaceramic.com\/pt\/wp-json\/wp\/v2\/comments?post=5506"}],"version-history":[{"count":0,"href":"https:\/\/jinhuaceramic.com\/pt\/wp-json\/wp\/v2\/product\/5506\/revisions"}],"wp:featuredmedia":[{"embeddable":true,"href":"https:\/\/jinhuaceramic.com\/pt\/wp-json\/wp\/v2\/media\/5512"}],"wp:attachment":[{"href":"https:\/\/jinhuaceramic.com\/pt\/wp-json\/wp\/v2\/media?parent=5506"}],"wp:term":[{"taxonomy":"product_brand","embeddable":true,"href":"https:\/\/jinhuaceramic.com\/pt\/wp-json\/wp\/v2\/product_brand?post=5506"},{"taxonomy":"product_cat","embeddable":true,"href":"https:\/\/jinhuaceramic.com\/pt\/wp-json\/wp\/v2\/product_cat?post=5506"},{"taxonomy":"product_tag","embeddable":true,"href":"https:\/\/jinhuaceramic.com\/pt\/wp-json\/wp\/v2\/product_tag?post=5506"}],"curies":[{"name":"wp","href":"https:\/\/api.w.org\/{rel}","templated":true}]}}