{"id":5518,"date":"2024-07-26T10:12:02","date_gmt":"2024-07-26T10:12:02","guid":{"rendered":"https:\/\/jinhuaceramic.com\/?post_type=product&#038;p=5518"},"modified":"2024-11-05T03:52:15","modified_gmt":"2024-11-05T03:52:15","slug":"wholesale-ceramic-bathroom-set","status":"publish","type":"product","link":"https:\/\/jinhuaceramic.com\/pt\/product\/wholesale-ceramic-bathroom-set\/","title":{"rendered":"Conjunto de casa de banho em cer\u00e2mica por atacado, acess\u00f3rios de banho personalizados para hotel"},"content":{"rendered":"<div class=\"wp-block-columns is-layout-flex wp-container-core-columns-is-layout-9d6595d7 wp-block-columns-is-layout-flex\">\n<div class=\"wp-block-column is-layout-flow wp-block-column-is-layout-flow\">\n<h3 class=\"wp-block-heading\">Conjunto de casa de banho em cer\u00e2mica Premium Wholesale Carater\u00edsticas:<\/h3>\n\n\n\n<ul class=\"wp-block-list\">\n<li><strong>Branco puro e cor de ouro:<\/strong> Este conjunto de casa de banho em cer\u00e2mica para venda por grosso \u00e9 branco, mas com a eleg\u00e2ncia que emana da decora\u00e7\u00e3o dourada. Oferece um efeito visual cl\u00e1ssico e nobre, muito adequado para a casa de banho requintada de um hotel de luxo.<\/li>\n\n\n\n<li><strong>Material cer\u00e2mico de alta qualidade, garantindo a qualidade: <\/strong>Este conjunto de acess\u00f3rios de banho personalizados \u00e9 feito de materiais cer\u00e2micos de alta qualidade. A superf\u00edcie \u00e9 lisa e delicada, n\u00e3o se risca facilmente e \u00e9 bastante dur\u00e1vel. Para al\u00e9m disso, \u00e9 f\u00e1cil de limpar e fica brilhante como novo mesmo ap\u00f3s uma utiliza\u00e7\u00e3o prolongada.<\/li>\n\n\n\n<li><strong>Servi\u00e7o personalizado para as necessidades das marcas hoteleiras:<\/strong> O nosso conjunto de casa de banho em cer\u00e2mica por atacado suporta servi\u00e7os personalizados. De acordo com o estilo da marca, os clientes podem escolher cores e op\u00e7\u00f5es de log\u00f3tipo entre outros elementos de design para criar acess\u00f3rios de casa de banho exclusivos.<\/li>\n\n\n\n<li><strong>Pr\u00e1tico e funcional: <\/strong>O nosso conjunto personalizado de acess\u00f3rios de banho inclui acess\u00f3rios comuns na vida quotidiana, como saboneteiras, saboneteiras, copos para escovas de dentes, etc. O resultado \u00e9 totalmente funcional e pr\u00e1tico. Para al\u00e9m de ser bonito, melhora a limpeza da casa de banho.<\/li>\n<\/ul>\n<\/div>\n\n\n\n<div class=\"wp-block-column is-layout-flow wp-block-column-is-layout-flow\">\n<figure class=\"wp-block-image size-full\"><img fetchpriority=\"high\" decoding=\"async\" width=\"1500\" height=\"1500\" src=\"https:\/\/jinhuaceramic.com\/wp-content\/uploads\/2024\/07\/bathroom-accessories-2.webp\" alt=\"Conjunto de casa de banho em cer\u00e2mica por atacado, acess\u00f3rios de banho personalizados para hotel-1\" class=\"wp-image-5520\" srcset=\"https:\/\/jinhuaceramic.com\/wp-content\/uploads\/2024\/07\/bathroom-accessories-2.webp 1500w, https:\/\/jinhuaceramic.com\/wp-content\/uploads\/2024\/07\/bathroom-accessories-2-300x300.webp 300w, https:\/\/jinhuaceramic.com\/wp-content\/uploads\/2024\/07\/bathroom-accessories-2-150x150.webp 150w, https:\/\/jinhuaceramic.com\/wp-content\/uploads\/2024\/07\/bathroom-accessories-2-768x768.webp 768w, https:\/\/jinhuaceramic.com\/wp-content\/uploads\/2024\/07\/bathroom-accessories-2-12x12.webp 12w, https:\/\/jinhuaceramic.com\/wp-content\/uploads\/2024\/07\/bathroom-accessories-2-285x285.webp 285w, https:\/\/jinhuaceramic.com\/wp-content\/uploads\/2024\/07\/bathroom-accessories-2-270x270.webp 270w, https:\/\/jinhuaceramic.com\/wp-content\/uploads\/2024\/07\/bathroom-accessories-2-540x540.webp 540w, https:\/\/jinhuaceramic.com\/wp-content\/uploads\/2024\/07\/bathroom-accessories-2-660x660.webp 660w\" sizes=\"(max-width: 1500px) 100vw, 1500px\" \/><\/figure>\n<\/div>\n<\/div>","protected":false},"excerpt":{"rendered":"<p>Bem-vindo ao conjunto de acess\u00f3rios de banho personalizados. Este luxuoso conjunto de casa de banho em cer\u00e2mica branca e dourada apresenta um design delicado e materiais cer\u00e2micos de alta qualidade, integrando funcionalidade e est\u00e9tica, que satisfazem perfeitamente as necessidades dos hot\u00e9is de luxo. Suporte para personaliza\u00e7\u00e3o.<\/p>","protected":false},"featured_media":5519,"comment_status":"closed","ping_status":"closed","template":"","meta":{"_acf_changed":false},"product_brand":[],"product_cat":[51],"product_tag":[74],"class_list":{"0":"post-5518","1":"product","2":"type-product","3":"status-publish","4":"has-post-thumbnail","6":"product_cat-bathroom-accessories-wholesale","7":"product_tag-ceramic-bath-accessories-wholesale","9":"first","10":"instock","11":"shipping-taxable","12":"product-type-simple"},"acf":[],"_links":{"self":[{"href":"https:\/\/jinhuaceramic.com\/pt\/wp-json\/wp\/v2\/product\/5518","targetHints":{"allow":["GET"]}}],"collection":[{"href":"https:\/\/jinhuaceramic.com\/pt\/wp-json\/wp\/v2\/product"}],"about":[{"href":"https:\/\/jinhuaceramic.com\/pt\/wp-json\/wp\/v2\/types\/product"}],"replies":[{"embeddable":true,"href":"https:\/\/jinhuaceramic.com\/pt\/wp-json\/wp\/v2\/comments?post=5518"}],"version-history":[{"count":0,"href":"https:\/\/jinhuaceramic.com\/pt\/wp-json\/wp\/v2\/product\/5518\/revisions"}],"wp:featuredmedia":[{"embeddable":true,"href":"https:\/\/jinhuaceramic.com\/pt\/wp-json\/wp\/v2\/media\/5519"}],"wp:attachment":[{"href":"https:\/\/jinhuaceramic.com\/pt\/wp-json\/wp\/v2\/media?parent=5518"}],"wp:term":[{"taxonomy":"product_brand","embeddable":true,"href":"https:\/\/jinhuaceramic.com\/pt\/wp-json\/wp\/v2\/product_brand?post=5518"},{"taxonomy":"product_cat","embeddable":true,"href":"https:\/\/jinhuaceramic.com\/pt\/wp-json\/wp\/v2\/product_cat?post=5518"},{"taxonomy":"product_tag","embeddable":true,"href":"https:\/\/jinhuaceramic.com\/pt\/wp-json\/wp\/v2\/product_tag?post=5518"}],"curies":[{"name":"wp","href":"https:\/\/api.w.org\/{rel}","templated":true}]}}