{"id":5536,"date":"2024-07-31T03:11:42","date_gmt":"2024-07-31T03:11:42","guid":{"rendered":"https:\/\/jinhuaceramic.com\/?post_type=product&#038;p=5536"},"modified":"2024-10-15T06:38:24","modified_gmt":"2024-10-15T06:38:24","slug":"ceramic-bulk-candle-jars","status":"publish","type":"product","link":"https:\/\/jinhuaceramic.com\/pt\/product\/ceramic-bulk-candle-jars\/","title":{"rendered":"Frascos de vela modernos a granel, frascos de vela foscos com tampas por atacado"},"content":{"rendered":"<div class=\"wp-block-columns is-layout-flex wp-container-core-columns-is-layout-9d6595d7 wp-block-columns-is-layout-flex\">\n<div class=\"wp-block-column is-layout-flow wp-block-column-is-layout-flow\">\n<h3 class=\"wp-block-heading\">Frascos para velas Premium a granel Carater\u00edsticas:<\/h3>\n\n\n\n<ul class=\"wp-block-list\">\n<li><strong>Esmalte mate \u00fanico, toque delicado: <\/strong>Esta s\u00e9rie de frascos para velas a granel utiliza um tratamento de esmalte mate, com uma textura \u00fanica e um toque suave e delicado. A superf\u00edcie mate n\u00e3o s\u00f3 \u00e9 bonita, como tamb\u00e9m evita res\u00edduos \u00f3bvios de impress\u00f5es digitais e manchas.<\/li>\n\n\n\n<li><strong>Design moderno e simples, vers\u00e1til em v\u00e1rios cen\u00e1rios: <\/strong>Estes frascos de velas mate com tampa para venda por grosso t\u00eam um estilo de design simples e elegante e linhas suaves. S\u00e3o adequados para v\u00e1rios cen\u00e1rios modernos, incluindo casa, escrit\u00f3rio ou restaurante, etc., acrescentando eleg\u00e2ncia e moda ao espa\u00e7o.<\/li>\n\n\n\n<li><strong>Uma variedade de op\u00e7\u00f5es de cores para real\u00e7ar o estilo pessoal: <\/strong>Esta s\u00e9rie de frascos de velas mate com tampa para venda por grosso oferece uma grande variedade de op\u00e7\u00f5es de cores, desde tons neutros cl\u00e1ssicos a cores personalizadas populares, para satisfazer as necessidades dos clientes em termos de diferentes estilos decorativos. Os clientes podem escolher a combina\u00e7\u00e3o de cores mais adequada de acordo com o espa\u00e7o espec\u00edfico ou o estilo da marca.<\/li>\n\n\n\n<li><strong>Com um design de tampa para aumentar o car\u00e1cter pr\u00e1tico: <\/strong>Os nossos frascos de velas a granel est\u00e3o equipados com uma tampa que se coordena com o corpo do frasco, o que pode n\u00e3o s\u00f3 proteger eficazmente a vela da polui\u00e7\u00e3o do p\u00f3, mas tamb\u00e9m prolongar a durabilidade da fragr\u00e2ncia, acrescentando uma integridade refinada ao produto global.<\/li>\n<\/ul>\n<\/div>\n\n\n\n<div class=\"wp-block-column is-layout-flow wp-block-column-is-layout-flow\">\n<figure class=\"wp-block-image size-full\"><img fetchpriority=\"high\" decoding=\"async\" width=\"2776\" height=\"2776\" src=\"https:\/\/jinhuaceramic.com\/wp-content\/uploads\/2024\/07\/candle-jar-ceramic.webp\" alt=\"Frascos de vela modernos a granel, frascos de vela foscos com tampas por atacado-1\" class=\"wp-image-5538\" srcset=\"https:\/\/jinhuaceramic.com\/wp-content\/uploads\/2024\/07\/candle-jar-ceramic.webp 2776w, https:\/\/jinhuaceramic.com\/wp-content\/uploads\/2024\/07\/candle-jar-ceramic-300x300.webp 300w, https:\/\/jinhuaceramic.com\/wp-content\/uploads\/2024\/07\/candle-jar-ceramic-150x150.webp 150w, https:\/\/jinhuaceramic.com\/wp-content\/uploads\/2024\/07\/candle-jar-ceramic-768x768.webp 768w, https:\/\/jinhuaceramic.com\/wp-content\/uploads\/2024\/07\/candle-jar-ceramic-12x12.webp 12w, https:\/\/jinhuaceramic.com\/wp-content\/uploads\/2024\/07\/candle-jar-ceramic-285x285.webp 285w, https:\/\/jinhuaceramic.com\/wp-content\/uploads\/2024\/07\/candle-jar-ceramic-1600x1600.webp 1600w, https:\/\/jinhuaceramic.com\/wp-content\/uploads\/2024\/07\/candle-jar-ceramic-270x270.webp 270w, https:\/\/jinhuaceramic.com\/wp-content\/uploads\/2024\/07\/candle-jar-ceramic-540x540.webp 540w, https:\/\/jinhuaceramic.com\/wp-content\/uploads\/2024\/07\/candle-jar-ceramic-660x660.webp 660w\" sizes=\"(max-width: 2776px) 100vw, 2776px\" \/><\/figure>\n<\/div>\n<\/div>","protected":false},"excerpt":{"rendered":"<p>Bem-vindo \u00e0 compra de frascos para velas a granel. Esta s\u00e9rie moderna de frascos de velas mate com tampas para venda por grosso apresenta um esmalte mate \u00fanico e um toque suave, e oferece uma variedade de op\u00e7\u00f5es de cores para se adequar a diferentes estilos decorativos. A combina\u00e7\u00e3o de design simples e tampas pr\u00e1ticas \u00e9 perfeita para cenas dom\u00e9sticas ou comerciais, real\u00e7ando a beleza e a praticidade, e \u00e9 uma escolha ideal para recipientes de velas.<\/p>","protected":false},"featured_media":5541,"comment_status":"closed","ping_status":"closed","template":"","meta":{"_acf_changed":false},"product_brand":[],"product_cat":[52],"product_tag":[67,66],"class_list":{"0":"post-5536","1":"product","2":"type-product","3":"status-publish","4":"has-post-thumbnail","6":"product_cat-wholesale-candle-containers","7":"product_tag-bulk-candle-jars-with-lids","8":"product_tag-candle-jars-wholesale","10":"first","11":"instock","12":"shipping-taxable","13":"product-type-simple"},"acf":[],"_links":{"self":[{"href":"https:\/\/jinhuaceramic.com\/pt\/wp-json\/wp\/v2\/product\/5536","targetHints":{"allow":["GET"]}}],"collection":[{"href":"https:\/\/jinhuaceramic.com\/pt\/wp-json\/wp\/v2\/product"}],"about":[{"href":"https:\/\/jinhuaceramic.com\/pt\/wp-json\/wp\/v2\/types\/product"}],"replies":[{"embeddable":true,"href":"https:\/\/jinhuaceramic.com\/pt\/wp-json\/wp\/v2\/comments?post=5536"}],"version-history":[{"count":0,"href":"https:\/\/jinhuaceramic.com\/pt\/wp-json\/wp\/v2\/product\/5536\/revisions"}],"wp:featuredmedia":[{"embeddable":true,"href":"https:\/\/jinhuaceramic.com\/pt\/wp-json\/wp\/v2\/media\/5541"}],"wp:attachment":[{"href":"https:\/\/jinhuaceramic.com\/pt\/wp-json\/wp\/v2\/media?parent=5536"}],"wp:term":[{"taxonomy":"product_brand","embeddable":true,"href":"https:\/\/jinhuaceramic.com\/pt\/wp-json\/wp\/v2\/product_brand?post=5536"},{"taxonomy":"product_cat","embeddable":true,"href":"https:\/\/jinhuaceramic.com\/pt\/wp-json\/wp\/v2\/product_cat?post=5536"},{"taxonomy":"product_tag","embeddable":true,"href":"https:\/\/jinhuaceramic.com\/pt\/wp-json\/wp\/v2\/product_tag?post=5536"}],"curies":[{"name":"wp","href":"https:\/\/api.w.org\/{rel}","templated":true}]}}