{"id":5547,"date":"2024-07-31T03:20:53","date_gmt":"2024-07-31T03:20:53","guid":{"rendered":"https:\/\/jinhuaceramic.com\/?post_type=product&#038;p=5547"},"modified":"2025-03-11T08:36:02","modified_gmt":"2025-03-11T08:36:02","slug":"wholesale-ramekins-for-dessert-baking","status":"publish","type":"product","link":"https:\/\/jinhuaceramic.com\/pt\/product\/wholesale-ramekins-for-dessert-baking\/","title":{"rendered":"Ramequins por atacado, copos para sufl\u00eas, ramequins para creme brulee a granel"},"content":{"rendered":"<div class=\"wp-block-columns is-layout-flex wp-container-core-columns-is-layout-9d6595d7 wp-block-columns-is-layout-flex\">\n<div class=\"wp-block-column is-layout-flow wp-block-column-is-layout-flow\">\n<h3 class=\"wp-block-heading\">Ramequins Premium Wholesale Carater\u00edsticas:<\/h3>\n\n\n\n<ul class=\"wp-block-list\">\n<li><strong>O bonito desenho de renda: <\/strong>Os nossos ramequins para venda por grosso com um design de renda requintado proporcionam a este produto n\u00e3o s\u00f3 pormenores bonitos, mas tamb\u00e9m permitem uma maior eleg\u00e2ncia na mesa para melhorar a experi\u00eancia e o efeito da refei\u00e7\u00e3o.<\/li>\n\n\n\n<li><strong>\u00d3timo para uma variedade de produtos de pastelaria: <\/strong>Este conjunto de ramequins a granel foi especialmente concebido para Souffle, Creme Brulee e outras sobremesas. \u00c9 perfeito para um grande n\u00famero de sobremesas ap\u00f3s as refei\u00e7\u00f5es e pequenas iguarias cozinhadas. Quer se trate de uma reuni\u00e3o de fam\u00edlia ou de uma utiliza\u00e7\u00e3o profissional em restaurantes, pode facilmente cumprir a sua fun\u00e7\u00e3o.<\/li>\n\n\n\n<li><strong>Material cer\u00e2mico de alta qualidade, aquecimento uniforme:<\/strong> Cada um dos nossos ramequins por atacado \u00e9 fabricado com material cer\u00e2mico resistente ao calor que pode conduzir o calor uniformemente para a cozedura e cozer na perfei\u00e7\u00e3o, tanto em termos de textura como de sabor. Pode ser utilizado diretamente em fornos de micro-ondas ou fornos.<\/li>\n\n\n\n<li><strong>F\u00e1cil de limpar e lav\u00e1vel na m\u00e1quina de lavar lou\u00e7a:<\/strong> Estes copos de sufl\u00ea por atacado, ramequins de creme brulee a granel s\u00e3o bonitos n\u00e3o s\u00f3 na sua apar\u00eancia, mas tamb\u00e9m convenientes para a limpeza. Eles podem ser colocados com seguran\u00e7a na m\u00e1quina de lavar lou\u00e7a, o que reduz o trabalho de limpeza e \u00e9 r\u00e1pido, conveniente, especialmente adequado para o uso di\u00e1rio.<\/li>\n<\/ul>\n<\/div>\n\n\n\n<div class=\"wp-block-column is-layout-flow wp-block-column-is-layout-flow\">\n<figure class=\"wp-block-image size-full\"><img fetchpriority=\"high\" decoding=\"async\" width=\"1500\" height=\"1500\" src=\"https:\/\/jinhuaceramic.com\/wp-content\/uploads\/2024\/07\/baking-ramekin-1.webp\" alt=\"Ramequins por atacado, copos de sufl\u00ea, ramequins de creme brulee a granel-1\" class=\"wp-image-5548\" srcset=\"https:\/\/jinhuaceramic.com\/wp-content\/uploads\/2024\/07\/baking-ramekin-1.webp 1500w, https:\/\/jinhuaceramic.com\/wp-content\/uploads\/2024\/07\/baking-ramekin-1-300x300.webp 300w, https:\/\/jinhuaceramic.com\/wp-content\/uploads\/2024\/07\/baking-ramekin-1-150x150.webp 150w, https:\/\/jinhuaceramic.com\/wp-content\/uploads\/2024\/07\/baking-ramekin-1-768x768.webp 768w, https:\/\/jinhuaceramic.com\/wp-content\/uploads\/2024\/07\/baking-ramekin-1-12x12.webp 12w, https:\/\/jinhuaceramic.com\/wp-content\/uploads\/2024\/07\/baking-ramekin-1-285x285.webp 285w, https:\/\/jinhuaceramic.com\/wp-content\/uploads\/2024\/07\/baking-ramekin-1-270x270.webp 270w, https:\/\/jinhuaceramic.com\/wp-content\/uploads\/2024\/07\/baking-ramekin-1-540x540.webp 540w, https:\/\/jinhuaceramic.com\/wp-content\/uploads\/2024\/07\/baking-ramekin-1-660x660.webp 660w\" sizes=\"(max-width: 1500px) 100vw, 1500px\" \/><\/figure>\n<\/div>\n<\/div>","protected":false},"excerpt":{"rendered":"<p>Bem-vindo ao comprar ramequins por atacado. Este conjunto de ch\u00e1venas de souffl\u00e9, ramequins de creme brulee a granel com desenho de renda foi especialmente concebido para cozer sobremesas. A cer\u00e2mica de alta qualidade permite aquecer os alimentos de forma uniforme. Pode ser utilizado no micro-ondas, no forno e na m\u00e1quina de lavar loi\u00e7a. O elegante design de renda confere eleg\u00e2ncia \u00e0 mesa e \u00e9 a escolha ideal para cozinhar em casa e em restaurantes.<\/p>","protected":false},"featured_media":5553,"comment_status":"closed","ping_status":"closed","template":"","meta":{"_acf_changed":false},"product_brand":[],"product_cat":[53],"product_tag":[69],"class_list":{"0":"post-5547","1":"product","2":"type-product","3":"status-publish","4":"has-post-thumbnail","6":"product_cat-bakeware-in-bulk","7":"product_tag-bulk-ramekins","9":"first","10":"instock","11":"shipping-taxable","12":"product-type-simple"},"acf":[],"_links":{"self":[{"href":"https:\/\/jinhuaceramic.com\/pt\/wp-json\/wp\/v2\/product\/5547","targetHints":{"allow":["GET"]}}],"collection":[{"href":"https:\/\/jinhuaceramic.com\/pt\/wp-json\/wp\/v2\/product"}],"about":[{"href":"https:\/\/jinhuaceramic.com\/pt\/wp-json\/wp\/v2\/types\/product"}],"replies":[{"embeddable":true,"href":"https:\/\/jinhuaceramic.com\/pt\/wp-json\/wp\/v2\/comments?post=5547"}],"version-history":[{"count":0,"href":"https:\/\/jinhuaceramic.com\/pt\/wp-json\/wp\/v2\/product\/5547\/revisions"}],"wp:featuredmedia":[{"embeddable":true,"href":"https:\/\/jinhuaceramic.com\/pt\/wp-json\/wp\/v2\/media\/5553"}],"wp:attachment":[{"href":"https:\/\/jinhuaceramic.com\/pt\/wp-json\/wp\/v2\/media?parent=5547"}],"wp:term":[{"taxonomy":"product_brand","embeddable":true,"href":"https:\/\/jinhuaceramic.com\/pt\/wp-json\/wp\/v2\/product_brand?post=5547"},{"taxonomy":"product_cat","embeddable":true,"href":"https:\/\/jinhuaceramic.com\/pt\/wp-json\/wp\/v2\/product_cat?post=5547"},{"taxonomy":"product_tag","embeddable":true,"href":"https:\/\/jinhuaceramic.com\/pt\/wp-json\/wp\/v2\/product_tag?post=5547"}],"curies":[{"name":"wp","href":"https:\/\/api.w.org\/{rel}","templated":true}]}}