{"id":5579,"date":"2024-08-02T02:49:24","date_gmt":"2024-08-02T02:49:24","guid":{"rendered":"https:\/\/jinhuaceramic.com\/?post_type=product&#038;p=5579"},"modified":"2024-09-21T04:08:19","modified_gmt":"2024-09-21T04:08:19","slug":"burgundy-custom-bathroom-set","status":"publish","type":"product","link":"https:\/\/jinhuaceramic.com\/pt\/product\/burgundy-custom-bathroom-set\/","title":{"rendered":"Conjunto de casa de banho personalizado Borgonha Acess\u00f3rios de casa de banho em cer\u00e2mica"},"content":{"rendered":"<div class=\"wp-block-columns is-layout-flex wp-container-core-columns-is-layout-9d6595d7 wp-block-columns-is-layout-flex\">\n<div class=\"wp-block-column is-layout-flow wp-block-column-is-layout-flow\">\n<h3 class=\"wp-block-heading\">Conjunto de casa de banho personalizado Premium Carater\u00edsticas:<\/h3>\n\n\n\n<ul class=\"wp-block-list\">\n<li><strong>Design moderno:<\/strong> Com um sofisticado acabamento borgonha, estes conjuntos de casa de banho personalizados em cer\u00e2mica dar\u00e3o um toque de eleg\u00e2ncia a qualquer decora\u00e7\u00e3o de casa de banho.<\/li>\n\n\n\n<li><strong>Material de qualidade superior: <\/strong>Fabricados em cer\u00e2mica de alta qualidade, a constru\u00e7\u00e3o s\u00f3lida destes conjuntos de casa de banho personalizados garante que cada pe\u00e7a \u00e9 dur\u00e1vel, resistente ao desgaste e mant\u00e9m o seu aspeto imaculado durante muito tempo.<\/li>\n\n\n\n<li><strong>Conjunto funcional:<\/strong> Estes conjuntos de casa de banho em cer\u00e2mica para venda por grosso incluem um dispensador de sab\u00e3o, um suporte para escova de dentes e uma saboneteira. O dispensador de sab\u00e3o possui uma bomba cromada de alta qualidade que dispensa o sab\u00e3o de forma suave e eficiente. O suporte para escovas de dentes oferece um amplo espa\u00e7o para v\u00e1rias escovas de dentes, mantendo-as organizadas e de f\u00e1cil acesso. A saboneteira tem um design de encaixe \u00fanico que mant\u00e9m o sab\u00e3o no lugar e evita que deslize para fora.<\/li>\n\n\n\n<li><strong>Manuten\u00e7\u00e3o f\u00e1cil:<\/strong> A superf\u00edcie de cer\u00e2mica lisa de cada pe\u00e7a destes conjuntos de casa de banho por atacado \u00e9 resistente a manchas e f\u00e1cil de limpar, garantindo que os seus acess\u00f3rios de casa de banho permanecem higi\u00e9nicos.<\/li>\n<\/ul>\n<\/div>\n\n\n\n<div class=\"wp-block-column is-layout-flow wp-block-column-is-layout-flow\">\n<figure class=\"wp-block-image size-full\"><img fetchpriority=\"high\" decoding=\"async\" width=\"790\" height=\"790\" src=\"https:\/\/jinhuaceramic.com\/wp-content\/uploads\/2024\/07\/bathroom-set-6.webp\" alt=\"burgundy-red-custom-bathroom-set-ceramic-bath-accessories-1\" class=\"wp-image-5582\" srcset=\"https:\/\/jinhuaceramic.com\/wp-content\/uploads\/2024\/07\/bathroom-set-6.webp 790w, https:\/\/jinhuaceramic.com\/wp-content\/uploads\/2024\/07\/bathroom-set-6-300x300.webp 300w, https:\/\/jinhuaceramic.com\/wp-content\/uploads\/2024\/07\/bathroom-set-6-150x150.webp 150w, https:\/\/jinhuaceramic.com\/wp-content\/uploads\/2024\/07\/bathroom-set-6-768x768.webp 768w, https:\/\/jinhuaceramic.com\/wp-content\/uploads\/2024\/07\/bathroom-set-6-12x12.webp 12w, https:\/\/jinhuaceramic.com\/wp-content\/uploads\/2024\/07\/bathroom-set-6-285x285.webp 285w, https:\/\/jinhuaceramic.com\/wp-content\/uploads\/2024\/07\/bathroom-set-6-270x270.webp 270w, https:\/\/jinhuaceramic.com\/wp-content\/uploads\/2024\/07\/bathroom-set-6-540x540.webp 540w, https:\/\/jinhuaceramic.com\/wp-content\/uploads\/2024\/07\/bathroom-set-6-660x660.webp 660w\" sizes=\"(max-width: 790px) 100vw, 790px\" \/><\/figure>\n<\/div>\n<\/div>\n\n\n\n<p><\/p>","protected":false},"excerpt":{"rendered":"<p>Estes conjuntos de casa de banho personalizados apresentam um design moderno, combinando est\u00e9tica e funcionalidade. Cada pe\u00e7a do conjunto \u00e9 feita de material cer\u00e2mico de alta qualidade para maior durabilidade. O conjunto inclui um dispensador de sabonete, um suporte para escova de dentes e uma saboneteira, cada um com a sua pr\u00f3pria fun\u00e7\u00e3o para manter a casa de banho organizada.<\/p>","protected":false},"featured_media":5582,"comment_status":"closed","ping_status":"closed","template":"","meta":{"_acf_changed":false},"product_brand":[],"product_cat":[51],"product_tag":[74],"class_list":{"0":"post-5579","1":"product","2":"type-product","3":"status-publish","4":"has-post-thumbnail","6":"product_cat-bathroom-accessories-wholesale","7":"product_tag-ceramic-bath-accessories-wholesale","9":"first","10":"instock","11":"shipping-taxable","12":"product-type-simple"},"acf":[],"_links":{"self":[{"href":"https:\/\/jinhuaceramic.com\/pt\/wp-json\/wp\/v2\/product\/5579","targetHints":{"allow":["GET"]}}],"collection":[{"href":"https:\/\/jinhuaceramic.com\/pt\/wp-json\/wp\/v2\/product"}],"about":[{"href":"https:\/\/jinhuaceramic.com\/pt\/wp-json\/wp\/v2\/types\/product"}],"replies":[{"embeddable":true,"href":"https:\/\/jinhuaceramic.com\/pt\/wp-json\/wp\/v2\/comments?post=5579"}],"version-history":[{"count":0,"href":"https:\/\/jinhuaceramic.com\/pt\/wp-json\/wp\/v2\/product\/5579\/revisions"}],"wp:featuredmedia":[{"embeddable":true,"href":"https:\/\/jinhuaceramic.com\/pt\/wp-json\/wp\/v2\/media\/5582"}],"wp:attachment":[{"href":"https:\/\/jinhuaceramic.com\/pt\/wp-json\/wp\/v2\/media?parent=5579"}],"wp:term":[{"taxonomy":"product_brand","embeddable":true,"href":"https:\/\/jinhuaceramic.com\/pt\/wp-json\/wp\/v2\/product_brand?post=5579"},{"taxonomy":"product_cat","embeddable":true,"href":"https:\/\/jinhuaceramic.com\/pt\/wp-json\/wp\/v2\/product_cat?post=5579"},{"taxonomy":"product_tag","embeddable":true,"href":"https:\/\/jinhuaceramic.com\/pt\/wp-json\/wp\/v2\/product_tag?post=5579"}],"curies":[{"name":"wp","href":"https:\/\/api.w.org\/{rel}","templated":true}]}}