{"id":5594,"date":"2024-08-02T02:57:30","date_gmt":"2024-08-02T02:57:30","guid":{"rendered":"https:\/\/jinhuaceramic.com\/?post_type=product&#038;p=5594"},"modified":"2024-09-21T03:38:07","modified_gmt":"2024-09-21T03:38:07","slug":"mug-shaped-cute-candle-jars-wholesale","status":"publish","type":"product","link":"https:\/\/jinhuaceramic.com\/pt\/product\/mug-shaped-cute-candle-jars-wholesale\/","title":{"rendered":"Frascos de vela bonitos em forma de caneca de cer\u00e2mica por atacado com design exclusivo"},"content":{"rendered":"<div class=\"wp-block-columns is-layout-flex wp-container-core-columns-is-layout-9d6595d7 wp-block-columns-is-layout-flex\">\n<div class=\"wp-block-column is-layout-flow wp-block-column-is-layout-flow\">\n<h3 class=\"wp-block-heading\">Frascos de vela bonitos Premium por atacado Carater\u00edsticas:<\/h3>\n\n\n\n<ul class=\"wp-block-list\">\n<li><strong>Design \u00fanico: <\/strong>Estes bonitos frascos de cer\u00e2mica para velas por atacado apresentam um design \u00fanico em forma de caneca com pegas grossas de design ergon\u00f3mico, que n\u00e3o s\u00f3 t\u00eam um aspeto bonito como tamb\u00e9m garantem uma ader\u00eancia confort\u00e1vel e uma maior comodidade de utiliza\u00e7\u00e3o.<\/li>\n\n\n\n<li><strong>Cor vers\u00e1til:<\/strong> Estes frascos de velas de cer\u00e2mica por atacado v\u00eam em amarelo p\u00e1lido suave, verde claro e um branco iridescente \u00fanico que exala uma atmosfera calorosa e convidativa. Para al\u00e9m das cores existentes, estes frascos de velas tamb\u00e9m podem ser personalizados com as cores que os clientes desejarem.<\/li>\n\n\n\n<li><strong>Material cer\u00e2mico de alta qualidade: <\/strong>Estes bonitos frascos de velas por atacado s\u00e3o feitos de cer\u00e2mica de alta qualidade, que \u00e9 muito dur\u00e1vel e resistente a altas temperaturas, garantindo uma utiliza\u00e7\u00e3o segura e duradoura, sem chumbo e n\u00e3o t\u00f3xica, mais segura, mais saud\u00e1vel e reutiliz\u00e1vel do que os frascos de metal.<\/li>\n\n\n\n<li><strong>Reutiliz\u00e1vel e amigo do ambiente:<\/strong> Depois de a vela ser queimada, o frasco de cer\u00e2mica pode ser facilmente lavado e reutilizado para v\u00e1rios fins, como guardar pequenos objectos, como decora\u00e7\u00e3o ou pode ser utilizado como vaso para pequenas suculentas, o que \u00e9 sustent\u00e1vel e reduz o desperd\u00edcio.<\/li>\n<\/ul>\n<\/div>\n\n\n\n<div class=\"wp-block-column is-layout-flow wp-block-column-is-layout-flow\">\n<figure class=\"wp-block-image size-full\"><img fetchpriority=\"high\" decoding=\"async\" width=\"720\" height=\"721\" src=\"https:\/\/jinhuaceramic.com\/wp-content\/uploads\/2024\/08\/candle-cup.webp\" alt=\"caneca-em-forma-de-corte-candelabro-jarros-por-grosso-com-desenho-\u00fanico-2\" class=\"wp-image-5595\" srcset=\"https:\/\/jinhuaceramic.com\/wp-content\/uploads\/2024\/08\/candle-cup.webp 720w, https:\/\/jinhuaceramic.com\/wp-content\/uploads\/2024\/08\/candle-cup-300x300.webp 300w, https:\/\/jinhuaceramic.com\/wp-content\/uploads\/2024\/08\/candle-cup-150x150.webp 150w, https:\/\/jinhuaceramic.com\/wp-content\/uploads\/2024\/08\/candle-cup-12x12.webp 12w, https:\/\/jinhuaceramic.com\/wp-content\/uploads\/2024\/08\/candle-cup-285x285.webp 285w, https:\/\/jinhuaceramic.com\/wp-content\/uploads\/2024\/08\/candle-cup-270x270.webp 270w, https:\/\/jinhuaceramic.com\/wp-content\/uploads\/2024\/08\/candle-cup-540x540.webp 540w, https:\/\/jinhuaceramic.com\/wp-content\/uploads\/2024\/08\/candle-cup-660x660.webp 660w\" sizes=\"(max-width: 720px) 100vw, 720px\" \/><\/figure>\n<\/div>\n<\/div>","protected":false},"excerpt":{"rendered":"<p>Estes bonitos frascos de cer\u00e2mica para velas s\u00e3o populares pelo seu material cer\u00e2mico de alta qualidade, design \u00fanico em forma de caneca, reutiliz\u00e1vel e amigo do ambiente. Combinando praticidade e beleza, estes frascos de velas de cer\u00e2mica s\u00e3o o complemento perfeito para qualquer casa ou como um presente atencioso para os amantes de velas.<\/p>","protected":false},"featured_media":5597,"comment_status":"closed","ping_status":"closed","template":"","meta":{"_acf_changed":false},"product_brand":[],"product_cat":[52],"product_tag":[66],"class_list":{"0":"post-5594","1":"product","2":"type-product","3":"status-publish","4":"has-post-thumbnail","6":"product_cat-wholesale-candle-containers","7":"product_tag-candle-jars-wholesale","9":"first","10":"instock","11":"shipping-taxable","12":"product-type-simple"},"acf":[],"_links":{"self":[{"href":"https:\/\/jinhuaceramic.com\/pt\/wp-json\/wp\/v2\/product\/5594","targetHints":{"allow":["GET"]}}],"collection":[{"href":"https:\/\/jinhuaceramic.com\/pt\/wp-json\/wp\/v2\/product"}],"about":[{"href":"https:\/\/jinhuaceramic.com\/pt\/wp-json\/wp\/v2\/types\/product"}],"replies":[{"embeddable":true,"href":"https:\/\/jinhuaceramic.com\/pt\/wp-json\/wp\/v2\/comments?post=5594"}],"version-history":[{"count":0,"href":"https:\/\/jinhuaceramic.com\/pt\/wp-json\/wp\/v2\/product\/5594\/revisions"}],"wp:featuredmedia":[{"embeddable":true,"href":"https:\/\/jinhuaceramic.com\/pt\/wp-json\/wp\/v2\/media\/5597"}],"wp:attachment":[{"href":"https:\/\/jinhuaceramic.com\/pt\/wp-json\/wp\/v2\/media?parent=5594"}],"wp:term":[{"taxonomy":"product_brand","embeddable":true,"href":"https:\/\/jinhuaceramic.com\/pt\/wp-json\/wp\/v2\/product_brand?post=5594"},{"taxonomy":"product_cat","embeddable":true,"href":"https:\/\/jinhuaceramic.com\/pt\/wp-json\/wp\/v2\/product_cat?post=5594"},{"taxonomy":"product_tag","embeddable":true,"href":"https:\/\/jinhuaceramic.com\/pt\/wp-json\/wp\/v2\/product_tag?post=5594"}],"curies":[{"name":"wp","href":"https:\/\/api.w.org\/{rel}","templated":true}]}}