{"id":5610,"date":"2024-08-02T09:55:26","date_gmt":"2024-08-02T09:55:26","guid":{"rendered":"https:\/\/jinhuaceramic.com\/?post_type=product&#038;p=5610"},"modified":"2025-03-10T08:48:16","modified_gmt":"2025-03-10T08:48:16","slug":"wholesale-ceramic-bakeware-sets","status":"publish","type":"product","link":"https:\/\/jinhuaceramic.com\/pt\/product\/wholesale-ceramic-bakeware-sets\/","title":{"rendered":"Comprar conjuntos de utens\u00edlios para pastelaria de cer\u00e2mica por grosso, pratos requintados para pastelaria"},"content":{"rendered":"<div class=\"wp-block-columns is-layout-flex wp-container-core-columns-is-layout-9d6595d7 wp-block-columns-is-layout-flex\">\n<div class=\"wp-block-column is-layout-flow wp-block-column-is-layout-flow\">\n<h3 class=\"wp-block-heading\">Conjuntos de utens\u00edlios para bolos de cer\u00e2mica Premium Wholesale Carater\u00edsticas:<\/h3>\n\n\n\n<ul class=\"wp-block-list\">\n<li><strong>Design nobre: <\/strong>Estes conjuntos de utens\u00edlios de cozinha em cer\u00e2mica para venda por grosso foram concebidos para serem elegantes e incompreensivelmente concebidos para o estilo e o padr\u00e3o. Isto adapta-se a diferentes tipos de configura\u00e7\u00f5es de cozinha e modos de mesa. O design n\u00e3o s\u00f3 real\u00e7a a funcionalidade como tamb\u00e9m consagra a beleza.<\/li>\n\n\n\n<li><strong>Resistente \u00e0 temperatura:<\/strong> Gr\u00e9s de alta qualidade e resistente a altas temperaturas at\u00e9 450 \u00b0 F, nossos pratos de cozimento por atacado podem suportar a temperatura de cozimento e manter a resist\u00eancia a rachaduras como cer\u00e2mica. Estes pratos de cozedura a granel s\u00e3o vers\u00e1teis na aplica\u00e7\u00e3o de p\u00e3o, bolos e assados.<\/li>\n\n\n\n<li><strong>Vers\u00e1til: <\/strong>Estes conjuntos de utens\u00edlios de cer\u00e2mica para cozer por atacado s\u00e3o funcionais, mas muito pr\u00e1ticos, uma vez que podem cozer todo o tipo de alimentos, desde frango assado a tarte de ma\u00e7\u00e3, e at\u00e9 ser servidos diretamente do forno para a mesa. O acabamento liso reduz a tend\u00eancia de os alimentos se colarem \u00e0 superf\u00edcie, facilitando a limpeza.<\/li>\n\n\n\n<li><strong>Personaliza\u00e7\u00e3o flex\u00edvel: <\/strong>Oferecemos \u00f3ptimos pre\u00e7os a granel para assadeiras por atacado, suportando tamanhos, cores e padr\u00f5es personalizados de acordo com as necessidades do cliente. Quer se trate de um restaurante, hotel ou retalhista, pode encontrar o estilo e as especifica\u00e7\u00f5es certas.<\/li>\n<\/ul>\n<\/div>\n\n\n\n<div class=\"wp-block-column is-layout-flow wp-block-column-is-layout-flow\">\n<figure class=\"wp-block-image size-full\"><img fetchpriority=\"high\" decoding=\"async\" width=\"1000\" height=\"1000\" src=\"https:\/\/jinhuaceramic.com\/wp-content\/uploads\/2024\/08\/bakeware-set.webp\" alt=\"buy-wholesale-ceramic-bakeware-sets-kitchen-supplies-1\" class=\"wp-image-5612\" srcset=\"https:\/\/jinhuaceramic.com\/wp-content\/uploads\/2024\/08\/bakeware-set.webp 1000w, https:\/\/jinhuaceramic.com\/wp-content\/uploads\/2024\/08\/bakeware-set-300x300.webp 300w, https:\/\/jinhuaceramic.com\/wp-content\/uploads\/2024\/08\/bakeware-set-150x150.webp 150w, https:\/\/jinhuaceramic.com\/wp-content\/uploads\/2024\/08\/bakeware-set-768x768.webp 768w, https:\/\/jinhuaceramic.com\/wp-content\/uploads\/2024\/08\/bakeware-set-12x12.webp 12w, https:\/\/jinhuaceramic.com\/wp-content\/uploads\/2024\/08\/bakeware-set-285x285.webp 285w, https:\/\/jinhuaceramic.com\/wp-content\/uploads\/2024\/08\/bakeware-set-270x270.webp 270w, https:\/\/jinhuaceramic.com\/wp-content\/uploads\/2024\/08\/bakeware-set-540x540.webp 540w, https:\/\/jinhuaceramic.com\/wp-content\/uploads\/2024\/08\/bakeware-set-660x660.webp 660w\" sizes=\"(max-width: 1000px) 100vw, 1000px\" \/><\/figure>\n<\/div>\n<\/div>","protected":false},"excerpt":{"rendered":"<p>Bem-vindo \u00e0 compra de assadeiras. Os nossos conjuntos de assadeiras de cer\u00e2mica por atacado s\u00e3o produtos delicados e de boa qualidade, cer\u00e2mica resistente a altas temperaturas. Isso d\u00e1 uma sensa\u00e7\u00e3o de cozedura muito boa. A sua versatilidade torna-o adequado para assar e exibir muitos alimentos, conveniente e bonito. Pode ser personalizado em massa, e \u00e9 a melhor escolha para restaurantes, retalhistas e uso dom\u00e9stico.<\/p>","protected":false},"featured_media":5615,"comment_status":"closed","ping_status":"closed","template":"","meta":{"_acf_changed":false},"product_brand":[],"product_cat":[53],"product_tag":[71],"class_list":{"0":"post-5610","1":"product","2":"type-product","3":"status-publish","4":"has-post-thumbnail","6":"product_cat-bakeware-in-bulk","7":"product_tag-wholesale-baking-pans","9":"first","10":"instock","11":"shipping-taxable","12":"product-type-simple"},"acf":[],"_links":{"self":[{"href":"https:\/\/jinhuaceramic.com\/pt\/wp-json\/wp\/v2\/product\/5610","targetHints":{"allow":["GET"]}}],"collection":[{"href":"https:\/\/jinhuaceramic.com\/pt\/wp-json\/wp\/v2\/product"}],"about":[{"href":"https:\/\/jinhuaceramic.com\/pt\/wp-json\/wp\/v2\/types\/product"}],"replies":[{"embeddable":true,"href":"https:\/\/jinhuaceramic.com\/pt\/wp-json\/wp\/v2\/comments?post=5610"}],"version-history":[{"count":0,"href":"https:\/\/jinhuaceramic.com\/pt\/wp-json\/wp\/v2\/product\/5610\/revisions"}],"wp:featuredmedia":[{"embeddable":true,"href":"https:\/\/jinhuaceramic.com\/pt\/wp-json\/wp\/v2\/media\/5615"}],"wp:attachment":[{"href":"https:\/\/jinhuaceramic.com\/pt\/wp-json\/wp\/v2\/media?parent=5610"}],"wp:term":[{"taxonomy":"product_brand","embeddable":true,"href":"https:\/\/jinhuaceramic.com\/pt\/wp-json\/wp\/v2\/product_brand?post=5610"},{"taxonomy":"product_cat","embeddable":true,"href":"https:\/\/jinhuaceramic.com\/pt\/wp-json\/wp\/v2\/product_cat?post=5610"},{"taxonomy":"product_tag","embeddable":true,"href":"https:\/\/jinhuaceramic.com\/pt\/wp-json\/wp\/v2\/product_tag?post=5610"}],"curies":[{"name":"wp","href":"https:\/\/api.w.org\/{rel}","templated":true}]}}