{"id":5624,"date":"2024-08-03T09:46:11","date_gmt":"2024-08-03T09:46:11","guid":{"rendered":"https:\/\/jinhuaceramic.com\/?post_type=product&#038;p=5624"},"modified":"2024-11-05T03:46:31","modified_gmt":"2024-11-05T03:46:31","slug":"wholesale-bathroom-accessory-set","status":"publish","type":"product","link":"https:\/\/jinhuaceramic.com\/pt\/product\/wholesale-bathroom-accessory-set\/","title":{"rendered":"Conjunto de acess\u00f3rios de casa de banho de luxo por atacado, acess\u00f3rios de banho chiques a granel"},"content":{"rendered":"<div class=\"wp-block-columns is-layout-flex wp-container-core-columns-is-layout-9d6595d7 wp-block-columns-is-layout-flex\">\n<div class=\"wp-block-column is-layout-flow wp-block-column-is-layout-flow\">\n<h3 class=\"wp-block-heading\">Conjunto de acess\u00f3rios de casa de banho Premium Wholesale Carater\u00edsticas:<\/h3>\n\n\n\n<ul class=\"wp-block-list\">\n<li><strong>Decora\u00e7\u00e3o com padr\u00f5es requintados, sensa\u00e7\u00e3o visual luxuosa: <\/strong>Este conjunto de acess\u00f3rios de casa de banho por atacado utiliza um design de padr\u00e3o requintado para trazer uma sensa\u00e7\u00e3o de luxo no visual. Quer seja para uma casa de banho em casa ou para um hotel de alta classe, reflecte a eleg\u00e2ncia e o gosto da moda.<\/li>\n\n\n\n<li><strong>Design com rebordo dourado, real\u00e7ando a qualidade elegante:<\/strong> Cada volume de acess\u00f3rios de banho \u00e9 decorado com rebordos dourados, o que confere mais nobreza ao produto. A combina\u00e7\u00e3o de pormenores dourados e padr\u00f5es requintados revela na perfei\u00e7\u00e3o o equil\u00edbrio entre eleg\u00e2ncia e aristocracia.<\/li>\n\n\n\n<li><strong>Cer\u00e2mica de alta qualidade, dur\u00e1vel e f\u00e1cil de limpar:<\/strong> O nosso conjunto de acess\u00f3rios de casa de banho por atacado \u00e9 feito de materiais cer\u00e2micos de alta qualidade, com superf\u00edcie lisa e delicada, excelente durabilidade e capacidade de resistir \u00e0 descolora\u00e7\u00e3o. Os materiais cer\u00e2micos s\u00e3o f\u00e1ceis de limpar e podem manter-se brilhantes como novos durante muito tempo.<\/li>\n\n\n\n<li><strong>Funcional e embelezamento: <\/strong>Estes acess\u00f3rios de banho a granel incluem equipamento de casa de banho pr\u00e1tico, como saboneteiras, dispensadores de sab\u00e3o, copos para escovas de dentes, etc., todos com carater\u00edsticas completas, bonitos e com uma textura de alta qualidade na casa de banho.<\/li>\n<\/ul>\n<\/div>\n\n\n\n<div class=\"wp-block-column is-layout-flow wp-block-column-is-layout-flow\">\n<figure class=\"wp-block-image size-full\"><img fetchpriority=\"high\" decoding=\"async\" width=\"673\" height=\"666\" src=\"https:\/\/jinhuaceramic.com\/wp-content\/uploads\/2024\/08\/bathroom-accessory-set.webp\" alt=\"Conjunto de acess\u00f3rios de casa de banho de luxo por atacado, acess\u00f3rios de banho chiques a granel-1\" class=\"wp-image-5625\" srcset=\"https:\/\/jinhuaceramic.com\/wp-content\/uploads\/2024\/08\/bathroom-accessory-set.webp 673w, https:\/\/jinhuaceramic.com\/wp-content\/uploads\/2024\/08\/bathroom-accessory-set-300x297.webp 300w, https:\/\/jinhuaceramic.com\/wp-content\/uploads\/2024\/08\/bathroom-accessory-set-12x12.webp 12w, https:\/\/jinhuaceramic.com\/wp-content\/uploads\/2024\/08\/bathroom-accessory-set-285x282.webp 285w, https:\/\/jinhuaceramic.com\/wp-content\/uploads\/2024\/08\/bathroom-accessory-set-660x653.webp 660w, https:\/\/jinhuaceramic.com\/wp-content\/uploads\/2024\/08\/bathroom-accessory-set-150x148.webp 150w\" sizes=\"(max-width: 673px) 100vw, 673px\" \/><\/figure>\n<\/div>\n<\/div>","protected":false},"excerpt":{"rendered":"<p>Bem-vindo \u00e0 compra de acess\u00f3rios de banho a granel. Este luxuoso conjunto de acess\u00f3rios de casa de banho por atacado com padr\u00f5es delicados e bordas douradas exala eleg\u00e2ncia e nobreza em cada detalhe. Material cer\u00e2mico fino com excelente durabilidade e f\u00e1cil limpeza. Atendendo \u00e0s necessidades de um conjunto completo de acess\u00f3rios, adequado para fam\u00edlias de luxo e hot\u00e9is de luxo para comprar a granel.<\/p>","protected":false},"featured_media":5629,"comment_status":"closed","ping_status":"closed","template":"","meta":{"_acf_changed":false},"product_brand":[],"product_cat":[51],"product_tag":[74],"class_list":{"0":"post-5624","1":"product","2":"type-product","3":"status-publish","4":"has-post-thumbnail","6":"product_cat-bathroom-accessories-wholesale","7":"product_tag-ceramic-bath-accessories-wholesale","9":"first","10":"instock","11":"shipping-taxable","12":"product-type-simple"},"acf":[],"_links":{"self":[{"href":"https:\/\/jinhuaceramic.com\/pt\/wp-json\/wp\/v2\/product\/5624","targetHints":{"allow":["GET"]}}],"collection":[{"href":"https:\/\/jinhuaceramic.com\/pt\/wp-json\/wp\/v2\/product"}],"about":[{"href":"https:\/\/jinhuaceramic.com\/pt\/wp-json\/wp\/v2\/types\/product"}],"replies":[{"embeddable":true,"href":"https:\/\/jinhuaceramic.com\/pt\/wp-json\/wp\/v2\/comments?post=5624"}],"version-history":[{"count":0,"href":"https:\/\/jinhuaceramic.com\/pt\/wp-json\/wp\/v2\/product\/5624\/revisions"}],"wp:featuredmedia":[{"embeddable":true,"href":"https:\/\/jinhuaceramic.com\/pt\/wp-json\/wp\/v2\/media\/5629"}],"wp:attachment":[{"href":"https:\/\/jinhuaceramic.com\/pt\/wp-json\/wp\/v2\/media?parent=5624"}],"wp:term":[{"taxonomy":"product_brand","embeddable":true,"href":"https:\/\/jinhuaceramic.com\/pt\/wp-json\/wp\/v2\/product_brand?post=5624"},{"taxonomy":"product_cat","embeddable":true,"href":"https:\/\/jinhuaceramic.com\/pt\/wp-json\/wp\/v2\/product_cat?post=5624"},{"taxonomy":"product_tag","embeddable":true,"href":"https:\/\/jinhuaceramic.com\/pt\/wp-json\/wp\/v2\/product_tag?post=5624"}],"curies":[{"name":"wp","href":"https:\/\/api.w.org\/{rel}","templated":true}]}}