{"id":5653,"date":"2024-08-07T10:14:22","date_gmt":"2024-08-07T10:14:22","guid":{"rendered":"https:\/\/jinhuaceramic.com\/?post_type=product&#038;p=5653"},"modified":"2025-03-11T08:21:04","modified_gmt":"2025-03-11T08:21:04","slug":"factory-wholesale-bakeware","status":"publish","type":"product","link":"https:\/\/jinhuaceramic.com\/pt\/product\/factory-wholesale-bakeware\/","title":{"rendered":"Conjunto de utens\u00edlios para pastelaria por grosso, ramequins de cer\u00e2mica e formas para tartes a granel"},"content":{"rendered":"<div class=\"wp-block-columns is-layout-flex wp-container-core-columns-is-layout-9d6595d7 wp-block-columns-is-layout-flex\">\n<div class=\"wp-block-column is-layout-flow wp-block-column-is-layout-flow\">\n<h3 class=\"wp-block-heading\">Bakeware Premium Wholesale Carater\u00edsticas:<\/h3>\n\n\n\n<ul class=\"wp-block-list\">\n<li><strong>Tamanhos e formas variados: <\/strong>Este conjunto de utens\u00edlios para pastelaria por atacado inclui pratos de cer\u00e2mica para pastelaria, formas para pastelaria, formas para tartes e ramequins em v\u00e1rios tamanhos e formas, adequados para diferentes necessidades de pastelaria.<\/li>\n\n\n\n<li><strong>Desenho de padr\u00e3o azul e branco: <\/strong>Estes ramequins e formas de tarte em cer\u00e2mica utilizam o branco cl\u00e1ssico com requintados padr\u00f5es azuis, que podem conferir beleza aos utens\u00edlios de pastelaria e trazer uma atmosfera art\u00edstica a uma cozinha e \u00e0 mesa de jantar, qualquer que seja o estilo da loi\u00e7a.<\/li>\n\n\n\n<li><strong>Material cer\u00e2mico de alta qualidade:<\/strong> Todos os utens\u00edlios de pastelaria por grosso s\u00e3o feitos de cer\u00e2mica de alta qualidade e dur\u00e1vel, capaz de distribuir uniformemente o calor no interior, assegurando assim que, ao cozer, os alimentos s\u00e3o aquecidos uniformemente e que se obt\u00e9m um sabor perfeito; a resist\u00eancia da cer\u00e2mica a altas temperaturas permite que sejam colocados tanto em fornos como em micro-ondas.<\/li>\n\n\n\n<li><strong>Limpeza e manuten\u00e7\u00e3o f\u00e1ceis: <\/strong>Estes ramequins e formas de tarte em cer\u00e2mica t\u00eam um aspeto bonito, mas tamb\u00e9m s\u00e3o seguros para utiliza\u00e7\u00e3o na m\u00e1quina de lavar lou\u00e7a e f\u00e1ceis de limpar, ajudando assim os utilizadores a terminar rapidamente o trabalho ap\u00f3s a cozedura.<\/li>\n<\/ul>\n<\/div>\n\n\n\n<div class=\"wp-block-column is-layout-flow wp-block-column-is-layout-flow\">\n<figure class=\"wp-block-image size-full\"><img fetchpriority=\"high\" decoding=\"async\" width=\"456\" height=\"456\" src=\"https:\/\/jinhuaceramic.com\/wp-content\/uploads\/2024\/08\/ceramic-bakeware-1.webp\" alt=\"F\u00e1brica de panelas de cer\u00e2mica por atacado a granel\" class=\"wp-image-5659\" srcset=\"https:\/\/jinhuaceramic.com\/wp-content\/uploads\/2024\/08\/ceramic-bakeware-1.webp 456w, https:\/\/jinhuaceramic.com\/wp-content\/uploads\/2024\/08\/ceramic-bakeware-1-300x300.webp 300w, https:\/\/jinhuaceramic.com\/wp-content\/uploads\/2024\/08\/ceramic-bakeware-1-150x150.webp 150w, https:\/\/jinhuaceramic.com\/wp-content\/uploads\/2024\/08\/ceramic-bakeware-1-12x12.webp 12w, https:\/\/jinhuaceramic.com\/wp-content\/uploads\/2024\/08\/ceramic-bakeware-1-285x285.webp 285w, https:\/\/jinhuaceramic.com\/wp-content\/uploads\/2024\/08\/ceramic-bakeware-1-270x270.webp 270w\" sizes=\"(max-width: 456px) 100vw, 456px\" \/><\/figure>\n<\/div>\n<\/div>\n\n\n\n<p><\/p>","protected":false},"excerpt":{"rendered":"<p>Bem-vindo a comprar ramequins e formas de tarte em cer\u00e2mica a granel. Esta s\u00e9rie de utens\u00edlios de pastelaria por atacado cont\u00e9m tigelas para pastelaria e pratos para tartes em v\u00e1rios tamanhos e formas para se adequarem a diversos fins na pastelaria. Para al\u00e9m disso, os seus elegantes padr\u00f5es brancos e azuis d\u00e3o um toque decorativo delicado \u00e0 cozinha e \u00e0 mesa de jantar, mostrando plenamente a combina\u00e7\u00e3o perfeita de beleza e praticidade.<\/p>","protected":false},"featured_media":5655,"comment_status":"closed","ping_status":"closed","template":"","meta":{"_acf_changed":false},"product_brand":[],"product_cat":[53],"product_tag":[71],"class_list":{"0":"post-5653","1":"product","2":"type-product","3":"status-publish","4":"has-post-thumbnail","6":"product_cat-bakeware-in-bulk","7":"product_tag-wholesale-baking-pans","9":"first","10":"instock","11":"shipping-taxable","12":"product-type-simple"},"acf":[],"_links":{"self":[{"href":"https:\/\/jinhuaceramic.com\/pt\/wp-json\/wp\/v2\/product\/5653","targetHints":{"allow":["GET"]}}],"collection":[{"href":"https:\/\/jinhuaceramic.com\/pt\/wp-json\/wp\/v2\/product"}],"about":[{"href":"https:\/\/jinhuaceramic.com\/pt\/wp-json\/wp\/v2\/types\/product"}],"replies":[{"embeddable":true,"href":"https:\/\/jinhuaceramic.com\/pt\/wp-json\/wp\/v2\/comments?post=5653"}],"version-history":[{"count":0,"href":"https:\/\/jinhuaceramic.com\/pt\/wp-json\/wp\/v2\/product\/5653\/revisions"}],"wp:featuredmedia":[{"embeddable":true,"href":"https:\/\/jinhuaceramic.com\/pt\/wp-json\/wp\/v2\/media\/5655"}],"wp:attachment":[{"href":"https:\/\/jinhuaceramic.com\/pt\/wp-json\/wp\/v2\/media?parent=5653"}],"wp:term":[{"taxonomy":"product_brand","embeddable":true,"href":"https:\/\/jinhuaceramic.com\/pt\/wp-json\/wp\/v2\/product_brand?post=5653"},{"taxonomy":"product_cat","embeddable":true,"href":"https:\/\/jinhuaceramic.com\/pt\/wp-json\/wp\/v2\/product_cat?post=5653"},{"taxonomy":"product_tag","embeddable":true,"href":"https:\/\/jinhuaceramic.com\/pt\/wp-json\/wp\/v2\/product_tag?post=5653"}],"curies":[{"name":"wp","href":"https:\/\/api.w.org\/{rel}","templated":true}]}}