{"id":5663,"date":"2024-08-07T10:24:28","date_gmt":"2024-08-07T10:24:28","guid":{"rendered":"https:\/\/jinhuaceramic.com\/?post_type=product&#038;p=5663"},"modified":"2024-11-05T03:42:03","modified_gmt":"2024-11-05T03:42:03","slug":"wholesale-bathroom-accessories-bulk","status":"publish","type":"product","link":"https:\/\/jinhuaceramic.com\/pt\/product\/wholesale-bathroom-accessories-bulk\/","title":{"rendered":"Acess\u00f3rios de casa de banho em cer\u00e2mica a granel, dispensadores de sab\u00e3o elegantes por atacado"},"content":{"rendered":"<div class=\"wp-block-columns is-layout-flex wp-container-core-columns-is-layout-9d6595d7 wp-block-columns-is-layout-flex\">\n<div class=\"wp-block-column is-layout-flow wp-block-column-is-layout-flow\">\n<h3 class=\"wp-block-heading\">Acess\u00f3rios de casa de banho Premium Carater\u00edsticas a granel:<\/h3>\n\n\n\n<ul class=\"wp-block-list\">\n<li><strong>Design requintado e complicado:<\/strong> Este conjunto de acess\u00f3rios de casa de banho brancos tem uma forma \u00fanica e est\u00e1 decorado com padr\u00f5es em forma de cora\u00e7\u00e3o, atraindo um toque caloroso e rom\u00e2ntico. Quer seja em casa ou num hotel boutique, proporcionar\u00e1 uma experi\u00eancia visual calorosa e suave.<\/li>\n\n\n\n<li><strong>Cor branca a condizer, estilo vers\u00e1til:<\/strong> Feito de cer\u00e2mica branca pura, tem um aspeto simples e generoso. Quer a sua casa de banho tenha um estilo moderno, cl\u00e1ssico ou pastoral, os nossos dispensadores de sab\u00e3o, saboneteiras e porta-escovas de dentes a granel ser\u00e3o perfeitamente integrados na sua casa de banho para proporcionar um ambiente limpo e confort\u00e1vel.<\/li>\n\n\n\n<li><strong>Material de qualidade superior:<\/strong> Os nossos acess\u00f3rios de casa de banho brancos a granel s\u00e3o adequados para uso di\u00e1rio ou para necessidades hoteleiras de alta qualidade. O material cer\u00e2mico \u00e9 de primeira qualidade, forte e dur\u00e1vel, com uma superf\u00edcie lisa e delicada, resistente a riscos e boa resist\u00eancia a \u00e1cidos. \u00c9 f\u00e1cil de limpar e mant\u00e9m o brilho como novo ap\u00f3s um longo per\u00edodo de utiliza\u00e7\u00e3o.<\/li>\n\n\n\n<li><strong>Acess\u00f3rios de casa de banho completos, grande praticidade: <\/strong>Este conjunto de banho de cer\u00e2mica para venda por grosso inclui dispensadores de sab\u00e3o, saboneteiras e suportes para escovas de dentes para venda por grosso a pre\u00e7os muito acess\u00edveis. Os acess\u00f3rios s\u00e3o todos totalmente funcionais e servir\u00e3o apenas as necessidades di\u00e1rias, tornando a casa de banho mais limpa e mais bonita, proporcionando assim uma experi\u00eancia de utiliza\u00e7\u00e3o mais confort\u00e1vel.<\/li>\n<\/ul>\n<\/div>\n\n\n\n<div class=\"wp-block-column is-layout-flow wp-block-column-is-layout-flow\">\n<figure class=\"wp-block-image size-full\"><img fetchpriority=\"high\" decoding=\"async\" width=\"750\" height=\"1000\" src=\"https:\/\/jinhuaceramic.com\/wp-content\/uploads\/2024\/08\/bathroom-sets.webp\" alt=\"Acess\u00f3rios de casa de banho em cer\u00e2mica a granel, dispensadores de sab\u00e3o elegantes por atacado-1\" class=\"wp-image-5668\" srcset=\"https:\/\/jinhuaceramic.com\/wp-content\/uploads\/2024\/08\/bathroom-sets.webp 750w, https:\/\/jinhuaceramic.com\/wp-content\/uploads\/2024\/08\/bathroom-sets-225x300.webp 225w, https:\/\/jinhuaceramic.com\/wp-content\/uploads\/2024\/08\/bathroom-sets-9x12.webp 9w, https:\/\/jinhuaceramic.com\/wp-content\/uploads\/2024\/08\/bathroom-sets-285x380.webp 285w, https:\/\/jinhuaceramic.com\/wp-content\/uploads\/2024\/08\/bathroom-sets-495x660.webp 495w, https:\/\/jinhuaceramic.com\/wp-content\/uploads\/2024\/08\/bathroom-sets-113x150.webp 113w\" sizes=\"(max-width: 750px) 100vw, 750px\" \/><\/figure>\n<\/div>\n<\/div>","protected":false},"excerpt":{"rendered":"<p>Bem-vindo \u00e0 compra de acess\u00f3rios de casa de banho a granel. Este dispensador de sab\u00e3o, saboneteira e porta-escovas de dentes a granel s\u00e3o feitos com graciosos padr\u00f5es em forma de cora\u00e7\u00e3o, criando uma atmosfera calorosa e rom\u00e2ntica na casa de banho. O branco puro pode combinar com todos os estilos. O material de cer\u00e2mica torna-o dur\u00e1vel e f\u00e1cil de limpar.<\/p>","protected":false},"featured_media":5669,"comment_status":"closed","ping_status":"closed","template":"","meta":{"_acf_changed":false},"product_brand":[],"product_cat":[51],"product_tag":[74],"class_list":{"0":"post-5663","1":"product","2":"type-product","3":"status-publish","4":"has-post-thumbnail","6":"product_cat-bathroom-accessories-wholesale","7":"product_tag-ceramic-bath-accessories-wholesale","9":"first","10":"instock","11":"shipping-taxable","12":"product-type-simple"},"acf":[],"_links":{"self":[{"href":"https:\/\/jinhuaceramic.com\/pt\/wp-json\/wp\/v2\/product\/5663","targetHints":{"allow":["GET"]}}],"collection":[{"href":"https:\/\/jinhuaceramic.com\/pt\/wp-json\/wp\/v2\/product"}],"about":[{"href":"https:\/\/jinhuaceramic.com\/pt\/wp-json\/wp\/v2\/types\/product"}],"replies":[{"embeddable":true,"href":"https:\/\/jinhuaceramic.com\/pt\/wp-json\/wp\/v2\/comments?post=5663"}],"version-history":[{"count":0,"href":"https:\/\/jinhuaceramic.com\/pt\/wp-json\/wp\/v2\/product\/5663\/revisions"}],"wp:featuredmedia":[{"embeddable":true,"href":"https:\/\/jinhuaceramic.com\/pt\/wp-json\/wp\/v2\/media\/5669"}],"wp:attachment":[{"href":"https:\/\/jinhuaceramic.com\/pt\/wp-json\/wp\/v2\/media?parent=5663"}],"wp:term":[{"taxonomy":"product_brand","embeddable":true,"href":"https:\/\/jinhuaceramic.com\/pt\/wp-json\/wp\/v2\/product_brand?post=5663"},{"taxonomy":"product_cat","embeddable":true,"href":"https:\/\/jinhuaceramic.com\/pt\/wp-json\/wp\/v2\/product_cat?post=5663"},{"taxonomy":"product_tag","embeddable":true,"href":"https:\/\/jinhuaceramic.com\/pt\/wp-json\/wp\/v2\/product_tag?post=5663"}],"curies":[{"name":"wp","href":"https:\/\/api.w.org\/{rel}","templated":true}]}}