{"id":5694,"date":"2024-08-10T10:10:47","date_gmt":"2024-08-10T10:10:47","guid":{"rendered":"https:\/\/jinhuaceramic.com\/?post_type=product&#038;p=5694"},"modified":"2024-11-07T10:03:28","modified_gmt":"2024-11-07T10:03:28","slug":"tealight-candle-holder-wholesale","status":"publish","type":"product","link":"https:\/\/jinhuaceramic.com\/pt\/product\/tealight-candle-holder-wholesale\/","title":{"rendered":"Casti\u00e7al de cer\u00e2mica para velas Tealight por atacado, difusor de \u00f3leo essencial a granel"},"content":{"rendered":"<div class=\"wp-block-columns is-layout-flex wp-container-core-columns-is-layout-9d6595d7 wp-block-columns-is-layout-flex\">\n<div class=\"wp-block-column is-layout-flow wp-block-column-is-layout-flow\">\n<h3 class=\"wp-block-heading\">Suporte de vela de cer\u00e2mica premium Tealight por atacado Carater\u00edsticas:<\/h3>\n\n\n\n<ul class=\"wp-block-list\">\n<li><strong>A funcionalidade alia-se \u00e0 beleza:<\/strong> Este requintado casti\u00e7al de cer\u00e2mica com duas camadas tem uma ta\u00e7a difusora na camada superior para \u00f3leos essenciais e um espa\u00e7o para colocar as velas na camada inferior. Pode ser colocado em quartos, salas de estar ou spas.<\/li>\n\n\n\n<li><strong>Combina\u00e7\u00e3o da difus\u00e3o com a ilumina\u00e7\u00e3o: <\/strong>Este grande difusor de \u00f3leos essenciais a granel combina as fun\u00e7\u00f5es de difus\u00e3o de \u00f3leos essenciais e de ilumina\u00e7\u00e3o de velas tealight para criar uma atmosfera serena num segundo. \u00c9 fornecido com luz suave e fragr\u00e2ncia ao mesmo tempo, tornando-o n\u00e3o s\u00f3 mais funcional, mas tamb\u00e9m capaz de dar a este produto um efeito de decora\u00e7\u00e3o especial.<\/li>\n\n\n\n<li><strong>Dispon\u00edvel em v\u00e1rias cores para se adaptar a diferentes estilos decorativos:<\/strong> O nosso casti\u00e7al de cer\u00e2mica para velas tealight por atacado tem v\u00e1rias op\u00e7\u00f5es de cores, desde tons neutros suaves a cores vivas e brilhantes, que podem ser ideais para uma decora\u00e7\u00e3o de casa espec\u00edfica.<\/li>\n\n\n\n<li><strong>Material cer\u00e2mico de alta qualidade, dur\u00e1vel e f\u00e1cil de limpar:<\/strong> O difusor de \u00f3leo essencial a granel tem boa resist\u00eancia ao calor e \u00e9 f\u00e1cil de limpar. Isto garante uma superf\u00edcie lisa e f\u00e1cil de limpar para a cer\u00e2mica, mantendo-a agrad\u00e1vel durante a utiliza\u00e7\u00e3o a longo prazo. \u00c9 tamb\u00e9m seguro e amigo do ambiente para utiliza\u00e7\u00e3o em casa ou em locais comerciais.<\/li>\n<\/ul>\n<\/div>\n\n\n\n<div class=\"wp-block-column is-layout-flow wp-block-column-is-layout-flow\">\n<figure class=\"wp-block-image size-full\"><img fetchpriority=\"high\" decoding=\"async\" width=\"1052\" height=\"1052\" src=\"https:\/\/jinhuaceramic.com\/wp-content\/uploads\/2024\/08\/ceramic-tealight-candle-holder.webp\" alt=\"Suporte de vela de cer\u00e2mica para luz de ch\u00e1 por atacado, Difusores de Aroma\" class=\"wp-image-5697\" srcset=\"https:\/\/jinhuaceramic.com\/wp-content\/uploads\/2024\/08\/ceramic-tealight-candle-holder.webp 1052w, https:\/\/jinhuaceramic.com\/wp-content\/uploads\/2024\/08\/ceramic-tealight-candle-holder-300x300.webp 300w, https:\/\/jinhuaceramic.com\/wp-content\/uploads\/2024\/08\/ceramic-tealight-candle-holder-150x150.webp 150w, https:\/\/jinhuaceramic.com\/wp-content\/uploads\/2024\/08\/ceramic-tealight-candle-holder-768x768.webp 768w, https:\/\/jinhuaceramic.com\/wp-content\/uploads\/2024\/08\/ceramic-tealight-candle-holder-12x12.webp 12w, https:\/\/jinhuaceramic.com\/wp-content\/uploads\/2024\/08\/ceramic-tealight-candle-holder-285x285.webp 285w, https:\/\/jinhuaceramic.com\/wp-content\/uploads\/2024\/08\/ceramic-tealight-candle-holder-270x270.webp 270w, https:\/\/jinhuaceramic.com\/wp-content\/uploads\/2024\/08\/ceramic-tealight-candle-holder-540x540.webp 540w, https:\/\/jinhuaceramic.com\/wp-content\/uploads\/2024\/08\/ceramic-tealight-candle-holder-660x660.webp 660w\" sizes=\"(max-width: 1052px) 100vw, 1052px\" \/><\/figure>\n<\/div>\n<\/div>","protected":false},"excerpt":{"rendered":"<p>Bem-vindo ao comprar o suporte de vela tealight por atacado. O belo difusor de \u00f3leo essencial a granel tem um design de dois n\u00edveis: o n\u00edvel superior \u00e9 usado para difus\u00e3o de \u00f3leo essencial, e o n\u00edvel inferior coloca velas de ch\u00e1 dentro e combina as fun\u00e7\u00f5es duplas de difus\u00e3o de aroma e ilumina\u00e7\u00e3o. Muitas cores est\u00e3o dispon\u00edveis para diferentes estilos de casa.<\/p>","protected":false},"featured_media":5695,"comment_status":"closed","ping_status":"closed","template":"","meta":{"_acf_changed":false},"product_brand":[],"product_cat":[52],"product_tag":[79],"class_list":{"0":"post-5694","1":"product","2":"type-product","3":"status-publish","4":"has-post-thumbnail","6":"product_cat-wholesale-candle-containers","7":"product_tag-tea-light-candle-holders-bulk","9":"first","10":"instock","11":"shipping-taxable","12":"product-type-simple"},"acf":[],"_links":{"self":[{"href":"https:\/\/jinhuaceramic.com\/pt\/wp-json\/wp\/v2\/product\/5694","targetHints":{"allow":["GET"]}}],"collection":[{"href":"https:\/\/jinhuaceramic.com\/pt\/wp-json\/wp\/v2\/product"}],"about":[{"href":"https:\/\/jinhuaceramic.com\/pt\/wp-json\/wp\/v2\/types\/product"}],"replies":[{"embeddable":true,"href":"https:\/\/jinhuaceramic.com\/pt\/wp-json\/wp\/v2\/comments?post=5694"}],"version-history":[{"count":0,"href":"https:\/\/jinhuaceramic.com\/pt\/wp-json\/wp\/v2\/product\/5694\/revisions"}],"wp:featuredmedia":[{"embeddable":true,"href":"https:\/\/jinhuaceramic.com\/pt\/wp-json\/wp\/v2\/media\/5695"}],"wp:attachment":[{"href":"https:\/\/jinhuaceramic.com\/pt\/wp-json\/wp\/v2\/media?parent=5694"}],"wp:term":[{"taxonomy":"product_brand","embeddable":true,"href":"https:\/\/jinhuaceramic.com\/pt\/wp-json\/wp\/v2\/product_brand?post=5694"},{"taxonomy":"product_cat","embeddable":true,"href":"https:\/\/jinhuaceramic.com\/pt\/wp-json\/wp\/v2\/product_cat?post=5694"},{"taxonomy":"product_tag","embeddable":true,"href":"https:\/\/jinhuaceramic.com\/pt\/wp-json\/wp\/v2\/product_tag?post=5694"}],"curies":[{"name":"wp","href":"https:\/\/api.w.org\/{rel}","templated":true}]}}