{"id":5735,"date":"2024-08-14T01:24:26","date_gmt":"2024-08-14T01:24:26","guid":{"rendered":"https:\/\/jinhuaceramic.com\/?post_type=product&#038;p=5735"},"modified":"2025-03-10T08:43:49","modified_gmt":"2025-03-10T08:43:49","slug":"ceramic-baking-dish-set-wholesale","status":"publish","type":"product","link":"https:\/\/jinhuaceramic.com\/pt\/product\/ceramic-baking-dish-set-wholesale\/","title":{"rendered":"Conjunto de 2 pe\u00e7as rectangulares para assar em cer\u00e2mica Wholesale Bakeware"},"content":{"rendered":"<div class=\"wp-block-columns is-layout-flex wp-container-core-columns-is-layout-9d6595d7 wp-block-columns-is-layout-flex\">\n<div class=\"wp-block-column is-layout-flow wp-block-column-is-layout-flow\">\n<h3 class=\"wp-block-heading\">Conjunto de pratos de cozimento premium Carater\u00edsticas por atacado:<\/h3>\n\n\n\n<ul class=\"wp-block-list\">\n<li><strong>Design elegante: <\/strong>Este conjunto de assadeiras de cer\u00e2mica por atacado \u00e9 feito com uma forma retangular cl\u00e1ssica. A cor principal da assadeira \u00e9 verde azeitona escuro, enquanto a cor da parte inferior \u00e9 amarelo terra claro. A combina\u00e7\u00e3o de cores muito harmoniosa, combinando cores claras e escuras, ser\u00e1 bem integrada em cozinhas de v\u00e1rios estilos.<\/li>\n\n\n\n<li><strong>Material de qualidade superior: <\/strong>Estes conjuntos de pastelaria para venda por grosso s\u00e3o feitos de cer\u00e2mica de alta qualidade, cozida a altas temperaturas com uma sensa\u00e7\u00e3o suave e agrad\u00e1vel ao toque. N\u00e3o s\u00f3 \u00e9 resistente a altas temperaturas, como tamb\u00e9m mant\u00e9m firmemente a preserva\u00e7\u00e3o do calor e garante o melhor efeito de cozedura.<\/li>\n\n\n\n<li><strong>Utiliza\u00e7\u00e3o vers\u00e1til:<\/strong> Este conjunto de assadeiras de cer\u00e2mica por atacado pode ser utilizado para grelhar carne, cozer arroz, fazer sobremesas, etc. Amplamente utilizados, os pratos de cozedura s\u00e3o apresentados em dois tamanhos, que ir\u00e3o certamente satisfazer as necessidades de v\u00e1rias refei\u00e7\u00f5es.<\/li>\n\n\n\n<li><strong>Comodidade do forno para a mesa: <\/strong>Ideais para cozer e servir, estes conjuntos de utens\u00edlios de pastelaria para venda por grosso foram concebidos com pegas pr\u00e1ticas e um estilo elegante que pode ser levado diretamente do forno para a mesa.<\/li>\n<\/ul>\n<\/div>\n\n\n\n<div class=\"wp-block-column is-layout-flow wp-block-column-is-layout-flow\">\n<figure class=\"wp-block-image size-full\"><img fetchpriority=\"high\" decoding=\"async\" width=\"1466\" height=\"1500\" src=\"https:\/\/jinhuaceramic.com\/wp-content\/uploads\/2024\/08\/baking-dish-2.webp\" alt=\"Conjunto de assadeiras de cer\u00e2mica rectangulares de 2 pe\u00e7as - Pastelaria grossista\" class=\"wp-image-5739\" srcset=\"https:\/\/jinhuaceramic.com\/wp-content\/uploads\/2024\/08\/baking-dish-2.webp 1466w, https:\/\/jinhuaceramic.com\/wp-content\/uploads\/2024\/08\/baking-dish-2-293x300.webp 293w, https:\/\/jinhuaceramic.com\/wp-content\/uploads\/2024\/08\/baking-dish-2-768x786.webp 768w, https:\/\/jinhuaceramic.com\/wp-content\/uploads\/2024\/08\/baking-dish-2-12x12.webp 12w, https:\/\/jinhuaceramic.com\/wp-content\/uploads\/2024\/08\/baking-dish-2-285x292.webp 285w, https:\/\/jinhuaceramic.com\/wp-content\/uploads\/2024\/08\/baking-dish-2-645x660.webp 645w, https:\/\/jinhuaceramic.com\/wp-content\/uploads\/2024\/08\/baking-dish-2-147x150.webp 147w\" sizes=\"(max-width: 1466px) 100vw, 1466px\" \/><\/figure>\n<\/div>\n<\/div>","protected":false},"excerpt":{"rendered":"<p>Bem-vindo \u00e0 compra de conjuntos de pastelaria por grosso. Este conjunto de assadeiras rectangulares de cer\u00e2mica por atacado tornou-se rapidamente um novo favorito na cozinha com o seu design elegante e fun\u00e7\u00f5es pr\u00e1ticas. Fabricados em material cer\u00e2mico de alta qualidade, s\u00e3o resistentes a altas temperaturas e f\u00e1ceis de limpar. Uma variedade de tamanhos satisfaz diferentes necessidades culin\u00e1rias, facilitando a cozedura.<\/p>","protected":false},"featured_media":5737,"comment_status":"closed","ping_status":"closed","template":"","meta":{"_acf_changed":false},"product_brand":[],"product_cat":[53],"product_tag":[71],"class_list":{"0":"post-5735","1":"product","2":"type-product","3":"status-publish","4":"has-post-thumbnail","6":"product_cat-bakeware-in-bulk","7":"product_tag-wholesale-baking-pans","9":"first","10":"instock","11":"shipping-taxable","12":"product-type-simple"},"acf":[],"_links":{"self":[{"href":"https:\/\/jinhuaceramic.com\/pt\/wp-json\/wp\/v2\/product\/5735","targetHints":{"allow":["GET"]}}],"collection":[{"href":"https:\/\/jinhuaceramic.com\/pt\/wp-json\/wp\/v2\/product"}],"about":[{"href":"https:\/\/jinhuaceramic.com\/pt\/wp-json\/wp\/v2\/types\/product"}],"replies":[{"embeddable":true,"href":"https:\/\/jinhuaceramic.com\/pt\/wp-json\/wp\/v2\/comments?post=5735"}],"version-history":[{"count":0,"href":"https:\/\/jinhuaceramic.com\/pt\/wp-json\/wp\/v2\/product\/5735\/revisions"}],"wp:featuredmedia":[{"embeddable":true,"href":"https:\/\/jinhuaceramic.com\/pt\/wp-json\/wp\/v2\/media\/5737"}],"wp:attachment":[{"href":"https:\/\/jinhuaceramic.com\/pt\/wp-json\/wp\/v2\/media?parent=5735"}],"wp:term":[{"taxonomy":"product_brand","embeddable":true,"href":"https:\/\/jinhuaceramic.com\/pt\/wp-json\/wp\/v2\/product_brand?post=5735"},{"taxonomy":"product_cat","embeddable":true,"href":"https:\/\/jinhuaceramic.com\/pt\/wp-json\/wp\/v2\/product_cat?post=5735"},{"taxonomy":"product_tag","embeddable":true,"href":"https:\/\/jinhuaceramic.com\/pt\/wp-json\/wp\/v2\/product_tag?post=5735"}],"curies":[{"name":"wp","href":"https:\/\/api.w.org\/{rel}","templated":true}]}}