{"id":5748,"date":"2024-08-15T06:24:22","date_gmt":"2024-08-15T06:24:22","guid":{"rendered":"https:\/\/jinhuaceramic.com\/?post_type=product&#038;p=5748"},"modified":"2024-10-15T08:37:44","modified_gmt":"2024-10-15T08:37:44","slug":"hotel-bath-accessories-wholesale","status":"publish","type":"product","link":"https:\/\/jinhuaceramic.com\/pt\/product\/hotel-bath-accessories-wholesale\/","title":{"rendered":"Acess\u00f3rios de banho de hotel totalmente pretos por atacado, conjuntos de casa de banho personalizados"},"content":{"rendered":"<div class=\"wp-block-columns is-layout-flex wp-container-core-columns-is-layout-9d6595d7 wp-block-columns-is-layout-flex\">\n<div class=\"wp-block-column is-layout-flow wp-block-column-is-layout-flow\">\n<h3 class=\"wp-block-heading\">Acess\u00f3rios de banho Premium por atacado Carater\u00edsticas:<\/h3>\n\n\n\n<ul class=\"wp-block-list\">\n<li><strong>Estilo minimalista totalmente preto, mostrando um temperamento nobre:<\/strong> Este acess\u00f3rio de banho por atacado adopta um design totalmente preto, que \u00e9 simples, elegante e moderno. O preto n\u00e3o s\u00f3 aumenta o sentido de moda da casa de banho, mas tamb\u00e9m traz um efeito visual calmo e requintado ao espa\u00e7o, que \u00e9 muito adequado para as necessidades de estilo de hot\u00e9is de luxo e hot\u00e9is boutique.<\/li>\n\n\n\n<li><strong>Conjunto completo, aten\u00e7\u00e3o aos pormenores: <\/strong>Os nossos conjuntos de casa de banho personalizados incluem dispensadores de sab\u00e3o, copos para escovas de dentes, saboneteiras e outros acess\u00f3rios de casa de banho essenciais. Ao mesmo tempo que satisfazemos diferentes necessidades di\u00e1rias, prestamos aten\u00e7\u00e3o ao design pormenorizado de cada produto, com fun\u00e7\u00e3o e beleza.<\/li>\n\n\n\n<li><strong>Cer\u00e2mica de alto desempenho, adequada para utiliza\u00e7\u00e3o a longo prazo:<\/strong> Este acess\u00f3rio de banho preto por atacado utiliza materiais cer\u00e2micos de alta qualidade, com excelente resist\u00eancia ao desgaste e \u00e0s manchas, e pode manter o seu aspeto suave e brilhante mesmo com uma utiliza\u00e7\u00e3o frequente.<\/li>\n\n\n\n<li><strong>Solu\u00e7\u00f5es de personaliza\u00e7\u00e3o para aumentar a influ\u00eancia da marca: <\/strong>Os nossos conjuntos de casa de banho personalizados suportam cores, log\u00f3tipos e designs de estilo personalizados, e satisfazem de forma flex\u00edvel as necessidades da marca de hot\u00e9is e clientes comerciais. Atrav\u00e9s de um design \u00fanico e de produtos personalizados, a personalidade da marca pode ser mostrada em todos os pormenores.<\/li>\n<\/ul>\n<\/div>\n\n\n\n<div class=\"wp-block-column is-layout-flow wp-block-column-is-layout-flow\">\n<figure class=\"wp-block-image size-full\"><img fetchpriority=\"high\" decoding=\"async\" width=\"750\" height=\"935\" src=\"https:\/\/jinhuaceramic.com\/wp-content\/uploads\/2024\/08\/bathroom-set-3.webp\" alt=\"Acess\u00f3rios de banho de hotel totalmente pretos por atacado, conjuntos de casa de banho personalizados-1\" class=\"wp-image-5752\" srcset=\"https:\/\/jinhuaceramic.com\/wp-content\/uploads\/2024\/08\/bathroom-set-3.webp 750w, https:\/\/jinhuaceramic.com\/wp-content\/uploads\/2024\/08\/bathroom-set-3-241x300.webp 241w, https:\/\/jinhuaceramic.com\/wp-content\/uploads\/2024\/08\/bathroom-set-3-10x12.webp 10w, https:\/\/jinhuaceramic.com\/wp-content\/uploads\/2024\/08\/bathroom-set-3-285x355.webp 285w, https:\/\/jinhuaceramic.com\/wp-content\/uploads\/2024\/08\/bathroom-set-3-529x660.webp 529w, https:\/\/jinhuaceramic.com\/wp-content\/uploads\/2024\/08\/bathroom-set-3-120x150.webp 120w\" sizes=\"(max-width: 750px) 100vw, 750px\" \/><\/figure>\n<\/div>\n<\/div>","protected":false},"excerpt":{"rendered":"<p>Bem-vindo aos conjuntos de casa de banho personalizados. Este conjunto de acess\u00f3rios de banho totalmente preto acrescenta uma sensa\u00e7\u00e3o de luxo \u00e0s casas de banho de hotel com o seu design simples e atmosf\u00e9rico e fun\u00e7\u00f5es completas. Feito de cer\u00e2mica de alta qualidade, dur\u00e1vel e f\u00e1cil de manter. Apoio \u00e0 compra a granel e servi\u00e7os personalizados.<\/p>","protected":false},"featured_media":5755,"comment_status":"closed","ping_status":"closed","template":"","meta":{"_acf_changed":false},"product_brand":[],"product_cat":[51],"product_tag":[74],"class_list":{"0":"post-5748","1":"product","2":"type-product","3":"status-publish","4":"has-post-thumbnail","6":"product_cat-bathroom-accessories-wholesale","7":"product_tag-ceramic-bath-accessories-wholesale","9":"first","10":"instock","11":"shipping-taxable","12":"product-type-simple"},"acf":[],"_links":{"self":[{"href":"https:\/\/jinhuaceramic.com\/pt\/wp-json\/wp\/v2\/product\/5748","targetHints":{"allow":["GET"]}}],"collection":[{"href":"https:\/\/jinhuaceramic.com\/pt\/wp-json\/wp\/v2\/product"}],"about":[{"href":"https:\/\/jinhuaceramic.com\/pt\/wp-json\/wp\/v2\/types\/product"}],"replies":[{"embeddable":true,"href":"https:\/\/jinhuaceramic.com\/pt\/wp-json\/wp\/v2\/comments?post=5748"}],"version-history":[{"count":0,"href":"https:\/\/jinhuaceramic.com\/pt\/wp-json\/wp\/v2\/product\/5748\/revisions"}],"wp:featuredmedia":[{"embeddable":true,"href":"https:\/\/jinhuaceramic.com\/pt\/wp-json\/wp\/v2\/media\/5755"}],"wp:attachment":[{"href":"https:\/\/jinhuaceramic.com\/pt\/wp-json\/wp\/v2\/media?parent=5748"}],"wp:term":[{"taxonomy":"product_brand","embeddable":true,"href":"https:\/\/jinhuaceramic.com\/pt\/wp-json\/wp\/v2\/product_brand?post=5748"},{"taxonomy":"product_cat","embeddable":true,"href":"https:\/\/jinhuaceramic.com\/pt\/wp-json\/wp\/v2\/product_cat?post=5748"},{"taxonomy":"product_tag","embeddable":true,"href":"https:\/\/jinhuaceramic.com\/pt\/wp-json\/wp\/v2\/product_tag?post=5748"}],"curies":[{"name":"wp","href":"https:\/\/api.w.org\/{rel}","templated":true}]}}