{"id":5774,"date":"2024-08-17T07:40:56","date_gmt":"2024-08-17T07:40:56","guid":{"rendered":"https:\/\/jinhuaceramic.com\/?post_type=product&#038;p=5774"},"modified":"2025-03-11T08:28:07","modified_gmt":"2025-03-11T08:28:07","slug":"wholesale-ceramic-baking-dish","status":"publish","type":"product","link":"https:\/\/jinhuaceramic.com\/pt\/product\/wholesale-ceramic-baking-dish\/","title":{"rendered":"Assadeira de cer\u00e2mica por atacado com design de bolinhas e bordas onduladas"},"content":{"rendered":"<div class=\"wp-block-columns is-layout-flex wp-container-core-columns-is-layout-9d6595d7 wp-block-columns-is-layout-flex\">\n<div class=\"wp-block-column is-layout-flow wp-block-column-is-layout-flow\">\n<h3 class=\"wp-block-heading\">Prato de cer\u00e2mica para assar Premium Wholesale Carater\u00edsticas:<\/h3>\n\n\n\n<ul class=\"wp-block-list\">\n<li><strong>Design elegante:<\/strong> Estas assadeiras de cer\u00e2mica para venda por grosso est\u00e3o dispon\u00edveis em 4 cores e apresentam um design ondulado \u00fanico. As assadeiras coloridas s\u00e3o pontilhadas com pontos brancos, e as assadeiras brancas s\u00e3o pontilhadas com pontos coloridos, acrescentando um toque de vivacidade e fofura ao design geral.<\/li>\n\n\n\n<li><strong>Material de qualidade superior:<\/strong> Feitos de argila cer\u00e2mica de alta qualidade e esmalte n\u00e3o t\u00f3xico, estes pratos redondos de cer\u00e2mica para assar por atacado s\u00e3o resistentes ao calor, dur\u00e1veis e seguros para o forno, micro-ondas, congelador e m\u00e1quina de lavar lou\u00e7a.<\/li>\n\n\n\n<li><strong>Utiliza\u00e7\u00e3o vers\u00e1til:<\/strong> Estes pratos de cer\u00e2mica para cozer por atacado t\u00eam uma capacidade de 10 on\u00e7as e podem ser utilizados para fazer mini tartes, mousse, pudim, salada de fruta e outras sobremesas. O tamanho mais pequeno \u00e9 adequado para o forno para acomodar v\u00e1rios pratos de cozedura, cozendo diferentes alimentos ao mesmo tempo para melhorar a efici\u00eancia.<\/li>\n\n\n\n<li><strong>F\u00e1cil de limpar:<\/strong> Estes pratos de cer\u00e2mica para assar por atacado t\u00eam uma superf\u00edcie lisa que n\u00e3o \u00e9 facilmente manchada por res\u00edduos de alimentos e s\u00e3o f\u00e1ceis e c\u00f3modos de limpar, quer \u00e0 m\u00e3o quer na m\u00e1quina de lavar lou\u00e7a.<\/li>\n<\/ul>\n<\/div>\n\n\n\n<div class=\"wp-block-column is-layout-flow wp-block-column-is-layout-flow\">\n<figure class=\"wp-block-image size-full\"><img fetchpriority=\"high\" decoding=\"async\" width=\"1500\" height=\"1500\" src=\"https:\/\/jinhuaceramic.com\/wp-content\/uploads\/2024\/08\/baking-dishes-2.webp\" alt=\"Wholesale-Polka-Dot-Ceramic-Round-Baking-Dish-With-Wavy-Edge-Design\" class=\"wp-image-5778\" srcset=\"https:\/\/jinhuaceramic.com\/wp-content\/uploads\/2024\/08\/baking-dishes-2.webp 1500w, https:\/\/jinhuaceramic.com\/wp-content\/uploads\/2024\/08\/baking-dishes-2-300x300.webp 300w, https:\/\/jinhuaceramic.com\/wp-content\/uploads\/2024\/08\/baking-dishes-2-150x150.webp 150w, https:\/\/jinhuaceramic.com\/wp-content\/uploads\/2024\/08\/baking-dishes-2-768x768.webp 768w, https:\/\/jinhuaceramic.com\/wp-content\/uploads\/2024\/08\/baking-dishes-2-12x12.webp 12w, https:\/\/jinhuaceramic.com\/wp-content\/uploads\/2024\/08\/baking-dishes-2-285x285.webp 285w, https:\/\/jinhuaceramic.com\/wp-content\/uploads\/2024\/08\/baking-dishes-2-270x270.webp 270w, https:\/\/jinhuaceramic.com\/wp-content\/uploads\/2024\/08\/baking-dishes-2-540x540.webp 540w, https:\/\/jinhuaceramic.com\/wp-content\/uploads\/2024\/08\/baking-dishes-2-660x660.webp 660w\" sizes=\"(max-width: 1500px) 100vw, 1500px\" \/><\/figure>\n<\/div>\n<\/div>","protected":false},"excerpt":{"rendered":"<p>Estes pratos de cer\u00e2mica por atacado com bolinhas s\u00e3o a primeira escolha para os clientes com as suas op\u00e7\u00f5es de cores vibrantes, material cer\u00e2mico de alta qualidade e design ondulado \u00fanico. S\u00e3o dur\u00e1veis e f\u00e1ceis de limpar, adequadas para uma variedade de necessidades de cozedura, quer para uso dom\u00e9stico di\u00e1rio quer para uso comercial.<\/p>","protected":false},"featured_media":5779,"comment_status":"closed","ping_status":"closed","template":"","meta":{"_acf_changed":false},"product_brand":[],"product_cat":[53],"product_tag":[70],"class_list":{"0":"post-5774","1":"product","2":"type-product","3":"status-publish","4":"has-post-thumbnail","6":"product_cat-bakeware-in-bulk","7":"product_tag-custom-pie-pans","9":"first","10":"instock","11":"shipping-taxable","12":"product-type-simple"},"acf":[],"_links":{"self":[{"href":"https:\/\/jinhuaceramic.com\/pt\/wp-json\/wp\/v2\/product\/5774","targetHints":{"allow":["GET"]}}],"collection":[{"href":"https:\/\/jinhuaceramic.com\/pt\/wp-json\/wp\/v2\/product"}],"about":[{"href":"https:\/\/jinhuaceramic.com\/pt\/wp-json\/wp\/v2\/types\/product"}],"replies":[{"embeddable":true,"href":"https:\/\/jinhuaceramic.com\/pt\/wp-json\/wp\/v2\/comments?post=5774"}],"version-history":[{"count":0,"href":"https:\/\/jinhuaceramic.com\/pt\/wp-json\/wp\/v2\/product\/5774\/revisions"}],"wp:featuredmedia":[{"embeddable":true,"href":"https:\/\/jinhuaceramic.com\/pt\/wp-json\/wp\/v2\/media\/5779"}],"wp:attachment":[{"href":"https:\/\/jinhuaceramic.com\/pt\/wp-json\/wp\/v2\/media?parent=5774"}],"wp:term":[{"taxonomy":"product_brand","embeddable":true,"href":"https:\/\/jinhuaceramic.com\/pt\/wp-json\/wp\/v2\/product_brand?post=5774"},{"taxonomy":"product_cat","embeddable":true,"href":"https:\/\/jinhuaceramic.com\/pt\/wp-json\/wp\/v2\/product_cat?post=5774"},{"taxonomy":"product_tag","embeddable":true,"href":"https:\/\/jinhuaceramic.com\/pt\/wp-json\/wp\/v2\/product_tag?post=5774"}],"curies":[{"name":"wp","href":"https:\/\/api.w.org\/{rel}","templated":true}]}}