{"id":5785,"date":"2024-08-17T07:31:25","date_gmt":"2024-08-17T07:31:25","guid":{"rendered":"https:\/\/jinhuaceramic.com\/?post_type=product&#038;p=5785"},"modified":"2024-09-21T04:04:00","modified_gmt":"2024-09-21T04:04:00","slug":"factory-supply-bulk-soap-dispenser-2","status":"publish","type":"product","link":"https:\/\/jinhuaceramic.com\/pt\/product\/factory-supply-bulk-soap-dispenser-2\/","title":{"rendered":"Distribuidor de sab\u00e3o a granel para casa de banho e cozinha"},"content":{"rendered":"<div class=\"wp-block-columns is-layout-flex wp-container-core-columns-is-layout-9d6595d7 wp-block-columns-is-layout-flex\">\n<div class=\"wp-block-column is-layout-flow wp-block-column-is-layout-flow\">\n<h3 class=\"wp-block-heading\">Distribuidor de sab\u00e3o a granel de fornecimento de f\u00e1brica Premium Carater\u00edsticas:<\/h3>\n\n\n\n<ul class=\"wp-block-list\">\n<li><strong>Design elegante:<\/strong> Estes dispensadores de sab\u00e3o a granel com bolsos est\u00e3o dispon\u00edveis em tr\u00eas cores cl\u00e1ssicas e vers\u00e1teis: branco, cinzento e preto, com uma bomba prateada. O design simples e elegante adapta-se a qualquer estilo de casa.<\/li>\n\n\n\n<li><strong>Durabilidade: <\/strong>Estes dispensadores de sab\u00e3o de cer\u00e2mica a granel s\u00e3o feitos de material cer\u00e2mico de alta qualidade, forte e dur\u00e1vel. A bomba pressiona suavemente e pode rodar 360 graus para dispensar facilmente o sab\u00e3o l\u00edquido.<\/li>\n\n\n\n<li><strong>Versatilidade:<\/strong> Estes dispensadores de sab\u00e3o a granel de cer\u00e2mica fornecidos pela f\u00e1brica podem ser usados na casa de banho ou na cozinha para dispensar champ\u00f4, lo\u00e7\u00e3o, gel de banho, detergente, sab\u00e3o para as m\u00e3os, etc. O design do bolso frontal tamb\u00e9m pode conter esponjas, sabonetes em barra ou outros pequenos acess\u00f3rios de casa de banho e cozinha, tornando o espa\u00e7o da casa de banho mais arrumado e organizado.<\/li>\n\n\n\n<li><strong>Amigo do ambiente:<\/strong> Estes dispensadores de sab\u00e3o de cer\u00e2mica por atacado t\u00eam uma superf\u00edcie lisa, s\u00e3o f\u00e1ceis de limpar e podem ser reutilizados muitas vezes, reduzindo a utiliza\u00e7\u00e3o de embalagens de garrafas de pl\u00e1stico e beneficiando o ambiente.<\/li>\n<\/ul>\n<\/div>\n\n\n\n<div class=\"wp-block-column is-layout-flow wp-block-column-is-layout-flow\">\n<figure class=\"wp-block-image size-full\"><img fetchpriority=\"high\" decoding=\"async\" width=\"800\" height=\"800\" src=\"https:\/\/jinhuaceramic.com\/wp-content\/uploads\/2024\/08\/soap-bottle.webp\" alt=\"Distribuidor de sab\u00e3o a granel para casa de banho e cozinha\" class=\"wp-image-5791\" srcset=\"https:\/\/jinhuaceramic.com\/wp-content\/uploads\/2024\/08\/soap-bottle.webp 800w, https:\/\/jinhuaceramic.com\/wp-content\/uploads\/2024\/08\/soap-bottle-300x300.webp 300w, https:\/\/jinhuaceramic.com\/wp-content\/uploads\/2024\/08\/soap-bottle-150x150.webp 150w, https:\/\/jinhuaceramic.com\/wp-content\/uploads\/2024\/08\/soap-bottle-768x768.webp 768w, https:\/\/jinhuaceramic.com\/wp-content\/uploads\/2024\/08\/soap-bottle-12x12.webp 12w, https:\/\/jinhuaceramic.com\/wp-content\/uploads\/2024\/08\/soap-bottle-285x285.webp 285w, https:\/\/jinhuaceramic.com\/wp-content\/uploads\/2024\/08\/soap-bottle-270x270.webp 270w, https:\/\/jinhuaceramic.com\/wp-content\/uploads\/2024\/08\/soap-bottle-540x540.webp 540w, https:\/\/jinhuaceramic.com\/wp-content\/uploads\/2024\/08\/soap-bottle-660x660.webp 660w\" sizes=\"(max-width: 800px) 100vw, 800px\" \/><\/figure>\n<\/div>\n<\/div>","protected":false},"excerpt":{"rendered":"<p>Estes dispensadores de sab\u00e3o a granel, fornecidos pela f\u00e1brica de cer\u00e2mica, n\u00e3o s\u00e3o apenas elegantes e f\u00e1ceis de utilizar, mas tamb\u00e9m duradouros. Podem dispensar sab\u00e3o l\u00edquido e armazenar utens\u00edlios de limpeza ao mesmo tempo. Quer seja na cozinha ou na casa de banho, podem dar um toque de limpeza e conforto ao ambiente dom\u00e9stico.<\/p>","protected":false},"featured_media":5786,"comment_status":"closed","ping_status":"closed","template":"","meta":{"_acf_changed":false},"product_brand":[],"product_cat":[51],"product_tag":[73],"class_list":{"0":"post-5785","1":"product","2":"type-product","3":"status-publish","4":"has-post-thumbnail","6":"product_cat-bathroom-accessories-wholesale","7":"product_tag-custom-soap-dispensers","9":"first","10":"instock","11":"shipping-taxable","12":"product-type-simple"},"acf":[],"_links":{"self":[{"href":"https:\/\/jinhuaceramic.com\/pt\/wp-json\/wp\/v2\/product\/5785","targetHints":{"allow":["GET"]}}],"collection":[{"href":"https:\/\/jinhuaceramic.com\/pt\/wp-json\/wp\/v2\/product"}],"about":[{"href":"https:\/\/jinhuaceramic.com\/pt\/wp-json\/wp\/v2\/types\/product"}],"replies":[{"embeddable":true,"href":"https:\/\/jinhuaceramic.com\/pt\/wp-json\/wp\/v2\/comments?post=5785"}],"version-history":[{"count":0,"href":"https:\/\/jinhuaceramic.com\/pt\/wp-json\/wp\/v2\/product\/5785\/revisions"}],"wp:featuredmedia":[{"embeddable":true,"href":"https:\/\/jinhuaceramic.com\/pt\/wp-json\/wp\/v2\/media\/5786"}],"wp:attachment":[{"href":"https:\/\/jinhuaceramic.com\/pt\/wp-json\/wp\/v2\/media?parent=5785"}],"wp:term":[{"taxonomy":"product_brand","embeddable":true,"href":"https:\/\/jinhuaceramic.com\/pt\/wp-json\/wp\/v2\/product_brand?post=5785"},{"taxonomy":"product_cat","embeddable":true,"href":"https:\/\/jinhuaceramic.com\/pt\/wp-json\/wp\/v2\/product_cat?post=5785"},{"taxonomy":"product_tag","embeddable":true,"href":"https:\/\/jinhuaceramic.com\/pt\/wp-json\/wp\/v2\/product_tag?post=5785"}],"curies":[{"name":"wp","href":"https:\/\/api.w.org\/{rel}","templated":true}]}}