{"id":5801,"date":"2024-08-20T01:55:07","date_gmt":"2024-08-20T01:55:07","guid":{"rendered":"https:\/\/jinhuaceramic.com\/?post_type=product&#038;p=5801"},"modified":"2024-11-07T09:54:02","modified_gmt":"2024-11-07T09:54:02","slug":"empty-candle-vessels-wholesale","status":"publish","type":"product","link":"https:\/\/jinhuaceramic.com\/pt\/product\/empty-candle-vessels-wholesale\/","title":{"rendered":"Vasos de vela vazios por atacado, frascos de cer\u00e2mica amarela em espiral"},"content":{"rendered":"<div class=\"wp-block-columns is-layout-flex wp-container-core-columns-is-layout-9d6595d7 wp-block-columns-is-layout-flex\">\n<div class=\"wp-block-column is-layout-flow wp-block-column-is-layout-flow\">\n<h3 class=\"wp-block-heading\">Vasos de vela vazios Premium Carater\u00edsticas por atacado:<\/h3>\n\n\n\n<ul class=\"wp-block-list\">\n<li><strong>Design elegante:<\/strong> O design elegante destes recipientes para velas vazios por atacado \u00e9 inspirado na forma espiral da natureza. Estes frascos de velas a granel come\u00e7am no fundo e sobem gradualmente numa elegante linha em espiral, convergindo finalmente para uma delicada abertura superior redonda. Este design n\u00e3o \u00e9 apenas bonito, mas tamb\u00e9m aumenta a estabilidade de utiliza\u00e7\u00e3o.<\/li>\n\n\n\n<li><strong>Material de qualidade superior:<\/strong> Estes frascos de velas em espiral s\u00e3o feitos de cer\u00e2mica de alta qualidade e esmalte amarelo inofensivo como mat\u00e9rias-primas, e s\u00e3o submetidos a um processo de cozedura fino para garantir que a superf\u00edcie do produto \u00e9 lisa e delicada, e \u00e9 quente ao toque.<\/li>\n\n\n\n<li><strong>Reutiliz\u00e1vel:<\/strong> Depois de gastas as velas, estes recipientes para velas vazios em cer\u00e2mica amarela em espiral podem ser reutilizados como maravilhosos recipientes de armazenamento para pequenos artigos como pinc\u00e9is de maquilhagem, j\u00f3ias, chaves ou material de escrit\u00f3rio.<\/li>\n\n\n\n<li><strong>Servi\u00e7o personaliz\u00e1vel:<\/strong> Para atender \u00e0s necessidades personalizadas de diferentes clientes, como uma f\u00e1brica, fornecemos servi\u00e7os personalizados de jarros de velas. Quer se trate de ajustar a cor, modificar o tamanho ou personalizar um padr\u00e3o \u00fanico, iremos servi-lo de todo o cora\u00e7\u00e3o.<\/li>\n<\/ul>\n<\/div>\n\n\n\n<div class=\"wp-block-column is-layout-flow wp-block-column-is-layout-flow\">\n<figure class=\"wp-block-image size-full\"><img fetchpriority=\"high\" decoding=\"async\" width=\"1257\" height=\"1257\" src=\"https:\/\/jinhuaceramic.com\/wp-content\/uploads\/2024\/08\/candle-jar-ceramic-3.webp\" alt=\"Vasos de vela vazios por atacado, frascos de cer\u00e2mica amarela em espiral-4\" class=\"wp-image-5803\" srcset=\"https:\/\/jinhuaceramic.com\/wp-content\/uploads\/2024\/08\/candle-jar-ceramic-3.webp 1257w, https:\/\/jinhuaceramic.com\/wp-content\/uploads\/2024\/08\/candle-jar-ceramic-3-300x300.webp 300w, https:\/\/jinhuaceramic.com\/wp-content\/uploads\/2024\/08\/candle-jar-ceramic-3-150x150.webp 150w, https:\/\/jinhuaceramic.com\/wp-content\/uploads\/2024\/08\/candle-jar-ceramic-3-768x768.webp 768w, https:\/\/jinhuaceramic.com\/wp-content\/uploads\/2024\/08\/candle-jar-ceramic-3-12x12.webp 12w, https:\/\/jinhuaceramic.com\/wp-content\/uploads\/2024\/08\/candle-jar-ceramic-3-285x285.webp 285w, https:\/\/jinhuaceramic.com\/wp-content\/uploads\/2024\/08\/candle-jar-ceramic-3-270x270.webp 270w, https:\/\/jinhuaceramic.com\/wp-content\/uploads\/2024\/08\/candle-jar-ceramic-3-540x540.webp 540w, https:\/\/jinhuaceramic.com\/wp-content\/uploads\/2024\/08\/candle-jar-ceramic-3-660x660.webp 660w\" sizes=\"(max-width: 1257px) 100vw, 1257px\" \/><\/figure>\n<\/div>\n<\/div>","protected":false},"excerpt":{"rendered":"<p>Bem-vindo \u00e0 compra de frascos de vela vazios a granel. Nossos vasos de vela vazios de cer\u00e2mica amarela em espiral por atacado, com um design espiral exclusivo, esmalte amarelo quente e material cer\u00e2mico de alta qualidade, s\u00e3o uma decora\u00e7\u00e3o de casa e pr\u00e1tica. N\u00f3s fornecemos descontos por atacado e servi\u00e7os de personaliza\u00e7\u00e3o personalizados, ansiosos para criar um belo espa\u00e7o com voc\u00ea.<\/p>","protected":false},"featured_media":5804,"comment_status":"closed","ping_status":"closed","template":"","meta":{"_acf_changed":false},"product_brand":[],"product_cat":[52],"product_tag":[66],"class_list":{"0":"post-5801","1":"product","2":"type-product","3":"status-publish","4":"has-post-thumbnail","6":"product_cat-wholesale-candle-containers","7":"product_tag-candle-jars-wholesale","9":"first","10":"instock","11":"shipping-taxable","12":"product-type-simple"},"acf":[],"_links":{"self":[{"href":"https:\/\/jinhuaceramic.com\/pt\/wp-json\/wp\/v2\/product\/5801","targetHints":{"allow":["GET"]}}],"collection":[{"href":"https:\/\/jinhuaceramic.com\/pt\/wp-json\/wp\/v2\/product"}],"about":[{"href":"https:\/\/jinhuaceramic.com\/pt\/wp-json\/wp\/v2\/types\/product"}],"replies":[{"embeddable":true,"href":"https:\/\/jinhuaceramic.com\/pt\/wp-json\/wp\/v2\/comments?post=5801"}],"version-history":[{"count":0,"href":"https:\/\/jinhuaceramic.com\/pt\/wp-json\/wp\/v2\/product\/5801\/revisions"}],"wp:featuredmedia":[{"embeddable":true,"href":"https:\/\/jinhuaceramic.com\/pt\/wp-json\/wp\/v2\/media\/5804"}],"wp:attachment":[{"href":"https:\/\/jinhuaceramic.com\/pt\/wp-json\/wp\/v2\/media?parent=5801"}],"wp:term":[{"taxonomy":"product_brand","embeddable":true,"href":"https:\/\/jinhuaceramic.com\/pt\/wp-json\/wp\/v2\/product_brand?post=5801"},{"taxonomy":"product_cat","embeddable":true,"href":"https:\/\/jinhuaceramic.com\/pt\/wp-json\/wp\/v2\/product_cat?post=5801"},{"taxonomy":"product_tag","embeddable":true,"href":"https:\/\/jinhuaceramic.com\/pt\/wp-json\/wp\/v2\/product_tag?post=5801"}],"curies":[{"name":"wp","href":"https:\/\/api.w.org\/{rel}","templated":true}]}}