{"id":5816,"date":"2024-08-21T03:59:20","date_gmt":"2024-08-21T03:59:20","guid":{"rendered":"https:\/\/jinhuaceramic.com\/?post_type=product&#038;p=5816"},"modified":"2025-03-11T08:04:19","modified_gmt":"2025-03-11T08:04:19","slug":"versatile-ceramic-bakeware-set-wholesale","status":"publish","type":"product","link":"https:\/\/jinhuaceramic.com\/pt\/product\/versatile-ceramic-bakeware-set-wholesale\/","title":{"rendered":"Conjunto vers\u00e1til de utens\u00edlios para cozer em cer\u00e2mica por atacado, Ramequins a granel"},"content":{"rendered":"<div class=\"wp-block-columns is-layout-flex wp-container-core-columns-is-layout-9d6595d7 wp-block-columns-is-layout-flex\">\n<div class=\"wp-block-column is-layout-flow wp-block-column-is-layout-flow\">\n<h3 class=\"wp-block-heading\">Conjunto de utens\u00edlios de pastelaria em cer\u00e2mica Premium Carater\u00edsticas por atacado:<\/h3>\n\n\n\n<ul class=\"wp-block-list\">\n<li><strong>Cor vers\u00e1til:<\/strong> Este conjunto de utens\u00edlios de pastelaria em cer\u00e2mica para venda por grosso est\u00e1 dispon\u00edvel numa variedade de cores vivas, como o azul, o branco e o rosa. A combina\u00e7\u00e3o de cores \u00e9 harmoniosa e vibrante, o que pode atrair instantaneamente o olhar, adicionar divers\u00e3o ao processo de cozedura e tornar os resultados da cozedura mais tentadores.<\/li>\n\n\n\n<li><strong>Material de qualidade superior:<\/strong> Estes vers\u00e1teis conjuntos de utens\u00edlios de pastelaria para venda por grosso s\u00e3o feitos de barro cer\u00e2mico de alta qualidade e cozidos a altas temperaturas, pelo que s\u00e3o resistentes a altas temperaturas, seguros para utiliza\u00e7\u00e3o no forno e duradouros.<\/li>\n\n\n\n<li><strong>Utiliza\u00e7\u00e3o vers\u00e1til:<\/strong> Este conjunto de utens\u00edlios de pastelaria em cer\u00e2mica para venda por grosso inclui pratos de pastelaria de v\u00e1rias formas e tamanhos, incluindo pratos de pastelaria rectangulares grandes e 3 tamanhos de pratos de pastelaria redondos para satisfazer diferentes necessidades de pastelaria. A assadeira retangular grande \u00e9 adequada para fazer produtos de pastelaria de grandes dimens\u00f5es, como frango assado e lasanha; o ramequim \u00e9 adequado para fazer pequenas sobremesas ou acompanhamentos; as assadeiras rectangulares grandes e redondas s\u00e3o mais flex\u00edveis e podem ser adaptadas a v\u00e1rios cen\u00e1rios de pastelaria.<\/li>\n\n\n\n<li><strong>F\u00e1cil de limpar:<\/strong> A superf\u00edcie deste conjunto de assadeiras por atacado \u00e9 lisa e delicada, n\u00e3o \u00e9 facilmente manchada por res\u00edduos alimentares e \u00e9 muito f\u00e1cil de limpar.<\/li>\n<\/ul>\n<\/div>\n\n\n\n<div class=\"wp-block-column is-layout-flow wp-block-column-is-layout-flow\">\n<figure class=\"wp-block-image size-full\"><img fetchpriority=\"high\" decoding=\"async\" width=\"900\" height=\"1497\" src=\"https:\/\/jinhuaceramic.com\/wp-content\/uploads\/2024\/08\/ceramic-bakeware-set.webp\" alt=\"Conjunto vers\u00e1til de utens\u00edlios para cozer em cer\u00e2mica por atacado, Ramequins a granel\" class=\"wp-image-5820\" srcset=\"https:\/\/jinhuaceramic.com\/wp-content\/uploads\/2024\/08\/ceramic-bakeware-set.webp 900w, https:\/\/jinhuaceramic.com\/wp-content\/uploads\/2024\/08\/ceramic-bakeware-set-180x300.webp 180w, https:\/\/jinhuaceramic.com\/wp-content\/uploads\/2024\/08\/ceramic-bakeware-set-768x1277.webp 768w, https:\/\/jinhuaceramic.com\/wp-content\/uploads\/2024\/08\/ceramic-bakeware-set-7x12.webp 7w, https:\/\/jinhuaceramic.com\/wp-content\/uploads\/2024\/08\/ceramic-bakeware-set-285x474.webp 285w, https:\/\/jinhuaceramic.com\/wp-content\/uploads\/2024\/08\/ceramic-bakeware-set-397x660.webp 397w, https:\/\/jinhuaceramic.com\/wp-content\/uploads\/2024\/08\/ceramic-bakeware-set-90x150.webp 90w\" sizes=\"(max-width: 900px) 100vw, 900px\" \/><\/figure>\n<\/div>\n<\/div>","protected":false},"excerpt":{"rendered":"<p>Com cores vivas, materiais de alta qualidade e uma variedade de formas e tamanhos, este vers\u00e1til conjunto de utens\u00edlios de cer\u00e2mica para pastelaria por atacado torna cada cozedura mais f\u00e1cil e mais agrad\u00e1vel. Concebidos para satisfazer diferentes necessidades de cozedura, os conjuntos s\u00e3o uma \u00f3ptima escolha para cozedura dom\u00e9stica ou para uso comercial.<\/p>","protected":false},"featured_media":5822,"comment_status":"closed","ping_status":"closed","template":"","meta":{"_acf_changed":false},"product_brand":[],"product_cat":[53],"product_tag":[69,71],"class_list":{"0":"post-5816","1":"product","2":"type-product","3":"status-publish","4":"has-post-thumbnail","6":"product_cat-bakeware-in-bulk","7":"product_tag-bulk-ramekins","8":"product_tag-wholesale-baking-pans","10":"first","11":"instock","12":"shipping-taxable","13":"product-type-simple"},"acf":[],"_links":{"self":[{"href":"https:\/\/jinhuaceramic.com\/pt\/wp-json\/wp\/v2\/product\/5816","targetHints":{"allow":["GET"]}}],"collection":[{"href":"https:\/\/jinhuaceramic.com\/pt\/wp-json\/wp\/v2\/product"}],"about":[{"href":"https:\/\/jinhuaceramic.com\/pt\/wp-json\/wp\/v2\/types\/product"}],"replies":[{"embeddable":true,"href":"https:\/\/jinhuaceramic.com\/pt\/wp-json\/wp\/v2\/comments?post=5816"}],"version-history":[{"count":0,"href":"https:\/\/jinhuaceramic.com\/pt\/wp-json\/wp\/v2\/product\/5816\/revisions"}],"wp:featuredmedia":[{"embeddable":true,"href":"https:\/\/jinhuaceramic.com\/pt\/wp-json\/wp\/v2\/media\/5822"}],"wp:attachment":[{"href":"https:\/\/jinhuaceramic.com\/pt\/wp-json\/wp\/v2\/media?parent=5816"}],"wp:term":[{"taxonomy":"product_brand","embeddable":true,"href":"https:\/\/jinhuaceramic.com\/pt\/wp-json\/wp\/v2\/product_brand?post=5816"},{"taxonomy":"product_cat","embeddable":true,"href":"https:\/\/jinhuaceramic.com\/pt\/wp-json\/wp\/v2\/product_cat?post=5816"},{"taxonomy":"product_tag","embeddable":true,"href":"https:\/\/jinhuaceramic.com\/pt\/wp-json\/wp\/v2\/product_tag?post=5816"}],"curies":[{"name":"wp","href":"https:\/\/api.w.org\/{rel}","templated":true}]}}