{"id":5832,"date":"2024-08-23T06:42:17","date_gmt":"2024-08-23T06:42:17","guid":{"rendered":"https:\/\/jinhuaceramic.com\/?post_type=product&#038;p=5832"},"modified":"2024-09-21T04:08:18","modified_gmt":"2024-09-21T04:08:18","slug":"bulk-bathroom-accessories","status":"publish","type":"product","link":"https:\/\/jinhuaceramic.com\/pt\/product\/bulk-bathroom-accessories\/","title":{"rendered":"Acess\u00f3rios de casa de banho a granel, dispensadores de sab\u00e3o a granel Premium"},"content":{"rendered":"<div class=\"wp-block-columns is-layout-flex wp-container-core-columns-is-layout-9d6595d7 wp-block-columns-is-layout-flex\">\n<div class=\"wp-block-column is-layout-flow wp-block-column-is-layout-flow\">\n<h3 class=\"wp-block-heading\">Acess\u00f3rios de casa de banho Premium a granel Carater\u00edsticas:<\/h3>\n\n\n\n<ul class=\"wp-block-list\">\n<li><strong>Design elegante:<\/strong> Estes acess\u00f3rios de casa de banho em cer\u00e2mica a granel s\u00e3o de um branco cremoso, que n\u00e3o s\u00f3 parece limpo e arrumado, mas tamb\u00e9m pode ser integrado com v\u00e1rios estilos de decora\u00e7\u00e3o de casa de banho para melhorar a est\u00e9tica geral. O dispensador de sabonete a granel tem uma forma especial de donut, combinado com uma saboneteira redonda e um suporte esf\u00e9rico para velas, o estilo geral \u00e9 harmonioso.<\/li>\n\n\n\n<li><strong>Material duradouro:<\/strong> Fabricados em material cer\u00e2mico de alta qualidade, estes acess\u00f3rios de casa de banho por atacado s\u00e3o dur\u00e1veis, resistentes a riscos e inquebr\u00e1veis.<\/li>\n\n\n\n<li><strong>Conjunto completo:<\/strong> Este conjunto de acess\u00f3rios de casa de banho em cer\u00e2mica inclui 1 saboneteira para distribuir diferentes tipos de sabonetes l\u00edquidos, 2 copos de cer\u00e2mica para guardar escovas de dentes, pasta de dentes ou pinc\u00e9is de maquilhagem, etc., um suporte para vela de luz de ch\u00e1, 1 saboneteira, o que \u00e9 muito pr\u00e1tico e torna a casa de banho organizada.<\/li>\n\n\n\n<li><strong>Amigo do ambiente:<\/strong> Estes acess\u00f3rios de casa de banho a granel s\u00e3o feitos de materiais cer\u00e2micos amigos do ambiente, que s\u00e3o f\u00e1ceis de limpar e reutiliz\u00e1veis, reduzindo a utiliza\u00e7\u00e3o de pl\u00e1stico.<\/li>\n<\/ul>\n<\/div>\n\n\n\n<div class=\"wp-block-column is-layout-flow wp-block-column-is-layout-flow\">\n<figure class=\"wp-block-image size-full\"><img fetchpriority=\"high\" decoding=\"async\" width=\"1500\" height=\"1500\" src=\"https:\/\/jinhuaceramic.com\/wp-content\/uploads\/2024\/08\/ceramic-bathroom-set-3.webp\" alt=\"Acess\u00f3rios de casa de banho a granel, dispensadores de sab\u00e3o a granel Premium-3\" class=\"wp-image-5838\" srcset=\"https:\/\/jinhuaceramic.com\/wp-content\/uploads\/2024\/08\/ceramic-bathroom-set-3.webp 1500w, https:\/\/jinhuaceramic.com\/wp-content\/uploads\/2024\/08\/ceramic-bathroom-set-3-300x300.webp 300w, https:\/\/jinhuaceramic.com\/wp-content\/uploads\/2024\/08\/ceramic-bathroom-set-3-150x150.webp 150w, https:\/\/jinhuaceramic.com\/wp-content\/uploads\/2024\/08\/ceramic-bathroom-set-3-768x768.webp 768w, https:\/\/jinhuaceramic.com\/wp-content\/uploads\/2024\/08\/ceramic-bathroom-set-3-12x12.webp 12w, https:\/\/jinhuaceramic.com\/wp-content\/uploads\/2024\/08\/ceramic-bathroom-set-3-285x285.webp 285w, https:\/\/jinhuaceramic.com\/wp-content\/uploads\/2024\/08\/ceramic-bathroom-set-3-270x270.webp 270w, https:\/\/jinhuaceramic.com\/wp-content\/uploads\/2024\/08\/ceramic-bathroom-set-3-540x540.webp 540w, https:\/\/jinhuaceramic.com\/wp-content\/uploads\/2024\/08\/ceramic-bathroom-set-3-660x660.webp 660w\" sizes=\"(max-width: 1500px) 100vw, 1500px\" \/><\/figure>\n<\/div>\n<\/div>","protected":false},"excerpt":{"rendered":"<p>Apresentamos os nossos acess\u00f3rios de casa de banho em cer\u00e2mica de qualidade superior, com um design elegante e materiais cer\u00e2micos de alta qualidade que os tornam dur\u00e1veis e f\u00e1ceis de limpar. Cada produto \u00e9 cuidadosamente selecionado e concebido com a sua fun\u00e7\u00e3o de arruma\u00e7\u00e3o na casa de banho. Apoiar a aquisi\u00e7\u00e3o por atacado e servi\u00e7os de personaliza\u00e7\u00e3o personalizados para atender \u00e0s suas diferentes necessidades.<\/p>","protected":false},"featured_media":5835,"comment_status":"closed","ping_status":"closed","template":"","meta":{"_acf_changed":false},"product_brand":[],"product_cat":[51],"product_tag":[74],"class_list":{"0":"post-5832","1":"product","2":"type-product","3":"status-publish","4":"has-post-thumbnail","6":"product_cat-bathroom-accessories-wholesale","7":"product_tag-ceramic-bath-accessories-wholesale","9":"first","10":"instock","11":"shipping-taxable","12":"product-type-simple"},"acf":[],"_links":{"self":[{"href":"https:\/\/jinhuaceramic.com\/pt\/wp-json\/wp\/v2\/product\/5832","targetHints":{"allow":["GET"]}}],"collection":[{"href":"https:\/\/jinhuaceramic.com\/pt\/wp-json\/wp\/v2\/product"}],"about":[{"href":"https:\/\/jinhuaceramic.com\/pt\/wp-json\/wp\/v2\/types\/product"}],"replies":[{"embeddable":true,"href":"https:\/\/jinhuaceramic.com\/pt\/wp-json\/wp\/v2\/comments?post=5832"}],"version-history":[{"count":0,"href":"https:\/\/jinhuaceramic.com\/pt\/wp-json\/wp\/v2\/product\/5832\/revisions"}],"wp:featuredmedia":[{"embeddable":true,"href":"https:\/\/jinhuaceramic.com\/pt\/wp-json\/wp\/v2\/media\/5835"}],"wp:attachment":[{"href":"https:\/\/jinhuaceramic.com\/pt\/wp-json\/wp\/v2\/media?parent=5832"}],"wp:term":[{"taxonomy":"product_brand","embeddable":true,"href":"https:\/\/jinhuaceramic.com\/pt\/wp-json\/wp\/v2\/product_brand?post=5832"},{"taxonomy":"product_cat","embeddable":true,"href":"https:\/\/jinhuaceramic.com\/pt\/wp-json\/wp\/v2\/product_cat?post=5832"},{"taxonomy":"product_tag","embeddable":true,"href":"https:\/\/jinhuaceramic.com\/pt\/wp-json\/wp\/v2\/product_tag?post=5832"}],"curies":[{"name":"wp","href":"https:\/\/api.w.org\/{rel}","templated":true}]}}