{"id":5873,"date":"2024-08-30T04:42:08","date_gmt":"2024-08-30T04:42:08","guid":{"rendered":"https:\/\/jinhuaceramic.com\/?post_type=product&#038;p=5873"},"modified":"2024-09-21T03:38:02","modified_gmt":"2024-09-21T03:38:02","slug":"wholesale-unique-ceramic-candle-jars","status":"publish","type":"product","link":"https:\/\/jinhuaceramic.com\/pt\/product\/wholesale-unique-ceramic-candle-jars\/","title":{"rendered":"Frasco de vela de cer\u00e2mica \u00fanico por atacado para fabrico de velas e decora\u00e7\u00e3o da casa"},"content":{"rendered":"<div class=\"wp-block-columns is-layout-flex wp-container-core-columns-is-layout-9d6595d7 wp-block-columns-is-layout-flex\">\n<div class=\"wp-block-column is-layout-flow wp-block-column-is-layout-flow\">\n<h3 class=\"wp-block-heading\">Frasco de vela de cer\u00e2mica exclusivo por atacado Premium Carater\u00edsticas:<\/h3>\n\n\n\n<ul class=\"wp-block-list\">\n<li><strong>Design \u00fanico:<\/strong> Estes frascos de velas de cer\u00e2mica exclusivos para venda por grosso t\u00eam um design cil\u00edndrico irregular e a superf\u00edcie dos frascos de velas tem uma textura ondulada distinta, tal como os tecidos macios empilhados casualmente, criando uma sensa\u00e7\u00e3o elegante e casual.<\/li>\n\n\n\n<li><strong>Material de alta qualidade:<\/strong> Estes frascos para velas a granel s\u00e3o feitos de argila cer\u00e2mica de alta qualidade, com dureza e densidade extremamente elevadas, resist\u00eancia a altas temperaturas, forte isolamento t\u00e9rmico, resistente ao desgaste e a riscos, e n\u00e3o \u00e9 f\u00e1cil de deformar.<\/li>\n\n\n\n<li><strong>Amigo do ambiente e saud\u00e1vel:<\/strong> Estes frascos de vela de cer\u00e2mica exclusivos por atacado s\u00e3o produtos de cer\u00e2mica pura, n\u00e3o cont\u00eam subst\u00e2ncias nocivas, n\u00e3o s\u00e3o t\u00f3xicos e inodoros, s\u00e3o seguros para o corpo humano e o meio ambiente e s\u00e3o duradouros, tornando-os uma escolha ideal para pessoas que vivem uma vida verde.<\/li>\n\n\n\n<li><strong>Venda por grosso e personaliza\u00e7\u00e3o:<\/strong> A nossa f\u00e1brica oferece descontos por atacado para encomendas a granel de frascos de velas, garantindo frascos de velas de qualidade a pre\u00e7os competitivos. Al\u00e9m disso, oferecemos servi\u00e7os personalizados para se adaptarem ao estilo \u00fanico da sua marca, quer se trate de ajustar o tamanho, a cor ou de acrescentar gr\u00e1ficos espec\u00edficos.<\/li>\n<\/ul>\n<\/div>\n\n\n\n<div class=\"wp-block-column is-layout-flow wp-block-column-is-layout-flow\">\n<figure class=\"wp-block-image size-full\"><img fetchpriority=\"high\" decoding=\"async\" width=\"560\" height=\"560\" src=\"https:\/\/jinhuaceramic.com\/wp-content\/uploads\/2024\/08\/ceramic-candle-jar-4.webp\" alt=\"Frasco de cer\u00e2mica \u00fanico por atacado para fabrico de velas e decora\u00e7\u00e3o da casa\" class=\"wp-image-5879\" srcset=\"https:\/\/jinhuaceramic.com\/wp-content\/uploads\/2024\/08\/ceramic-candle-jar-4.webp 560w, https:\/\/jinhuaceramic.com\/wp-content\/uploads\/2024\/08\/ceramic-candle-jar-4-300x300.webp 300w, https:\/\/jinhuaceramic.com\/wp-content\/uploads\/2024\/08\/ceramic-candle-jar-4-150x150.webp 150w, https:\/\/jinhuaceramic.com\/wp-content\/uploads\/2024\/08\/ceramic-candle-jar-4-12x12.webp 12w, https:\/\/jinhuaceramic.com\/wp-content\/uploads\/2024\/08\/ceramic-candle-jar-4-285x285.webp 285w, https:\/\/jinhuaceramic.com\/wp-content\/uploads\/2024\/08\/ceramic-candle-jar-4-270x270.webp 270w, https:\/\/jinhuaceramic.com\/wp-content\/uploads\/2024\/08\/ceramic-candle-jar-4-540x540.webp 540w\" sizes=\"(max-width: 560px) 100vw, 560px\" \/><\/figure>\n<\/div>\n<\/div>","protected":false},"excerpt":{"rendered":"<p>Estes potes de vela de cer\u00e2mica exclusivos por atacado s\u00e3o populares devido ao seu design elegante e exclusivo, materiais cer\u00e2micos de alta qualidade, carater\u00edsticas ecol\u00f3gicas e dur\u00e1veis. Al\u00e9m disso, como um fabricante, n\u00f3s tamb\u00e9m fornecemos servi\u00e7os de personaliza\u00e7\u00e3o personalizados, bem-vindo ao inqu\u00e9rito!<\/p>","protected":false},"featured_media":5880,"comment_status":"closed","ping_status":"closed","template":"","meta":{"_acf_changed":false},"product_brand":[],"product_cat":[52],"product_tag":[66],"class_list":{"0":"post-5873","1":"product","2":"type-product","3":"status-publish","4":"has-post-thumbnail","6":"product_cat-wholesale-candle-containers","7":"product_tag-candle-jars-wholesale","9":"first","10":"instock","11":"shipping-taxable","12":"product-type-simple"},"acf":[],"_links":{"self":[{"href":"https:\/\/jinhuaceramic.com\/pt\/wp-json\/wp\/v2\/product\/5873","targetHints":{"allow":["GET"]}}],"collection":[{"href":"https:\/\/jinhuaceramic.com\/pt\/wp-json\/wp\/v2\/product"}],"about":[{"href":"https:\/\/jinhuaceramic.com\/pt\/wp-json\/wp\/v2\/types\/product"}],"replies":[{"embeddable":true,"href":"https:\/\/jinhuaceramic.com\/pt\/wp-json\/wp\/v2\/comments?post=5873"}],"version-history":[{"count":0,"href":"https:\/\/jinhuaceramic.com\/pt\/wp-json\/wp\/v2\/product\/5873\/revisions"}],"wp:featuredmedia":[{"embeddable":true,"href":"https:\/\/jinhuaceramic.com\/pt\/wp-json\/wp\/v2\/media\/5880"}],"wp:attachment":[{"href":"https:\/\/jinhuaceramic.com\/pt\/wp-json\/wp\/v2\/media?parent=5873"}],"wp:term":[{"taxonomy":"product_brand","embeddable":true,"href":"https:\/\/jinhuaceramic.com\/pt\/wp-json\/wp\/v2\/product_brand?post=5873"},{"taxonomy":"product_cat","embeddable":true,"href":"https:\/\/jinhuaceramic.com\/pt\/wp-json\/wp\/v2\/product_cat?post=5873"},{"taxonomy":"product_tag","embeddable":true,"href":"https:\/\/jinhuaceramic.com\/pt\/wp-json\/wp\/v2\/product_tag?post=5873"}],"curies":[{"name":"wp","href":"https:\/\/api.w.org\/{rel}","templated":true}]}}