{"id":5884,"date":"2024-08-30T04:44:24","date_gmt":"2024-08-30T04:44:24","guid":{"rendered":"https:\/\/jinhuaceramic.com\/?post_type=product&#038;p=5884"},"modified":"2025-03-10T09:15:08","modified_gmt":"2025-03-10T09:15:08","slug":"ceramic-baking-dish-set-wholesale-2","status":"publish","type":"product","link":"https:\/\/jinhuaceramic.com\/pt\/product\/ceramic-baking-dish-set-wholesale-2\/","title":{"rendered":"Conjunto de assadeira de cer\u00e2mica azul escuro por atacado, panelas de tamanho personalizado"},"content":{"rendered":"<div class=\"wp-block-columns is-layout-flex wp-container-core-columns-is-layout-9d6595d7 wp-block-columns-is-layout-flex\">\n<div class=\"wp-block-column is-layout-flow wp-block-column-is-layout-flow\">\n<h3 class=\"wp-block-heading\">Conjunto de assadeiras de cer\u00e2mica premium Carater\u00edsticas por atacado:<\/h3>\n\n\n\n<ul class=\"wp-block-list\">\n<li><strong>Adequado para uma variedade de equipamentos de cozinha:<\/strong> Este conjunto de assadeiras de cer\u00e2mica azul escura pode ser usado com seguran\u00e7a em fornos de micro-ondas, fornos, frigor\u00edficos e m\u00e1quinas de lavar lou\u00e7a, ajudando os utilizadores a conseguir facilmente uma liga\u00e7\u00e3o perfeita desde a cozedura \u00e0 limpeza, melhorando consideravelmente a efici\u00eancia das opera\u00e7\u00f5es de cozinha.<\/li>\n\n\n\n<li><strong>Fornecer v\u00e1rias op\u00e7\u00f5es de tamanho: <\/strong>Este conjunto de formas de tamanho personalizado inclui uma variedade de tamanhos para se adaptar a diferentes necessidades de cozedura. Quer se trate de uma pequena refei\u00e7\u00e3o em fam\u00edlia ou de uma grande festa, pode encontrar uma forma adequada e responder de forma flex\u00edvel a v\u00e1rios ingredientes e requisitos de receitas.<\/li>\n\n\n\n<li><strong>Alta resist\u00eancia ao calor: <\/strong>O nosso conjunto de assadeiras de cer\u00e2mica por atacado \u00e9 feito de material cer\u00e2mico de alta qualidade. Esta assadeira tem excelente resist\u00eancia a altas temperaturas e pode suportar cozimento em alta temperatura sem deforma\u00e7\u00e3o ou rachaduras, garantindo que os alimentos sejam aquecidos uniformemente e mantendo a del\u00edcia e o sabor dos ingredientes.<\/li>\n\n\n\n<li><strong>Apar\u00eancia elegante e moderna em azul escuro: <\/strong>As nossas formas de tamanho personalizado adoptam um design simples e atmosf\u00e9rico em azul escuro, que \u00e9 simultaneamente pr\u00e1tico e bonito. Pode adicionar uma atmosfera elegante \u00e0 cozinha, adequada para decora\u00e7\u00e3o de mesa de estilo moderno e tradicional, e melhorar a experi\u00eancia de jantar.<\/li>\n<\/ul>\n<\/div>\n\n\n\n<div class=\"wp-block-column is-layout-flow wp-block-column-is-layout-flow\">\n<figure class=\"wp-block-image size-full\"><img fetchpriority=\"high\" decoding=\"async\" width=\"510\" height=\"510\" src=\"https:\/\/jinhuaceramic.com\/wp-content\/uploads\/2024\/08\/baking-dish-5.webp\" alt=\"Conjunto de assadeiras de cer\u00e2mica azul escuro por atacado, assadeiras de tamanho personalizado-1\" class=\"wp-image-5887\" srcset=\"https:\/\/jinhuaceramic.com\/wp-content\/uploads\/2024\/08\/baking-dish-5.webp 510w, https:\/\/jinhuaceramic.com\/wp-content\/uploads\/2024\/08\/baking-dish-5-300x300.webp 300w, https:\/\/jinhuaceramic.com\/wp-content\/uploads\/2024\/08\/baking-dish-5-150x150.webp 150w, https:\/\/jinhuaceramic.com\/wp-content\/uploads\/2024\/08\/baking-dish-5-12x12.webp 12w, https:\/\/jinhuaceramic.com\/wp-content\/uploads\/2024\/08\/baking-dish-5-285x285.webp 285w, https:\/\/jinhuaceramic.com\/wp-content\/uploads\/2024\/08\/baking-dish-5-270x270.webp 270w\" sizes=\"(max-width: 510px) 100vw, 510px\" \/><\/figure>\n<\/div>\n<\/div>","protected":false},"excerpt":{"rendered":"<p>Bem-vindo \u00e0s formas de tamanho personalizado. O nosso conjunto de assadeiras de cer\u00e2mica azul escura \u00e9 bonito e pr\u00e1tico. Suporta fornos de micro-ondas, fornos, frigor\u00edficos e m\u00e1quinas de lavar lou\u00e7a, e oferece uma variedade de op\u00e7\u00f5es de tamanho para satisfazer diferentes necessidades de cozedura.<\/p>","protected":false},"featured_media":5885,"comment_status":"closed","ping_status":"closed","template":"","meta":{"_acf_changed":false},"product_brand":[],"product_cat":[53],"product_tag":[71],"class_list":{"0":"post-5884","1":"product","2":"type-product","3":"status-publish","4":"has-post-thumbnail","6":"product_cat-bakeware-in-bulk","7":"product_tag-wholesale-baking-pans","9":"first","10":"instock","11":"shipping-taxable","12":"product-type-simple"},"acf":[],"_links":{"self":[{"href":"https:\/\/jinhuaceramic.com\/pt\/wp-json\/wp\/v2\/product\/5884","targetHints":{"allow":["GET"]}}],"collection":[{"href":"https:\/\/jinhuaceramic.com\/pt\/wp-json\/wp\/v2\/product"}],"about":[{"href":"https:\/\/jinhuaceramic.com\/pt\/wp-json\/wp\/v2\/types\/product"}],"replies":[{"embeddable":true,"href":"https:\/\/jinhuaceramic.com\/pt\/wp-json\/wp\/v2\/comments?post=5884"}],"version-history":[{"count":0,"href":"https:\/\/jinhuaceramic.com\/pt\/wp-json\/wp\/v2\/product\/5884\/revisions"}],"wp:featuredmedia":[{"embeddable":true,"href":"https:\/\/jinhuaceramic.com\/pt\/wp-json\/wp\/v2\/media\/5885"}],"wp:attachment":[{"href":"https:\/\/jinhuaceramic.com\/pt\/wp-json\/wp\/v2\/media?parent=5884"}],"wp:term":[{"taxonomy":"product_brand","embeddable":true,"href":"https:\/\/jinhuaceramic.com\/pt\/wp-json\/wp\/v2\/product_brand?post=5884"},{"taxonomy":"product_cat","embeddable":true,"href":"https:\/\/jinhuaceramic.com\/pt\/wp-json\/wp\/v2\/product_cat?post=5884"},{"taxonomy":"product_tag","embeddable":true,"href":"https:\/\/jinhuaceramic.com\/pt\/wp-json\/wp\/v2\/product_tag?post=5884"}],"curies":[{"name":"wp","href":"https:\/\/api.w.org\/{rel}","templated":true}]}}