{"id":5893,"date":"2024-08-30T04:47:37","date_gmt":"2024-08-30T04:47:37","guid":{"rendered":"https:\/\/jinhuaceramic.com\/?post_type=product&#038;p=5893"},"modified":"2025-01-16T06:25:10","modified_gmt":"2025-01-16T06:25:10","slug":"striped-ceramic-bowl-wholesale","status":"publish","type":"product","link":"https:\/\/jinhuaceramic.com\/pt\/product\/striped-ceramic-bowl-wholesale\/","title":{"rendered":"Tigela de cer\u00e2mica listrada exclusiva por atacado, lou\u00e7a para lanche e salada"},"content":{"rendered":"<div class=\"wp-block-columns is-layout-flex wp-container-core-columns-is-layout-9d6595d7 wp-block-columns-is-layout-flex\">\n<div class=\"wp-block-column is-layout-flow wp-block-column-is-layout-flow\">\n<h3 class=\"wp-block-heading\">Ta\u00e7a de cer\u00e2mica Premium Carater\u00edsticas por atacado:<\/h3>\n\n\n\n<ul class=\"wp-block-list\">\n<li><strong>Design \u00fanico: <\/strong>Esta tigela de cer\u00e2mica \u00fanica por atacado \u00e9 inspirada nas cl\u00e1ssicas caixas de fast food. Com os seus padr\u00f5es de riscas vermelhas e brancas e verdes e brancas, s\u00e3o simultaneamente retro e animadas, acrescentando um toque de divers\u00e3o a qualquer ambiente de mesa.<\/li>\n\n\n\n<li><strong>Material de qualidade superior:<\/strong> Estas tigelas de cer\u00e2mica a granel s\u00e3o feitas de cer\u00e2mica de alta qualidade, que \u00e9 extremamente dur\u00e1vel, amiga do ambiente, n\u00e3o t\u00f3xica e sem chumbo.<\/li>\n\n\n\n<li><strong>Utiliza\u00e7\u00e3o vers\u00e1til: <\/strong>Concebidas em forma de quadrado, estas ta\u00e7as de cer\u00e2mica para venda por grosso s\u00e3o suficientemente fundas para conter snacks como batatas fritas, pipocas e nuggets de frango, bem como saladas e outros acompanhamentos, ou para expor frutas e legumes.<\/li>\n\n\n\n<li><strong>F\u00e1cil de limpar: <\/strong>A superf\u00edcie de cer\u00e2mica lisa destas tigelas de cer\u00e2mica \u00e0s riscas tem uma boa resist\u00eancia \u00e0s manchas, os res\u00edduos de alimentos n\u00e3o s\u00e3o f\u00e1ceis de colar e podem ser facilmente limpos \u00e0 m\u00e3o ou na m\u00e1quina de lavar lou\u00e7a.<\/li>\n<\/ul>\n<\/div>\n\n\n\n<div class=\"wp-block-column is-layout-flow wp-block-column-is-layout-flow\">\n<figure class=\"wp-block-image size-full\"><img fetchpriority=\"high\" decoding=\"async\" width=\"800\" height=\"800\" src=\"https:\/\/jinhuaceramic.com\/wp-content\/uploads\/2024\/08\/snack-bowl.webp\" alt=\"Ta\u00e7a de cer\u00e2mica \u00e0s riscas \u00fanica - venda por grosso - servi\u00e7o de jantar para petiscos e saladas\" class=\"wp-image-5909\" srcset=\"https:\/\/jinhuaceramic.com\/wp-content\/uploads\/2024\/08\/snack-bowl.webp 800w, https:\/\/jinhuaceramic.com\/wp-content\/uploads\/2024\/08\/snack-bowl-300x300.webp 300w, https:\/\/jinhuaceramic.com\/wp-content\/uploads\/2024\/08\/snack-bowl-150x150.webp 150w, https:\/\/jinhuaceramic.com\/wp-content\/uploads\/2024\/08\/snack-bowl-768x768.webp 768w, https:\/\/jinhuaceramic.com\/wp-content\/uploads\/2024\/08\/snack-bowl-12x12.webp 12w, https:\/\/jinhuaceramic.com\/wp-content\/uploads\/2024\/08\/snack-bowl-285x285.webp 285w, https:\/\/jinhuaceramic.com\/wp-content\/uploads\/2024\/08\/snack-bowl-270x270.webp 270w, https:\/\/jinhuaceramic.com\/wp-content\/uploads\/2024\/08\/snack-bowl-540x540.webp 540w, https:\/\/jinhuaceramic.com\/wp-content\/uploads\/2024\/08\/snack-bowl-660x660.webp 660w\" sizes=\"(max-width: 800px) 100vw, 800px\" \/><\/figure>\n<\/div>\n<\/div>","protected":false},"excerpt":{"rendered":"<p>Estas tigelas de cer\u00e2mica \u00e0s riscas s\u00e3o populares pelo seu design \u00fanico, combina\u00e7\u00e3o de cores vivas e materiais de alta qualidade. O seu design \u00fanico de caixa de fast food n\u00e3o \u00e9 apenas interessante e bonito, mas tamb\u00e9m mais f\u00e1cil de colocar e expor os alimentos, aumentando o prazer de jantar. \u00a0<\/p>","protected":false},"featured_media":5902,"comment_status":"closed","ping_status":"closed","template":"","meta":{"_acf_changed":false},"product_brand":[],"product_cat":[54,85],"product_tag":[78],"class_list":{"0":"post-5893","1":"product","2":"type-product","3":"status-publish","4":"has-post-thumbnail","6":"product_cat-tableware-wholesale","7":"product_cat-wholesale-ceramic-bowls","8":"product_tag-bulk-ceramic-bowls","10":"first","11":"instock","12":"shipping-taxable","13":"product-type-simple"},"acf":[],"_links":{"self":[{"href":"https:\/\/jinhuaceramic.com\/pt\/wp-json\/wp\/v2\/product\/5893","targetHints":{"allow":["GET"]}}],"collection":[{"href":"https:\/\/jinhuaceramic.com\/pt\/wp-json\/wp\/v2\/product"}],"about":[{"href":"https:\/\/jinhuaceramic.com\/pt\/wp-json\/wp\/v2\/types\/product"}],"replies":[{"embeddable":true,"href":"https:\/\/jinhuaceramic.com\/pt\/wp-json\/wp\/v2\/comments?post=5893"}],"version-history":[{"count":0,"href":"https:\/\/jinhuaceramic.com\/pt\/wp-json\/wp\/v2\/product\/5893\/revisions"}],"wp:featuredmedia":[{"embeddable":true,"href":"https:\/\/jinhuaceramic.com\/pt\/wp-json\/wp\/v2\/media\/5902"}],"wp:attachment":[{"href":"https:\/\/jinhuaceramic.com\/pt\/wp-json\/wp\/v2\/media?parent=5893"}],"wp:term":[{"taxonomy":"product_brand","embeddable":true,"href":"https:\/\/jinhuaceramic.com\/pt\/wp-json\/wp\/v2\/product_brand?post=5893"},{"taxonomy":"product_cat","embeddable":true,"href":"https:\/\/jinhuaceramic.com\/pt\/wp-json\/wp\/v2\/product_cat?post=5893"},{"taxonomy":"product_tag","embeddable":true,"href":"https:\/\/jinhuaceramic.com\/pt\/wp-json\/wp\/v2\/product_tag?post=5893"}],"curies":[{"name":"wp","href":"https:\/\/api.w.org\/{rel}","templated":true}]}}