{"id":5927,"date":"2024-08-31T09:14:05","date_gmt":"2024-08-31T09:14:05","guid":{"rendered":"https:\/\/jinhuaceramic.com\/?post_type=product&#038;p=5927"},"modified":"2024-09-21T04:08:18","modified_gmt":"2024-09-21T04:08:18","slug":"ceramic-wholesale-soap-dispensers","status":"publish","type":"product","link":"https:\/\/jinhuaceramic.com\/pt\/product\/ceramic-wholesale-soap-dispensers\/","title":{"rendered":"Distribuidor de sab\u00e3o por atacado de cer\u00e2mica premium, frasco de sab\u00e3o para casa de banho"},"content":{"rendered":"<div class=\"wp-block-columns is-layout-flex wp-container-core-columns-is-layout-9d6595d7 wp-block-columns-is-layout-flex\">\n<div class=\"wp-block-column is-layout-flow wp-block-column-is-layout-flow\">\n<h3 class=\"wp-block-heading\">Dispensador de sab\u00e3o por atacado Premium Carater\u00edsticas:<\/h3>\n\n\n\n<ul class=\"wp-block-list\">\n<li><strong>Design moderno:<\/strong> Estes dispensadores de sab\u00e3o por grosso em cer\u00e2mica t\u00eam um design simples e moderno, com um frasco liso e curvo que \u00e9 ligeiramente mais largo na parte inferior e afunila para cima. Este design n\u00e3o \u00e9 apenas esteticamente agrad\u00e1vel, mas tamb\u00e9m f\u00e1cil de segurar. Uma variedade de op\u00e7\u00f5es de cores, preto, branco, cinzento e outras cores neutras com uma cabe\u00e7a de bomba dourada, tem um aspeto cl\u00e1ssico e elegante.<\/li>\n\n\n\n<li><strong>Material de qualidade superior:<\/strong> Estes dispensadores de sab\u00e3o por atacado s\u00e3o feitos de argila cer\u00e2mica de alta qualidade cozida a alta temperatura, t\u00eam alta dureza e resist\u00eancia ao desgaste, e n\u00e3o s\u00e3o f\u00e1ceis de danificar.<\/li>\n\n\n\n<li><strong>Mecanismo funcional da bomba: <\/strong>Estes dispensadores de sab\u00e3o de cer\u00e2mica por atacado usam bombas de alta qualidade \u00e0 prova de ferrugem. A cabe\u00e7a da bomba foi concebida para ser f\u00e1cil de premir com uma m\u00e3o, controlando a quantidade de l\u00edquido descarregado de cada vez, e pode rodar 360 graus, tornando-a f\u00e1cil e r\u00e1pida de utilizar.<\/li>\n\n\n\n<li><strong>F\u00e1cil de limpar e reutiliz\u00e1vel:<\/strong> Estes dispensadores de sab\u00e3o em cer\u00e2mica para venda por grosso t\u00eam uma superf\u00edcie lisa, s\u00e3o f\u00e1ceis de limpar e podem ser enchidos com diferentes champ\u00f4s, g\u00e9is de banho, lo\u00e7\u00f5es, etc.<\/li>\n<\/ul>\n<\/div>\n\n\n\n<div class=\"wp-block-column is-layout-flow wp-block-column-is-layout-flow\">\n<figure class=\"wp-block-image size-full\"><img fetchpriority=\"high\" decoding=\"async\" width=\"800\" height=\"800\" src=\"https:\/\/jinhuaceramic.com\/wp-content\/uploads\/2024\/08\/soap-dispenser-ceramic.webp\" alt=\"Distribuidores de sab\u00e3o por atacado de cer\u00e2mica premium, frascos de sab\u00e3o-1\" class=\"wp-image-5933\" srcset=\"https:\/\/jinhuaceramic.com\/wp-content\/uploads\/2024\/08\/soap-dispenser-ceramic.webp 800w, https:\/\/jinhuaceramic.com\/wp-content\/uploads\/2024\/08\/soap-dispenser-ceramic-300x300.webp 300w, https:\/\/jinhuaceramic.com\/wp-content\/uploads\/2024\/08\/soap-dispenser-ceramic-150x150.webp 150w, https:\/\/jinhuaceramic.com\/wp-content\/uploads\/2024\/08\/soap-dispenser-ceramic-768x768.webp 768w, https:\/\/jinhuaceramic.com\/wp-content\/uploads\/2024\/08\/soap-dispenser-ceramic-12x12.webp 12w, https:\/\/jinhuaceramic.com\/wp-content\/uploads\/2024\/08\/soap-dispenser-ceramic-285x285.webp 285w, https:\/\/jinhuaceramic.com\/wp-content\/uploads\/2024\/08\/soap-dispenser-ceramic-270x270.webp 270w, https:\/\/jinhuaceramic.com\/wp-content\/uploads\/2024\/08\/soap-dispenser-ceramic-540x540.webp 540w, https:\/\/jinhuaceramic.com\/wp-content\/uploads\/2024\/08\/soap-dispenser-ceramic-660x660.webp 660w\" sizes=\"(max-width: 800px) 100vw, 800px\" \/><\/figure>\n<\/div>\n<\/div>","protected":false},"excerpt":{"rendered":"<p>Estes conjuntos de dispensadores de sab\u00e3o em cer\u00e2mica para venda por grosso s\u00e3o ideais para uso dom\u00e9stico e comercial, gra\u00e7as ao seu design simples, \u00e0s v\u00e1rias op\u00e7\u00f5es de cores e aos materiais de alta qualidade. O seu aspeto moderno real\u00e7a o estilo geral de uma casa de banho ou de um quarto de banho, ao mesmo tempo que \u00e9 pr\u00e1tico.<\/p>","protected":false},"featured_media":5931,"comment_status":"closed","ping_status":"closed","template":"","meta":{"_acf_changed":false},"product_brand":[],"product_cat":[51],"product_tag":[74],"class_list":{"0":"post-5927","1":"product","2":"type-product","3":"status-publish","4":"has-post-thumbnail","6":"product_cat-bathroom-accessories-wholesale","7":"product_tag-ceramic-bath-accessories-wholesale","9":"first","10":"instock","11":"shipping-taxable","12":"product-type-simple"},"acf":[],"_links":{"self":[{"href":"https:\/\/jinhuaceramic.com\/pt\/wp-json\/wp\/v2\/product\/5927","targetHints":{"allow":["GET"]}}],"collection":[{"href":"https:\/\/jinhuaceramic.com\/pt\/wp-json\/wp\/v2\/product"}],"about":[{"href":"https:\/\/jinhuaceramic.com\/pt\/wp-json\/wp\/v2\/types\/product"}],"replies":[{"embeddable":true,"href":"https:\/\/jinhuaceramic.com\/pt\/wp-json\/wp\/v2\/comments?post=5927"}],"version-history":[{"count":0,"href":"https:\/\/jinhuaceramic.com\/pt\/wp-json\/wp\/v2\/product\/5927\/revisions"}],"wp:featuredmedia":[{"embeddable":true,"href":"https:\/\/jinhuaceramic.com\/pt\/wp-json\/wp\/v2\/media\/5931"}],"wp:attachment":[{"href":"https:\/\/jinhuaceramic.com\/pt\/wp-json\/wp\/v2\/media?parent=5927"}],"wp:term":[{"taxonomy":"product_brand","embeddable":true,"href":"https:\/\/jinhuaceramic.com\/pt\/wp-json\/wp\/v2\/product_brand?post=5927"},{"taxonomy":"product_cat","embeddable":true,"href":"https:\/\/jinhuaceramic.com\/pt\/wp-json\/wp\/v2\/product_cat?post=5927"},{"taxonomy":"product_tag","embeddable":true,"href":"https:\/\/jinhuaceramic.com\/pt\/wp-json\/wp\/v2\/product_tag?post=5927"}],"curies":[{"name":"wp","href":"https:\/\/api.w.org\/{rel}","templated":true}]}}