{"id":5941,"date":"2024-09-05T02:05:52","date_gmt":"2024-09-05T02:05:52","guid":{"rendered":"https:\/\/jinhuaceramic.com\/?post_type=product&#038;p=5941"},"modified":"2024-09-21T04:08:18","modified_gmt":"2024-09-21T04:08:18","slug":"bathroom-accessories-set-wholesale","status":"publish","type":"product","link":"https:\/\/jinhuaceramic.com\/pt\/product\/bathroom-accessories-set-wholesale\/","title":{"rendered":"Conjunto de acess\u00f3rios de casa de banho por atacado em elegante diamante preto"},"content":{"rendered":"<div class=\"wp-block-columns is-layout-flex wp-container-core-columns-is-layout-9d6595d7 wp-block-columns-is-layout-flex\">\n<div class=\"wp-block-column is-layout-flow wp-block-column-is-layout-flow\">\n<h3 class=\"wp-block-heading\">Conjunto de Acess\u00f3rios de Casa de Banho em Cer\u00e2mica Premium Carater\u00edsticas:<\/h3>\n\n\n\n<ul class=\"wp-block-list\">\n<li><strong>Corte de diamante Textura:<\/strong> Este conjunto de acess\u00f3rios de casa de banho em cer\u00e2mica foi concebido com textura de corte de diamante, o que n\u00e3o s\u00f3 aumenta o impacto visual do produto, mas tamb\u00e9m torna o produto mais avan\u00e7ado e elegante. A textura de corte de diamante produzir\u00e1 um efeito de refra\u00e7\u00e3o sob a irradia\u00e7\u00e3o da luz, tornando o espa\u00e7o de banho mais brilhante.<\/li>\n\n\n\n<li><strong>Tom preto unificado:<\/strong> Estes conjuntos de casa de banho de cer\u00e2mica por atacado s\u00e3o concebidos em preto puro, uma cor cl\u00e1ssica e vers\u00e1til que pode ser facilmente integrada em casas de banho de v\u00e1rios estilos.<\/li>\n\n\n\n<li><strong>Materiais cer\u00e2micos de alta qualidade:<\/strong> Estes acess\u00f3rios de casa de banho em cer\u00e2mica s\u00e3o feitos de argila cer\u00e2mica de alta qualidade cozida a altas temperaturas, por isso s\u00e3o muito fortes e dur\u00e1veis, n\u00e3o s\u00e3o f\u00e1ceis de riscar ou partir.<\/li>\n\n\n\n<li><strong>Funcionalidade:<\/strong> Mantenha a casa de banho organizada com estes conjuntos de cer\u00e2mica para casa de banho por atacado que incluem um frasco de sab\u00e3o, uma saboneteira antiderrapante, um suporte para escovas de dentes com v\u00e1rios compartimentos e um copo de cer\u00e2mica multiusos que pode ser utilizado para enxaguar ou guardar.<\/li>\n<\/ul>\n<\/div>\n\n\n\n<div class=\"wp-block-column is-layout-flow wp-block-column-is-layout-flow\">\n<figure class=\"wp-block-image size-full\"><img fetchpriority=\"high\" decoding=\"async\" width=\"1500\" height=\"1500\" src=\"https:\/\/jinhuaceramic.com\/wp-content\/uploads\/2024\/09\/wholesale-4-piece-ceramic-bathroom-set-custom-bathroom-supplies-2.webp\" alt=\"Conjunto de acess\u00f3rios de casa de banho por atacado em elegante diamante preto-1\" class=\"wp-image-5942\" srcset=\"https:\/\/jinhuaceramic.com\/wp-content\/uploads\/2024\/09\/wholesale-4-piece-ceramic-bathroom-set-custom-bathroom-supplies-2.webp 1500w, https:\/\/jinhuaceramic.com\/wp-content\/uploads\/2024\/09\/wholesale-4-piece-ceramic-bathroom-set-custom-bathroom-supplies-2-300x300.webp 300w, https:\/\/jinhuaceramic.com\/wp-content\/uploads\/2024\/09\/wholesale-4-piece-ceramic-bathroom-set-custom-bathroom-supplies-2-150x150.webp 150w, https:\/\/jinhuaceramic.com\/wp-content\/uploads\/2024\/09\/wholesale-4-piece-ceramic-bathroom-set-custom-bathroom-supplies-2-768x768.webp 768w, https:\/\/jinhuaceramic.com\/wp-content\/uploads\/2024\/09\/wholesale-4-piece-ceramic-bathroom-set-custom-bathroom-supplies-2-12x12.webp 12w, https:\/\/jinhuaceramic.com\/wp-content\/uploads\/2024\/09\/wholesale-4-piece-ceramic-bathroom-set-custom-bathroom-supplies-2-285x285.webp 285w, https:\/\/jinhuaceramic.com\/wp-content\/uploads\/2024\/09\/wholesale-4-piece-ceramic-bathroom-set-custom-bathroom-supplies-2-270x270.webp 270w, https:\/\/jinhuaceramic.com\/wp-content\/uploads\/2024\/09\/wholesale-4-piece-ceramic-bathroom-set-custom-bathroom-supplies-2-540x540.webp 540w, https:\/\/jinhuaceramic.com\/wp-content\/uploads\/2024\/09\/wholesale-4-piece-ceramic-bathroom-set-custom-bathroom-supplies-2-660x660.webp 660w\" sizes=\"(max-width: 1500px) 100vw, 1500px\" \/><\/figure>\n<\/div>\n<\/div>","protected":false},"excerpt":{"rendered":"<p>Estes conjuntos de acess\u00f3rios de casa de banho em cer\u00e2mica s\u00e3o populares pelo seu design \u00fanico e elegante com textura de corte de diamante, cor preta cl\u00e1ssica e estrutura de cer\u00e2mica s\u00f3lida. S\u00e3o esteticamente agrad\u00e1veis e pr\u00e1ticos, conferindo um toque moderno e sofisticado \u00e0 casa de banho.<\/p>","protected":false},"featured_media":5944,"comment_status":"closed","ping_status":"closed","template":"","meta":{"_acf_changed":false},"product_brand":[],"product_cat":[51],"product_tag":[74],"class_list":{"0":"post-5941","1":"product","2":"type-product","3":"status-publish","4":"has-post-thumbnail","6":"product_cat-bathroom-accessories-wholesale","7":"product_tag-ceramic-bath-accessories-wholesale","9":"first","10":"instock","11":"shipping-taxable","12":"product-type-simple"},"acf":[],"_links":{"self":[{"href":"https:\/\/jinhuaceramic.com\/pt\/wp-json\/wp\/v2\/product\/5941","targetHints":{"allow":["GET"]}}],"collection":[{"href":"https:\/\/jinhuaceramic.com\/pt\/wp-json\/wp\/v2\/product"}],"about":[{"href":"https:\/\/jinhuaceramic.com\/pt\/wp-json\/wp\/v2\/types\/product"}],"replies":[{"embeddable":true,"href":"https:\/\/jinhuaceramic.com\/pt\/wp-json\/wp\/v2\/comments?post=5941"}],"version-history":[{"count":0,"href":"https:\/\/jinhuaceramic.com\/pt\/wp-json\/wp\/v2\/product\/5941\/revisions"}],"wp:featuredmedia":[{"embeddable":true,"href":"https:\/\/jinhuaceramic.com\/pt\/wp-json\/wp\/v2\/media\/5944"}],"wp:attachment":[{"href":"https:\/\/jinhuaceramic.com\/pt\/wp-json\/wp\/v2\/media?parent=5941"}],"wp:term":[{"taxonomy":"product_brand","embeddable":true,"href":"https:\/\/jinhuaceramic.com\/pt\/wp-json\/wp\/v2\/product_brand?post=5941"},{"taxonomy":"product_cat","embeddable":true,"href":"https:\/\/jinhuaceramic.com\/pt\/wp-json\/wp\/v2\/product_cat?post=5941"},{"taxonomy":"product_tag","embeddable":true,"href":"https:\/\/jinhuaceramic.com\/pt\/wp-json\/wp\/v2\/product_tag?post=5941"}],"curies":[{"name":"wp","href":"https:\/\/api.w.org\/{rel}","templated":true}]}}