{"id":5955,"date":"2024-09-06T10:18:08","date_gmt":"2024-09-06T10:18:08","guid":{"rendered":"https:\/\/jinhuaceramic.com\/?post_type=product&#038;p=5955"},"modified":"2024-09-21T04:08:17","modified_gmt":"2024-09-21T04:08:17","slug":"wholesale-all-black-ceramic-bathroom-set","status":"publish","type":"product","link":"https:\/\/jinhuaceramic.com\/pt\/product\/wholesale-all-black-ceramic-bathroom-set\/","title":{"rendered":"Conjunto de casa de banho em cer\u00e2mica preta para uso dom\u00e9stico e comercial"},"content":{"rendered":"<div class=\"wp-block-columns is-layout-flex wp-container-core-columns-is-layout-9d6595d7 wp-block-columns-is-layout-flex\">\n<div class=\"wp-block-column is-layout-flow wp-block-column-is-layout-flow\">\n<h3 class=\"wp-block-heading\">Conjunto de casa de banho em cer\u00e2mica preta Premium Wholesale Carater\u00edsticas:<\/h3>\n\n\n\n<ul class=\"wp-block-list\">\n<li><strong>Design moderno: <\/strong>Estes conjuntos de casa de banho em cer\u00e2mica preta s\u00e3o todos em tom preto, com um design moderno e simples e linhas suaves, acrescentando um toque de eleg\u00e2ncia e mist\u00e9rio \u00e0 casa de banho, adequados para uma variedade de estilos de casa de banho.<\/li>\n\n\n\n<li><strong>Material de qualidade superior: <\/strong>Estes conjuntos de acess\u00f3rios de casa de banho por atacado s\u00e3o feitos de argila cer\u00e2mica de primeira qualidade, forte e dur\u00e1vel para uso di\u00e1rio. A superf\u00edcie lisa da cer\u00e2mica \u00e9 f\u00e1cil de limpar.<\/li>\n\n\n\n<li><strong>Conjunto completo:<\/strong> Estes conjuntos de casa de banho em cer\u00e2mica preta incluem um dispensador de sab\u00e3o que pode conter a maioria dos sabonetes l\u00edquidos, um suporte para escovas de dentes que pode conter v\u00e1rias escovas e pastas de dentes, uma saboneteira e um frasco de cosm\u00e9ticos que pode conter bolas de algod\u00e3o ou discos de algod\u00e3o. S\u00e3o totalmente funcionais e deixam a casa de banho arrumada.<\/li>\n\n\n\n<li><strong>Ideal para uso comercial:<\/strong> Estes conjuntos de casa de banho em cer\u00e2mica combinam beleza e praticidade, tornando-os uma excelente escolha para hot\u00e9is, spas e outros locais comerciais onde a decora\u00e7\u00e3o da casa de banho e a satisfa\u00e7\u00e3o dos h\u00f3spedes s\u00e3o importantes.<\/li>\n<\/ul>\n<\/div>\n\n\n\n<div class=\"wp-block-column is-layout-flow wp-block-column-is-layout-flow\">\n<figure class=\"wp-block-image size-full\"><img fetchpriority=\"high\" decoding=\"async\" width=\"1500\" height=\"1500\" src=\"https:\/\/jinhuaceramic.com\/wp-content\/uploads\/2024\/09\/Wholesale-All-Black-Ceramic-Bathroom-Set-For-Home-Commercial-Use-2.webp\" alt=\"Conjunto de casa de banho em cer\u00e2mica preta para uso dom\u00e9stico e comercial\" class=\"wp-image-5962\" srcset=\"https:\/\/jinhuaceramic.com\/wp-content\/uploads\/2024\/09\/Wholesale-All-Black-Ceramic-Bathroom-Set-For-Home-Commercial-Use-2.webp 1500w, https:\/\/jinhuaceramic.com\/wp-content\/uploads\/2024\/09\/Wholesale-All-Black-Ceramic-Bathroom-Set-For-Home-Commercial-Use-2-300x300.webp 300w, https:\/\/jinhuaceramic.com\/wp-content\/uploads\/2024\/09\/Wholesale-All-Black-Ceramic-Bathroom-Set-For-Home-Commercial-Use-2-150x150.webp 150w, https:\/\/jinhuaceramic.com\/wp-content\/uploads\/2024\/09\/Wholesale-All-Black-Ceramic-Bathroom-Set-For-Home-Commercial-Use-2-768x768.webp 768w, https:\/\/jinhuaceramic.com\/wp-content\/uploads\/2024\/09\/Wholesale-All-Black-Ceramic-Bathroom-Set-For-Home-Commercial-Use-2-12x12.webp 12w, https:\/\/jinhuaceramic.com\/wp-content\/uploads\/2024\/09\/Wholesale-All-Black-Ceramic-Bathroom-Set-For-Home-Commercial-Use-2-285x285.webp 285w, https:\/\/jinhuaceramic.com\/wp-content\/uploads\/2024\/09\/Wholesale-All-Black-Ceramic-Bathroom-Set-For-Home-Commercial-Use-2-270x270.webp 270w, https:\/\/jinhuaceramic.com\/wp-content\/uploads\/2024\/09\/Wholesale-All-Black-Ceramic-Bathroom-Set-For-Home-Commercial-Use-2-540x540.webp 540w, https:\/\/jinhuaceramic.com\/wp-content\/uploads\/2024\/09\/Wholesale-All-Black-Ceramic-Bathroom-Set-For-Home-Commercial-Use-2-660x660.webp 660w\" sizes=\"(max-width: 1500px) 100vw, 1500px\" \/><\/figure>\n<\/div>\n<\/div>","protected":false},"excerpt":{"rendered":"<p>O design destes conjuntos de casa de banho em cer\u00e2mica preta por atacado \u00e9 simples e moderno, elegante e generoso, e adequado para diferentes estilos de casa de banho. O material cer\u00e2mico n\u00e3o \u00e9 apenas bonito, mas tamb\u00e9m dur\u00e1vel e f\u00e1cil de limpar. O design do conjunto \u00e9 muito pr\u00e1tico e pode satisfazer as necessidades de utiliza\u00e7\u00e3o di\u00e1ria da casa de banho.<\/p>","protected":false},"featured_media":5965,"comment_status":"closed","ping_status":"closed","template":"","meta":{"_acf_changed":false},"product_brand":[],"product_cat":[51],"product_tag":[74],"class_list":{"0":"post-5955","1":"product","2":"type-product","3":"status-publish","4":"has-post-thumbnail","6":"product_cat-bathroom-accessories-wholesale","7":"product_tag-ceramic-bath-accessories-wholesale","9":"first","10":"instock","11":"shipping-taxable","12":"product-type-simple"},"acf":[],"_links":{"self":[{"href":"https:\/\/jinhuaceramic.com\/pt\/wp-json\/wp\/v2\/product\/5955","targetHints":{"allow":["GET"]}}],"collection":[{"href":"https:\/\/jinhuaceramic.com\/pt\/wp-json\/wp\/v2\/product"}],"about":[{"href":"https:\/\/jinhuaceramic.com\/pt\/wp-json\/wp\/v2\/types\/product"}],"replies":[{"embeddable":true,"href":"https:\/\/jinhuaceramic.com\/pt\/wp-json\/wp\/v2\/comments?post=5955"}],"version-history":[{"count":0,"href":"https:\/\/jinhuaceramic.com\/pt\/wp-json\/wp\/v2\/product\/5955\/revisions"}],"wp:featuredmedia":[{"embeddable":true,"href":"https:\/\/jinhuaceramic.com\/pt\/wp-json\/wp\/v2\/media\/5965"}],"wp:attachment":[{"href":"https:\/\/jinhuaceramic.com\/pt\/wp-json\/wp\/v2\/media?parent=5955"}],"wp:term":[{"taxonomy":"product_brand","embeddable":true,"href":"https:\/\/jinhuaceramic.com\/pt\/wp-json\/wp\/v2\/product_brand?post=5955"},{"taxonomy":"product_cat","embeddable":true,"href":"https:\/\/jinhuaceramic.com\/pt\/wp-json\/wp\/v2\/product_cat?post=5955"},{"taxonomy":"product_tag","embeddable":true,"href":"https:\/\/jinhuaceramic.com\/pt\/wp-json\/wp\/v2\/product_tag?post=5955"}],"curies":[{"name":"wp","href":"https:\/\/api.w.org\/{rel}","templated":true}]}}