{"id":5970,"date":"2024-09-06T10:15:19","date_gmt":"2024-09-06T10:15:19","guid":{"rendered":"https:\/\/jinhuaceramic.com\/?post_type=product&#038;p=5970"},"modified":"2024-09-21T04:08:17","modified_gmt":"2024-09-21T04:08:17","slug":"floral-ceramic-bathroom-sets-wholesale","status":"publish","type":"product","link":"https:\/\/jinhuaceramic.com\/pt\/product\/floral-ceramic-bathroom-sets-wholesale\/","title":{"rendered":"Conjuntos de casa de banho em cer\u00e2mica floral por atacado, conjuntos de banho de 4 pe\u00e7as personalizados"},"content":{"rendered":"<div class=\"wp-block-columns is-layout-flex wp-container-core-columns-is-layout-9d6595d7 wp-block-columns-is-layout-flex\">\n<div class=\"wp-block-column is-layout-flow wp-block-column-is-layout-flow\">\n<h3 class=\"wp-block-heading\">Conjuntos de casa de banho em cer\u00e2mica floral premium por atacado Carater\u00edsticas:<\/h3>\n\n\n\n<ul class=\"wp-block-list\">\n<li><strong>Design inspirado na natureza: <\/strong>Estes conjuntos de casa de banho em cer\u00e2mica floral para venda por grosso apresentam um padr\u00e3o de folhas verdes refrescantes combinadas com uma base branca, fresca e natural, melhorando a decora\u00e7\u00e3o da casa de banho e criando uma atmosfera calorosa e acolhedora.<\/li>\n\n\n\n<li><strong>Impress\u00e3o personalizada:<\/strong> Cada um destes conjuntos de casa de banho em cer\u00e2mica a granel tem impressas as palavras \"Nature is something to love\" (A natureza \u00e9 algo para amar), expressando o amor pela natureza e acrescentando um toque de atmosfera liter\u00e1ria \u00e0 casa de banho.<\/li>\n\n\n\n<li><strong>Materiais de alta qualidade:<\/strong> Estes conjuntos de casa de banho de cer\u00e2mica floral por atacado s\u00e3o feitos de argila cer\u00e2mica de alta qualidade e decalques n\u00e3o t\u00f3xicos, que s\u00e3o resistentes e dur\u00e1veis, com uma superf\u00edcie lisa, n\u00e3o moldam e n\u00e3o s\u00e3o f\u00e1ceis de criar bact\u00e9rias.<\/li>\n\n\n\n<li><strong>Conjunto completo: <\/strong>Estes conjuntos de casa de banho de cer\u00e2mica por atacado incluem um dispensador de sab\u00e3o, copo para escova de dentes e saboneteira, que podem satisfazer as necessidades di\u00e1rias de lavagem e tornar a casa de banho bem organizada. Eles n\u00e3o s\u00e3o apenas adequados para uso dom\u00e9stico, mas tamb\u00e9m podem ser fornecidos para locais comerciais, como hot\u00e9is.<\/li>\n<\/ul>\n<\/div>\n\n\n\n<div class=\"wp-block-column is-layout-flow wp-block-column-is-layout-flow\">\n<figure class=\"wp-block-image size-full\"><img fetchpriority=\"high\" decoding=\"async\" width=\"1024\" height=\"1024\" src=\"https:\/\/jinhuaceramic.com\/wp-content\/uploads\/2024\/09\/4-Piece-Wholesale-Ceramic-Bathroom-Set-Custom-Hotel-Accessories-Supplier-2.webp\" alt=\"Conjuntos de casa de banho em cer\u00e2mica floral por atacado, conjuntos de banho de 4 pe\u00e7as personalizados-1\" class=\"wp-image-5971\" srcset=\"https:\/\/jinhuaceramic.com\/wp-content\/uploads\/2024\/09\/4-Piece-Wholesale-Ceramic-Bathroom-Set-Custom-Hotel-Accessories-Supplier-2.webp 1024w, https:\/\/jinhuaceramic.com\/wp-content\/uploads\/2024\/09\/4-Piece-Wholesale-Ceramic-Bathroom-Set-Custom-Hotel-Accessories-Supplier-2-300x300.webp 300w, https:\/\/jinhuaceramic.com\/wp-content\/uploads\/2024\/09\/4-Piece-Wholesale-Ceramic-Bathroom-Set-Custom-Hotel-Accessories-Supplier-2-150x150.webp 150w, https:\/\/jinhuaceramic.com\/wp-content\/uploads\/2024\/09\/4-Piece-Wholesale-Ceramic-Bathroom-Set-Custom-Hotel-Accessories-Supplier-2-768x768.webp 768w, https:\/\/jinhuaceramic.com\/wp-content\/uploads\/2024\/09\/4-Piece-Wholesale-Ceramic-Bathroom-Set-Custom-Hotel-Accessories-Supplier-2-12x12.webp 12w, https:\/\/jinhuaceramic.com\/wp-content\/uploads\/2024\/09\/4-Piece-Wholesale-Ceramic-Bathroom-Set-Custom-Hotel-Accessories-Supplier-2-285x285.webp 285w, https:\/\/jinhuaceramic.com\/wp-content\/uploads\/2024\/09\/4-Piece-Wholesale-Ceramic-Bathroom-Set-Custom-Hotel-Accessories-Supplier-2-270x270.webp 270w, https:\/\/jinhuaceramic.com\/wp-content\/uploads\/2024\/09\/4-Piece-Wholesale-Ceramic-Bathroom-Set-Custom-Hotel-Accessories-Supplier-2-540x540.webp 540w, https:\/\/jinhuaceramic.com\/wp-content\/uploads\/2024\/09\/4-Piece-Wholesale-Ceramic-Bathroom-Set-Custom-Hotel-Accessories-Supplier-2-660x660.webp 660w\" sizes=\"(max-width: 1024px) 100vw, 1024px\" \/><\/figure>\n<\/div>\n<\/div>","protected":false},"excerpt":{"rendered":"<p>Estes conjuntos de casa de banho de cer\u00e2mica floral por atacado n\u00e3o s\u00f3 t\u00eam designs de padr\u00f5es frescos que s\u00e3o adequados para v\u00e1rios estilos de casa de banho, mas tamb\u00e9m t\u00eam materiais de alta qualidade e grande praticidade, que podem n\u00e3o s\u00f3 melhorar a apar\u00eancia da casa de banho, mas tamb\u00e9m cumprir as fun\u00e7\u00f5es de armazenamento e organiza\u00e7\u00e3o da casa de banho.<\/p>","protected":false},"featured_media":5977,"comment_status":"closed","ping_status":"closed","template":"","meta":{"_acf_changed":false},"product_brand":[],"product_cat":[51],"product_tag":[74],"class_list":{"0":"post-5970","1":"product","2":"type-product","3":"status-publish","4":"has-post-thumbnail","6":"product_cat-bathroom-accessories-wholesale","7":"product_tag-ceramic-bath-accessories-wholesale","9":"first","10":"instock","11":"shipping-taxable","12":"product-type-simple"},"acf":[],"_links":{"self":[{"href":"https:\/\/jinhuaceramic.com\/pt\/wp-json\/wp\/v2\/product\/5970","targetHints":{"allow":["GET"]}}],"collection":[{"href":"https:\/\/jinhuaceramic.com\/pt\/wp-json\/wp\/v2\/product"}],"about":[{"href":"https:\/\/jinhuaceramic.com\/pt\/wp-json\/wp\/v2\/types\/product"}],"replies":[{"embeddable":true,"href":"https:\/\/jinhuaceramic.com\/pt\/wp-json\/wp\/v2\/comments?post=5970"}],"version-history":[{"count":0,"href":"https:\/\/jinhuaceramic.com\/pt\/wp-json\/wp\/v2\/product\/5970\/revisions"}],"wp:featuredmedia":[{"embeddable":true,"href":"https:\/\/jinhuaceramic.com\/pt\/wp-json\/wp\/v2\/media\/5977"}],"wp:attachment":[{"href":"https:\/\/jinhuaceramic.com\/pt\/wp-json\/wp\/v2\/media?parent=5970"}],"wp:term":[{"taxonomy":"product_brand","embeddable":true,"href":"https:\/\/jinhuaceramic.com\/pt\/wp-json\/wp\/v2\/product_brand?post=5970"},{"taxonomy":"product_cat","embeddable":true,"href":"https:\/\/jinhuaceramic.com\/pt\/wp-json\/wp\/v2\/product_cat?post=5970"},{"taxonomy":"product_tag","embeddable":true,"href":"https:\/\/jinhuaceramic.com\/pt\/wp-json\/wp\/v2\/product_tag?post=5970"}],"curies":[{"name":"wp","href":"https:\/\/api.w.org\/{rel}","templated":true}]}}