{"id":5980,"date":"2024-09-06T10:08:21","date_gmt":"2024-09-06T10:08:21","guid":{"rendered":"https:\/\/jinhuaceramic.com\/?post_type=product&#038;p=5980"},"modified":"2024-09-21T04:08:17","modified_gmt":"2024-09-21T04:08:17","slug":"geometric-ceramic-bathroom-set-wholesale","status":"publish","type":"product","link":"https:\/\/jinhuaceramic.com\/pt\/product\/geometric-ceramic-bathroom-set-wholesale\/","title":{"rendered":"Conjunto de casa de banho em cer\u00e2mica geom\u00e9trica por atacado, Conjunto de banho de 4 pe\u00e7as"},"content":{"rendered":"<div class=\"wp-block-columns is-layout-flex wp-container-core-columns-is-layout-9d6595d7 wp-block-columns-is-layout-flex\">\n<div class=\"wp-block-column is-layout-flow wp-block-column-is-layout-flow\">\n<h3 class=\"wp-block-heading\">Conjunto de casa de banho em cer\u00e2mica geom\u00e9trica Premium Carater\u00edsticas por atacado:<\/h3>\n\n\n\n<ul class=\"wp-block-list\">\n<li><strong>Desenho geom\u00e9trico \u00fanico:<\/strong> Este conjunto geom\u00e9trico de cer\u00e2mica para casa de banho por atacado apresenta formas \u00fanicas, linhas fluidas e cores rosa suaves, apresentando uma est\u00e9tica moderna e minimalista. A superf\u00edcie irregular acrescenta um toque de textura e melhora a ader\u00eancia.<\/li>\n\n\n\n<li><strong>Materiais de alta qualidade:<\/strong> Estes conjuntos de casa de banho de cer\u00e2mica por atacado s\u00e3o feitos de cer\u00e2mica de alta qualidade, que \u00e9 resistente e dur\u00e1vel, n\u00e3o \u00e9 f\u00e1cil de riscar, com uma superf\u00edcie lisa, f\u00e1cil de limpar, e o material cer\u00e2mico \u00e9 saud\u00e1vel e amigo do ambiente.<\/li>\n\n\n\n<li><strong>Totalmente funcional: <\/strong>Este conjunto geom\u00e9trico de cer\u00e2mica para casa de banho inclui uma saboneteira, um suporte para escova de dentes, um copo para elixir e uma saboneteira. O dispensador de sab\u00e3o usa uma cabe\u00e7a de bomba de alta qualidade, que dispensa suavemente, tem uma descarga de l\u00edquido est\u00e1vel e \u00e9 f\u00e1cil de usar.<\/li>\n\n\n\n<li><strong>Servi\u00e7o personalizado:<\/strong> A nossa f\u00e1brica fornece um servi\u00e7o personalizado para conjuntos de banho de cer\u00e2mica por atacado, permitindo que os clientes personalizem a cor, o tamanho, o padr\u00e3o, etc. para criar um conjunto de casa de banho de cer\u00e2mica \u00fanico adequado para hot\u00e9is, apartamentos ou resid\u00eancias de luxo.<\/li>\n<\/ul>\n<\/div>\n\n\n\n<div class=\"wp-block-column is-layout-flow wp-block-column-is-layout-flow\">\n<figure class=\"wp-block-image size-full\"><img fetchpriority=\"high\" decoding=\"async\" width=\"1500\" height=\"1500\" src=\"https:\/\/jinhuaceramic.com\/wp-content\/uploads\/2024\/09\/High-End-Custom-Geometric-Ceramic-Bathroom-Set-Wholesale-4-Piece-Accessories.webp\" alt=\"Conjunto de casa de banho de cer\u00e2mica geom\u00e9trica personalizada de alta qualidade - venda por grosso de 4 pe\u00e7as - acess\u00f3rios\" class=\"wp-image-5986\" srcset=\"https:\/\/jinhuaceramic.com\/wp-content\/uploads\/2024\/09\/High-End-Custom-Geometric-Ceramic-Bathroom-Set-Wholesale-4-Piece-Accessories.webp 1500w, https:\/\/jinhuaceramic.com\/wp-content\/uploads\/2024\/09\/High-End-Custom-Geometric-Ceramic-Bathroom-Set-Wholesale-4-Piece-Accessories-300x300.webp 300w, https:\/\/jinhuaceramic.com\/wp-content\/uploads\/2024\/09\/High-End-Custom-Geometric-Ceramic-Bathroom-Set-Wholesale-4-Piece-Accessories-150x150.webp 150w, https:\/\/jinhuaceramic.com\/wp-content\/uploads\/2024\/09\/High-End-Custom-Geometric-Ceramic-Bathroom-Set-Wholesale-4-Piece-Accessories-768x768.webp 768w, https:\/\/jinhuaceramic.com\/wp-content\/uploads\/2024\/09\/High-End-Custom-Geometric-Ceramic-Bathroom-Set-Wholesale-4-Piece-Accessories-12x12.webp 12w, https:\/\/jinhuaceramic.com\/wp-content\/uploads\/2024\/09\/High-End-Custom-Geometric-Ceramic-Bathroom-Set-Wholesale-4-Piece-Accessories-285x285.webp 285w, https:\/\/jinhuaceramic.com\/wp-content\/uploads\/2024\/09\/High-End-Custom-Geometric-Ceramic-Bathroom-Set-Wholesale-4-Piece-Accessories-270x270.webp 270w, https:\/\/jinhuaceramic.com\/wp-content\/uploads\/2024\/09\/High-End-Custom-Geometric-Ceramic-Bathroom-Set-Wholesale-4-Piece-Accessories-540x540.webp 540w, https:\/\/jinhuaceramic.com\/wp-content\/uploads\/2024\/09\/High-End-Custom-Geometric-Ceramic-Bathroom-Set-Wholesale-4-Piece-Accessories-660x660.webp 660w\" sizes=\"(max-width: 1500px) 100vw, 1500px\" \/><\/figure>\n<\/div>\n<\/div>","protected":false},"excerpt":{"rendered":"<p>Este conjunto geom\u00e9trico de cer\u00e2mica para casa de banho por atacado \u00e9 um artigo de moda obrigat\u00f3rio para qualquer casa de banho. N\u00e3o \u00e9 apenas funcional, mas tamb\u00e9m acrescenta um toque de eleg\u00e2ncia e classe \u00e0s casas de banho. Como um fabricante profissional de cer\u00e2mica, tamb\u00e9m fornecemos servi\u00e7os personalizados. Bem-vindo ao inqu\u00e9rito!<\/p>","protected":false},"featured_media":5986,"comment_status":"closed","ping_status":"closed","template":"","meta":{"_acf_changed":false},"product_brand":[],"product_cat":[51],"product_tag":[74],"class_list":{"0":"post-5980","1":"product","2":"type-product","3":"status-publish","4":"has-post-thumbnail","6":"product_cat-bathroom-accessories-wholesale","7":"product_tag-ceramic-bath-accessories-wholesale","9":"first","10":"instock","11":"shipping-taxable","12":"product-type-simple"},"acf":[],"_links":{"self":[{"href":"https:\/\/jinhuaceramic.com\/pt\/wp-json\/wp\/v2\/product\/5980","targetHints":{"allow":["GET"]}}],"collection":[{"href":"https:\/\/jinhuaceramic.com\/pt\/wp-json\/wp\/v2\/product"}],"about":[{"href":"https:\/\/jinhuaceramic.com\/pt\/wp-json\/wp\/v2\/types\/product"}],"replies":[{"embeddable":true,"href":"https:\/\/jinhuaceramic.com\/pt\/wp-json\/wp\/v2\/comments?post=5980"}],"version-history":[{"count":0,"href":"https:\/\/jinhuaceramic.com\/pt\/wp-json\/wp\/v2\/product\/5980\/revisions"}],"wp:featuredmedia":[{"embeddable":true,"href":"https:\/\/jinhuaceramic.com\/pt\/wp-json\/wp\/v2\/media\/5986"}],"wp:attachment":[{"href":"https:\/\/jinhuaceramic.com\/pt\/wp-json\/wp\/v2\/media?parent=5980"}],"wp:term":[{"taxonomy":"product_brand","embeddable":true,"href":"https:\/\/jinhuaceramic.com\/pt\/wp-json\/wp\/v2\/product_brand?post=5980"},{"taxonomy":"product_cat","embeddable":true,"href":"https:\/\/jinhuaceramic.com\/pt\/wp-json\/wp\/v2\/product_cat?post=5980"},{"taxonomy":"product_tag","embeddable":true,"href":"https:\/\/jinhuaceramic.com\/pt\/wp-json\/wp\/v2\/product_tag?post=5980"}],"curies":[{"name":"wp","href":"https:\/\/api.w.org\/{rel}","templated":true}]}}