{"id":6036,"date":"2024-09-19T06:23:33","date_gmt":"2024-09-19T06:23:33","guid":{"rendered":"https:\/\/jinhuaceramic.com\/?post_type=product&#038;p=6036"},"modified":"2025-03-08T02:32:58","modified_gmt":"2025-03-08T02:32:58","slug":"ceramic-bathroom-accessories-wholesale","status":"publish","type":"product","link":"https:\/\/jinhuaceramic.com\/pt\/product\/ceramic-bathroom-accessories-wholesale\/","title":{"rendered":"Acess\u00f3rios de casa de banho em cer\u00e2mica por atacado, Conjunto de casa de banho de hotel com 5 pe\u00e7as"},"content":{"rendered":"<div class=\"wp-block-columns is-layout-flex wp-container-core-columns-is-layout-9d6595d7 wp-block-columns-is-layout-flex\">\n<div class=\"wp-block-column is-layout-flow wp-block-column-is-layout-flow\">\n<h3 class=\"wp-block-heading\">Acess\u00f3rios de casa de banho em cer\u00e2mica de qualidade por atacado Carater\u00edsticas:<\/h3>\n\n\n\n<ul class=\"wp-block-list\">\n<li><strong>Design moderno:<\/strong> Estes acess\u00f3rios de casa de banho em cer\u00e2mica para venda por grosso s\u00e3o brancos e t\u00eam um design moderno e minimalista. Cada produto tem riscas verticais na superf\u00edcie, o que acrescenta uma sensa\u00e7\u00e3o de textura. Al\u00e9m disso, o design de linhas arredondadas torna o produto mais suave. Estas suites de casa de banho em cer\u00e2mica podem ser adaptadas a v\u00e1rios temas de decora\u00e7\u00e3o de casa de banho.<\/li>\n\n\n\n<li><strong>Material de alta qualidade:<\/strong> Fabricados em barro cer\u00e2mico de alta qualidade cozido a altas temperaturas, estes conjuntos de casa de banho por atacado s\u00e3o muito duros e robustos e n\u00e3o s\u00e3o f\u00e1ceis de partir.<\/li>\n\n\n\n<li><strong>Conjunto completo:<\/strong> Estes acess\u00f3rios de casa de banho em cer\u00e2mica s\u00e3o constitu\u00eddos por um dispensador de sabonete l\u00edquido para dispensar v\u00e1rios tipos de sabonetes l\u00edquidos, dois copos de cer\u00e2mica para colocar algo como escovas de dentes ou para usar durante a limpeza da boca, uma saboneteira e um frasco de botic\u00e1rio para colocar bolas de algod\u00e3o e discos de algod\u00e3o, que podem ser adequados para as necessidades di\u00e1rias de lavagem e manter a casa de banho organizada.<\/li>\n\n\n\n<li><strong>F\u00e1cil de limpar: <\/strong>A cer\u00e2mica destes conjuntos de casa de banho por atacado \u00e9 lisa, n\u00e3o se suja facilmente e \u00e9 f\u00e1cil de limpar, tornando a casa de banho limpa e sem germes.<\/li>\n<\/ul>\n<\/div>\n\n\n\n<div class=\"wp-block-column is-layout-flow wp-block-column-is-layout-flow\">\n<figure class=\"wp-block-image size-full\"><img fetchpriority=\"high\" decoding=\"async\" width=\"1500\" height=\"1499\" src=\"https:\/\/jinhuaceramic.com\/wp-content\/uploads\/2024\/09\/Wholesale-Ceramic-Bathroom-Set-5-Piece-Hotel-Bathroom-Accessories-4.webp\" alt=\"Acess\u00f3rios de casa de banho em cer\u00e2mica por atacado, Conjunto de casa de banho de hotel de 5 pe\u00e7as-1\" class=\"wp-image-6039\" srcset=\"https:\/\/jinhuaceramic.com\/wp-content\/uploads\/2024\/09\/Wholesale-Ceramic-Bathroom-Set-5-Piece-Hotel-Bathroom-Accessories-4.webp 1500w, https:\/\/jinhuaceramic.com\/wp-content\/uploads\/2024\/09\/Wholesale-Ceramic-Bathroom-Set-5-Piece-Hotel-Bathroom-Accessories-4-300x300.webp 300w, https:\/\/jinhuaceramic.com\/wp-content\/uploads\/2024\/09\/Wholesale-Ceramic-Bathroom-Set-5-Piece-Hotel-Bathroom-Accessories-4-150x150.webp 150w, https:\/\/jinhuaceramic.com\/wp-content\/uploads\/2024\/09\/Wholesale-Ceramic-Bathroom-Set-5-Piece-Hotel-Bathroom-Accessories-4-768x767.webp 768w, https:\/\/jinhuaceramic.com\/wp-content\/uploads\/2024\/09\/Wholesale-Ceramic-Bathroom-Set-5-Piece-Hotel-Bathroom-Accessories-4-12x12.webp 12w, https:\/\/jinhuaceramic.com\/wp-content\/uploads\/2024\/09\/Wholesale-Ceramic-Bathroom-Set-5-Piece-Hotel-Bathroom-Accessories-4-285x285.webp 285w, https:\/\/jinhuaceramic.com\/wp-content\/uploads\/2024\/09\/Wholesale-Ceramic-Bathroom-Set-5-Piece-Hotel-Bathroom-Accessories-4-270x270.webp 270w, https:\/\/jinhuaceramic.com\/wp-content\/uploads\/2024\/09\/Wholesale-Ceramic-Bathroom-Set-5-Piece-Hotel-Bathroom-Accessories-4-540x540.webp 540w, https:\/\/jinhuaceramic.com\/wp-content\/uploads\/2024\/09\/Wholesale-Ceramic-Bathroom-Set-5-Piece-Hotel-Bathroom-Accessories-4-660x660.webp 660w\" sizes=\"(max-width: 1500px) 100vw, 1500px\" \/><\/figure>\n<\/div>\n<\/div>","protected":false},"excerpt":{"rendered":"<p>Bem-vindo a comprar conjuntos de casa de banho por atacado. Estes acess\u00f3rios de casa de banho em cer\u00e2mica s\u00e3o populares devido ao seu estilo simples e elegante, excelentes materiais cer\u00e2micos e praticidade geral. Equilibrando beleza e funcionalidade, estes conjuntos de casa de banho em cer\u00e2mica t\u00eam sido a escolha mais popular para a decora\u00e7\u00e3o de casas de banho.<\/p>","protected":false},"featured_media":6038,"comment_status":"closed","ping_status":"closed","template":"","meta":{"_acf_changed":false},"product_brand":[],"product_cat":[51],"product_tag":[74],"class_list":{"0":"post-6036","1":"product","2":"type-product","3":"status-publish","4":"has-post-thumbnail","6":"product_cat-bathroom-accessories-wholesale","7":"product_tag-ceramic-bath-accessories-wholesale","9":"first","10":"instock","11":"shipping-taxable","12":"product-type-simple"},"acf":[],"_links":{"self":[{"href":"https:\/\/jinhuaceramic.com\/pt\/wp-json\/wp\/v2\/product\/6036","targetHints":{"allow":["GET"]}}],"collection":[{"href":"https:\/\/jinhuaceramic.com\/pt\/wp-json\/wp\/v2\/product"}],"about":[{"href":"https:\/\/jinhuaceramic.com\/pt\/wp-json\/wp\/v2\/types\/product"}],"replies":[{"embeddable":true,"href":"https:\/\/jinhuaceramic.com\/pt\/wp-json\/wp\/v2\/comments?post=6036"}],"version-history":[{"count":0,"href":"https:\/\/jinhuaceramic.com\/pt\/wp-json\/wp\/v2\/product\/6036\/revisions"}],"wp:featuredmedia":[{"embeddable":true,"href":"https:\/\/jinhuaceramic.com\/pt\/wp-json\/wp\/v2\/media\/6038"}],"wp:attachment":[{"href":"https:\/\/jinhuaceramic.com\/pt\/wp-json\/wp\/v2\/media?parent=6036"}],"wp:term":[{"taxonomy":"product_brand","embeddable":true,"href":"https:\/\/jinhuaceramic.com\/pt\/wp-json\/wp\/v2\/product_brand?post=6036"},{"taxonomy":"product_cat","embeddable":true,"href":"https:\/\/jinhuaceramic.com\/pt\/wp-json\/wp\/v2\/product_cat?post=6036"},{"taxonomy":"product_tag","embeddable":true,"href":"https:\/\/jinhuaceramic.com\/pt\/wp-json\/wp\/v2\/product_tag?post=6036"}],"curies":[{"name":"wp","href":"https:\/\/api.w.org\/{rel}","templated":true}]}}