{"id":6079,"date":"2024-09-19T06:16:19","date_gmt":"2024-09-19T06:16:19","guid":{"rendered":"https:\/\/jinhuaceramic.com\/?post_type=product&#038;p=6079"},"modified":"2024-09-21T03:55:24","modified_gmt":"2024-09-21T03:55:24","slug":"wholesale-soap-dishes","status":"publish","type":"product","link":"https:\/\/jinhuaceramic.com\/pt\/product\/wholesale-soap-dishes\/","title":{"rendered":"Saboneteira por atacado com design em forma de onda"},"content":{"rendered":"<div class=\"wp-block-columns is-layout-flex wp-container-core-columns-is-layout-9d6595d7 wp-block-columns-is-layout-flex\">\n<div class=\"wp-block-column is-layout-flow wp-block-column-is-layout-flow\">\n<h3 class=\"wp-block-heading\">Pratos de sab\u00e3o Premium Wholesale Carater\u00edsticas:<\/h3>\n\n\n\n<ul class=\"wp-block-list\">\n<li><strong>Design \u00fanico em forma de onda:<\/strong> Estas saboneteiras de cer\u00e2mica para venda por grosso apresentam um design \u00fanico em forma de onda cont\u00ednua. A parte superior e inferior apresentam linhas onduladas suaves, o que n\u00e3o s\u00f3 \u00e9 bonito, mas tamb\u00e9m traz um efeito visual de leveza e movimento.<\/li>\n\n\n\n<li><strong>Materiais de alta qualidade:<\/strong> Estas saboneteiras por atacado s\u00e3o feitas de materiais cer\u00e2micos de alta qualidade. S\u00e3o duras, n\u00e3o s\u00e3o f\u00e1ceis de partir e podem manter o seu aspeto brilhante e limpo como novo durante muito tempo.<\/li>\n\n\n\n<li><strong>V\u00e1rias cores: <\/strong>Estas saboneteiras de cer\u00e2mica por atacado est\u00e3o dispon\u00edveis em uma variedade de cores, preto, branco, cinza claro, bege, branco salpicado, etc. Como uma f\u00e1brica, tamb\u00e9m podemos personalizar outras cores de acordo com as necessidades do cliente.<\/li>\n\n\n\n<li><strong>Auto-drenagem e higi\u00e9nico:<\/strong> O design ondulado destas saboneteiras de cer\u00e2mica por atacado eleva o sab\u00e3o para que n\u00e3o fique de molho na \u00e1gua durante muito tempo, mantendo o sab\u00e3o seco e higi\u00e9nico, e prolongando o tempo de utiliza\u00e7\u00e3o do sab\u00e3o. A superf\u00edcie da cer\u00e2mica \u00e9 lisa e delicada, n\u00e3o \u00e9 f\u00e1cil de esconder sujidade e bact\u00e9rias, e \u00e9 muito conveniente para limpar.<\/li>\n<\/ul>\n<\/div>\n\n\n\n<div class=\"wp-block-column is-layout-flow wp-block-column-is-layout-flow\">\n<figure class=\"wp-block-image size-full\"><img fetchpriority=\"high\" decoding=\"async\" width=\"750\" height=\"750\" src=\"https:\/\/jinhuaceramic.com\/wp-content\/uploads\/2024\/09\/Custom-Wave-Shaped-Ceramic-Soap-Dish-Wholesale-Bathroom-Accessories-9.webp\" alt=\"Saboneteiras por atacado dur\u00e1veis com design em forma de onda-1\" class=\"wp-image-6087\" srcset=\"https:\/\/jinhuaceramic.com\/wp-content\/uploads\/2024\/09\/Custom-Wave-Shaped-Ceramic-Soap-Dish-Wholesale-Bathroom-Accessories-9.webp 750w, https:\/\/jinhuaceramic.com\/wp-content\/uploads\/2024\/09\/Custom-Wave-Shaped-Ceramic-Soap-Dish-Wholesale-Bathroom-Accessories-9-300x300.webp 300w, https:\/\/jinhuaceramic.com\/wp-content\/uploads\/2024\/09\/Custom-Wave-Shaped-Ceramic-Soap-Dish-Wholesale-Bathroom-Accessories-9-150x150.webp 150w, https:\/\/jinhuaceramic.com\/wp-content\/uploads\/2024\/09\/Custom-Wave-Shaped-Ceramic-Soap-Dish-Wholesale-Bathroom-Accessories-9-12x12.webp 12w, https:\/\/jinhuaceramic.com\/wp-content\/uploads\/2024\/09\/Custom-Wave-Shaped-Ceramic-Soap-Dish-Wholesale-Bathroom-Accessories-9-285x285.webp 285w, https:\/\/jinhuaceramic.com\/wp-content\/uploads\/2024\/09\/Custom-Wave-Shaped-Ceramic-Soap-Dish-Wholesale-Bathroom-Accessories-9-270x270.webp 270w, https:\/\/jinhuaceramic.com\/wp-content\/uploads\/2024\/09\/Custom-Wave-Shaped-Ceramic-Soap-Dish-Wholesale-Bathroom-Accessories-9-540x540.webp 540w, https:\/\/jinhuaceramic.com\/wp-content\/uploads\/2024\/09\/Custom-Wave-Shaped-Ceramic-Soap-Dish-Wholesale-Bathroom-Accessories-9-660x660.webp 660w\" sizes=\"(max-width: 750px) 100vw, 750px\" \/><\/figure>\n<\/div>\n<\/div>\n\n\n\n<p><\/p>","protected":false},"excerpt":{"rendered":"<p>Bem-vindo ao comprar pratos de sopa de cer\u00e2mica a granel. Combinando est\u00e9tica e praticidade, nossas saboneteiras onduladas por atacado se tornaram a primeira escolha dos clientes. Uma variedade de cores torna-o adequado para diferentes estilos de decora\u00e7\u00e3o de casa de banho e torna-se um belo enfeite na casa de banho. O material cer\u00e2mico de alta qualidade torna-o dur\u00e1vel, f\u00e1cil de limpar e higi\u00e9nico.<\/p>","protected":false},"featured_media":6088,"comment_status":"closed","ping_status":"closed","template":"","meta":{"_acf_changed":false},"product_brand":[],"product_cat":[51],"product_tag":[72],"class_list":{"0":"post-6079","1":"product","2":"type-product","3":"status-publish","4":"has-post-thumbnail","6":"product_cat-bathroom-accessories-wholesale","7":"product_tag-wholesale-soap-dishes","9":"first","10":"instock","11":"shipping-taxable","12":"product-type-simple"},"acf":[],"_links":{"self":[{"href":"https:\/\/jinhuaceramic.com\/pt\/wp-json\/wp\/v2\/product\/6079","targetHints":{"allow":["GET"]}}],"collection":[{"href":"https:\/\/jinhuaceramic.com\/pt\/wp-json\/wp\/v2\/product"}],"about":[{"href":"https:\/\/jinhuaceramic.com\/pt\/wp-json\/wp\/v2\/types\/product"}],"replies":[{"embeddable":true,"href":"https:\/\/jinhuaceramic.com\/pt\/wp-json\/wp\/v2\/comments?post=6079"}],"version-history":[{"count":0,"href":"https:\/\/jinhuaceramic.com\/pt\/wp-json\/wp\/v2\/product\/6079\/revisions"}],"wp:featuredmedia":[{"embeddable":true,"href":"https:\/\/jinhuaceramic.com\/pt\/wp-json\/wp\/v2\/media\/6088"}],"wp:attachment":[{"href":"https:\/\/jinhuaceramic.com\/pt\/wp-json\/wp\/v2\/media?parent=6079"}],"wp:term":[{"taxonomy":"product_brand","embeddable":true,"href":"https:\/\/jinhuaceramic.com\/pt\/wp-json\/wp\/v2\/product_brand?post=6079"},{"taxonomy":"product_cat","embeddable":true,"href":"https:\/\/jinhuaceramic.com\/pt\/wp-json\/wp\/v2\/product_cat?post=6079"},{"taxonomy":"product_tag","embeddable":true,"href":"https:\/\/jinhuaceramic.com\/pt\/wp-json\/wp\/v2\/product_tag?post=6079"}],"curies":[{"name":"wp","href":"https:\/\/api.w.org\/{rel}","templated":true}]}}