{"id":6142,"date":"2024-09-20T09:01:48","date_gmt":"2024-09-20T09:01:48","guid":{"rendered":"https:\/\/jinhuaceramic.com\/?post_type=product&#038;p=6142"},"modified":"2024-09-21T04:08:16","modified_gmt":"2024-09-21T04:08:16","slug":"4-piece-wholesale-ceramic-bathroom-set","status":"publish","type":"product","link":"https:\/\/jinhuaceramic.com\/pt\/product\/4-piece-wholesale-ceramic-bathroom-set\/","title":{"rendered":"Conjunto de 4 pe\u00e7as de cer\u00e2mica para casa de banho com tampas de bambu"},"content":{"rendered":"<div class=\"wp-block-columns is-layout-flex wp-container-core-columns-is-layout-9d6595d7 wp-block-columns-is-layout-flex\">\n<div class=\"wp-block-column is-layout-flow wp-block-column-is-layout-flow\">\n<h3 class=\"wp-block-heading\">Conjunto de casa de banho em cer\u00e2mica Premium de 4 pe\u00e7as por atacado Carater\u00edsticas:<\/h3>\n\n\n\n<ul class=\"wp-block-list\">\n<li><strong>Design moderno:<\/strong> Estes conjuntos de casa de banho de cer\u00e2mica de 4 pe\u00e7as por atacado apresentam um design minimalista e moderno. As ch\u00e1venas de cer\u00e2mica e os frascos de sabonete t\u00eam ambos um design cil\u00edndrico cl\u00e1ssico com linhas suaves, simples mas sofisticadas. Al\u00e9m disso, o tabuleiro de bambu acrescenta um toque de textura natural ao conjunto moderno.<\/li>\n\n\n\n<li><strong>Cores vers\u00e1teis:<\/strong> Estes conjuntos de casa de banho por atacado est\u00e3o dispon\u00edveis em tr\u00eas cores: branco, preto e cinzento, que podem satisfazer as necessidades de decora\u00e7\u00e3o da casa de banho em diferentes estilos. O branco \u00e9 cl\u00e1ssico e vers\u00e1til, o preto \u00e9 simples e atmosf\u00e9rico, e o cinzento \u00e9 moderno e elegante.<\/li>\n\n\n\n<li><strong>Material de qualidade superior:<\/strong> Estes conjuntos de casa de banho de cer\u00e2mica de 4 pe\u00e7as por atacado s\u00e3o feitos de materiais cer\u00e2micos de alta qualidade e madeira de bambu premium. A cer\u00e2mica \u00e9 suave e delicada, tem boa impermeabilidade e \u00e9 f\u00e1cil de limpar.<\/li>\n\n\n\n<li><strong>Conjunto completo:<\/strong> Estes conjuntos de casa de banho por atacado incluem dois copos de cer\u00e2mica e um dispensador de sabonete em cer\u00e2mica com uma bomba, que pode ser utilizado para colocar escovas de dentes, pasta de dentes, sabonete para as m\u00e3os, etc. O tabuleiro de bambu n\u00e3o s\u00f3 suporta como tamb\u00e9m separa diferentes artigos, tornando a bancada da casa de banho mais arrumada e organizada.<\/li>\n<\/ul>\n<\/div>\n\n\n\n<div class=\"wp-block-column is-layout-flow wp-block-column-is-layout-flow\">\n<figure class=\"wp-block-image size-full\"><img fetchpriority=\"high\" decoding=\"async\" width=\"800\" height=\"800\" src=\"https:\/\/jinhuaceramic.com\/wp-content\/uploads\/2024\/09\/4-Piece-Wholesale-Ceramic-Bathroom-Set-With-Bamboo-Accents-4.jpg\" alt=\"Conjunto de casa de banho em cer\u00e2mica de 4 pe\u00e7as com acess\u00f3rios em bambu\" class=\"wp-image-6150\" srcset=\"https:\/\/jinhuaceramic.com\/wp-content\/uploads\/2024\/09\/4-Piece-Wholesale-Ceramic-Bathroom-Set-With-Bamboo-Accents-4.jpg 800w, https:\/\/jinhuaceramic.com\/wp-content\/uploads\/2024\/09\/4-Piece-Wholesale-Ceramic-Bathroom-Set-With-Bamboo-Accents-4-300x300.jpg 300w, https:\/\/jinhuaceramic.com\/wp-content\/uploads\/2024\/09\/4-Piece-Wholesale-Ceramic-Bathroom-Set-With-Bamboo-Accents-4-150x150.jpg 150w, https:\/\/jinhuaceramic.com\/wp-content\/uploads\/2024\/09\/4-Piece-Wholesale-Ceramic-Bathroom-Set-With-Bamboo-Accents-4-768x768.jpg 768w, https:\/\/jinhuaceramic.com\/wp-content\/uploads\/2024\/09\/4-Piece-Wholesale-Ceramic-Bathroom-Set-With-Bamboo-Accents-4-12x12.jpg 12w, https:\/\/jinhuaceramic.com\/wp-content\/uploads\/2024\/09\/4-Piece-Wholesale-Ceramic-Bathroom-Set-With-Bamboo-Accents-4-285x285.jpg 285w, https:\/\/jinhuaceramic.com\/wp-content\/uploads\/2024\/09\/4-Piece-Wholesale-Ceramic-Bathroom-Set-With-Bamboo-Accents-4-270x270.jpg 270w, https:\/\/jinhuaceramic.com\/wp-content\/uploads\/2024\/09\/4-Piece-Wholesale-Ceramic-Bathroom-Set-With-Bamboo-Accents-4-540x540.jpg 540w, https:\/\/jinhuaceramic.com\/wp-content\/uploads\/2024\/09\/4-Piece-Wholesale-Ceramic-Bathroom-Set-With-Bamboo-Accents-4-660x660.jpg 660w\" sizes=\"(max-width: 800px) 100vw, 800px\" \/><\/figure>\n<\/div>\n<\/div>","protected":false},"excerpt":{"rendered":"<p>Bem-vindo ao comprar acess\u00f3rios de casa de banho. Estes conjuntos de casa de banho de cer\u00e2mica de 4 pe\u00e7as por atacado ganharam grande aclama\u00e7\u00e3o no mercado pelo seu design moderno, material cer\u00e2mico de alta qualidade e funcionalidade pr\u00e1tica. As cer\u00e2micas preta, branca e cinzenta podem ser facilmente integradas em qualquer estilo de decora\u00e7\u00e3o de casa de banho. Os conjuntos permitem compras por grosso para satisfazer as necessidades dos clientes comerciais.<\/p>","protected":false},"featured_media":6149,"comment_status":"closed","ping_status":"closed","template":"","meta":{"_acf_changed":false},"product_brand":[],"product_cat":[51],"product_tag":[74],"class_list":{"0":"post-6142","1":"product","2":"type-product","3":"status-publish","4":"has-post-thumbnail","6":"product_cat-bathroom-accessories-wholesale","7":"product_tag-ceramic-bath-accessories-wholesale","9":"first","10":"instock","11":"shipping-taxable","12":"product-type-simple"},"acf":[],"_links":{"self":[{"href":"https:\/\/jinhuaceramic.com\/pt\/wp-json\/wp\/v2\/product\/6142","targetHints":{"allow":["GET"]}}],"collection":[{"href":"https:\/\/jinhuaceramic.com\/pt\/wp-json\/wp\/v2\/product"}],"about":[{"href":"https:\/\/jinhuaceramic.com\/pt\/wp-json\/wp\/v2\/types\/product"}],"replies":[{"embeddable":true,"href":"https:\/\/jinhuaceramic.com\/pt\/wp-json\/wp\/v2\/comments?post=6142"}],"version-history":[{"count":0,"href":"https:\/\/jinhuaceramic.com\/pt\/wp-json\/wp\/v2\/product\/6142\/revisions"}],"wp:featuredmedia":[{"embeddable":true,"href":"https:\/\/jinhuaceramic.com\/pt\/wp-json\/wp\/v2\/media\/6149"}],"wp:attachment":[{"href":"https:\/\/jinhuaceramic.com\/pt\/wp-json\/wp\/v2\/media?parent=6142"}],"wp:term":[{"taxonomy":"product_brand","embeddable":true,"href":"https:\/\/jinhuaceramic.com\/pt\/wp-json\/wp\/v2\/product_brand?post=6142"},{"taxonomy":"product_cat","embeddable":true,"href":"https:\/\/jinhuaceramic.com\/pt\/wp-json\/wp\/v2\/product_cat?post=6142"},{"taxonomy":"product_tag","embeddable":true,"href":"https:\/\/jinhuaceramic.com\/pt\/wp-json\/wp\/v2\/product_tag?post=6142"}],"curies":[{"name":"wp","href":"https:\/\/api.w.org\/{rel}","templated":true}]}}