{"id":6162,"date":"2024-09-20T09:04:47","date_gmt":"2024-09-20T09:04:47","guid":{"rendered":"https:\/\/jinhuaceramic.com\/?post_type=product&#038;p=6162"},"modified":"2024-10-15T08:24:16","modified_gmt":"2024-10-15T08:24:16","slug":"wholesale-black-ceramic-bathroom-set","status":"publish","type":"product","link":"https:\/\/jinhuaceramic.com\/pt\/product\/wholesale-black-ceramic-bathroom-set\/","title":{"rendered":"Conjunto de casa de banho em cer\u00e2mica preta por atacado, acess\u00f3rios de casa de banho personalizados para hotel"},"content":{"rendered":"<div class=\"wp-block-columns is-layout-flex wp-container-core-columns-is-layout-9d6595d7 wp-block-columns-is-layout-flex\">\n<div class=\"wp-block-column is-layout-flow wp-block-column-is-layout-flow\">\n<h3 class=\"wp-block-heading\">Conjunto de casa de banho em cer\u00e2mica preta Premium Wholesale Carater\u00edsticas:<\/h3>\n\n\n\n<ul class=\"wp-block-list\">\n<li><strong>Design cl\u00e1ssico em preto, com estilo e eleg\u00e2ncia: <\/strong>Este conjunto de casa de banho de cer\u00e2mica preta por atacado est\u00e1 cheio de sentido moderno, que pode adicionar eleg\u00e2ncia e sensa\u00e7\u00e3o de alta qualidade \u00e0s casas de banho de hot\u00e9is e casas. O design preto n\u00e3o est\u00e1 apenas na moda, mas tamb\u00e9m pode ser perfeitamente combinado com uma variedade de estilos decorativos para melhorar a qualidade do espa\u00e7o geral.<\/li>\n\n\n\n<li><strong>Um conjunto completo de acess\u00f3rios de casa de banho, totalmente funcional: <\/strong>Este conjunto de acess\u00f3rios de banho personalizados inclui uma variedade de acess\u00f3rios de casa de banho de uso comum, tais como saboneteiras, dispensadores de sab\u00e3o, copos para escovas de dentes, suportes para escovas de dentes, etc., que podem satisfazer as necessidades de uso di\u00e1rio da casa de banho e fornecer uma gama completa de servi\u00e7os convenientes. Cada acess\u00f3rio tem um design bonito e \u00e9 altamente funcional, adequado para hot\u00e9is e casas de luxo.<\/li>\n\n\n\n<li><strong>Material cer\u00e2mico de alta qualidade, dur\u00e1vel e f\u00e1cil de limpar: <\/strong>O nosso conjunto de casa de banho de cer\u00e2mica preta por atacado utiliza materiais cer\u00e2micos de alta qualidade, com uma superf\u00edcie lisa e resistente a riscos, e tem excelente durabilidade e resist\u00eancia a manchas. Os materiais cer\u00e2micos s\u00e3o f\u00e1ceis de limpar, garantindo que o produto permane\u00e7a bonito em uso a longo prazo, o que \u00e9 uma escolha ideal para casas de banho de hot\u00e9is e resid\u00eancias.<\/li>\n\n\n\n<li><strong>Personaliza\u00e7\u00e3o de suporte, adequada \u00e0s necessidades de marca do hotel: <\/strong>Os nossos acess\u00f3rios de banho personalizados n\u00e3o s\u00f3 podem ser comprados a granel, como tamb\u00e9m suportam servi\u00e7os de personaliza\u00e7\u00e3o como a cor e o log\u00f3tipo, o que \u00e9 especialmente adequado para locais comerciais, como hot\u00e9is e resorts, para criar imagens de marca exclusivas.<\/li>\n<\/ul>\n<\/div>\n\n\n\n<div class=\"wp-block-column is-layout-flow wp-block-column-is-layout-flow\">\n<figure class=\"wp-block-image size-full\"><img fetchpriority=\"high\" decoding=\"async\" width=\"1024\" height=\"1024\" src=\"https:\/\/jinhuaceramic.com\/wp-content\/uploads\/2024\/09\/Wholesale-Black-Ceramic-Bathroom-Set-Custom-Hotel-Bathroom-Accessories.webp\" alt=\"Conjunto de casa de banho em cer\u00e2mica preta por atacado, acess\u00f3rios de casa de banho personalizados para hotel-1\" class=\"wp-image-6169\" srcset=\"https:\/\/jinhuaceramic.com\/wp-content\/uploads\/2024\/09\/Wholesale-Black-Ceramic-Bathroom-Set-Custom-Hotel-Bathroom-Accessories.webp 1024w, https:\/\/jinhuaceramic.com\/wp-content\/uploads\/2024\/09\/Wholesale-Black-Ceramic-Bathroom-Set-Custom-Hotel-Bathroom-Accessories-300x300.webp 300w, https:\/\/jinhuaceramic.com\/wp-content\/uploads\/2024\/09\/Wholesale-Black-Ceramic-Bathroom-Set-Custom-Hotel-Bathroom-Accessories-150x150.webp 150w, https:\/\/jinhuaceramic.com\/wp-content\/uploads\/2024\/09\/Wholesale-Black-Ceramic-Bathroom-Set-Custom-Hotel-Bathroom-Accessories-768x768.webp 768w, https:\/\/jinhuaceramic.com\/wp-content\/uploads\/2024\/09\/Wholesale-Black-Ceramic-Bathroom-Set-Custom-Hotel-Bathroom-Accessories-12x12.webp 12w, https:\/\/jinhuaceramic.com\/wp-content\/uploads\/2024\/09\/Wholesale-Black-Ceramic-Bathroom-Set-Custom-Hotel-Bathroom-Accessories-285x285.webp 285w, https:\/\/jinhuaceramic.com\/wp-content\/uploads\/2024\/09\/Wholesale-Black-Ceramic-Bathroom-Set-Custom-Hotel-Bathroom-Accessories-270x270.webp 270w, https:\/\/jinhuaceramic.com\/wp-content\/uploads\/2024\/09\/Wholesale-Black-Ceramic-Bathroom-Set-Custom-Hotel-Bathroom-Accessories-540x540.webp 540w, https:\/\/jinhuaceramic.com\/wp-content\/uploads\/2024\/09\/Wholesale-Black-Ceramic-Bathroom-Set-Custom-Hotel-Bathroom-Accessories-660x660.webp 660w\" sizes=\"(max-width: 1024px) 100vw, 1024px\" \/><\/figure>\n<\/div>\n<\/div>","protected":false},"excerpt":{"rendered":"<p>Bem-vindo aos acess\u00f3rios de banho personalizados. Este conjunto de casa de banho de cer\u00e2mica preta por atacado \u00e9 uma combina\u00e7\u00e3o perfeita de beleza e praticidade com o seu design elegante e simples e material cer\u00e2mico de alta qualidade. O conjunto completo de acess\u00f3rios satisfaz as necessidades de utiliza\u00e7\u00e3o di\u00e1ria e \u00e9 adequado para hot\u00e9is de luxo e casas de banho dom\u00e9sticas.<\/p>","protected":false},"featured_media":6168,"comment_status":"closed","ping_status":"closed","template":"","meta":{"_acf_changed":false},"product_brand":[],"product_cat":[51],"product_tag":[74],"class_list":{"0":"post-6162","1":"product","2":"type-product","3":"status-publish","4":"has-post-thumbnail","6":"product_cat-bathroom-accessories-wholesale","7":"product_tag-ceramic-bath-accessories-wholesale","9":"first","10":"instock","11":"shipping-taxable","12":"product-type-simple"},"acf":[],"_links":{"self":[{"href":"https:\/\/jinhuaceramic.com\/pt\/wp-json\/wp\/v2\/product\/6162","targetHints":{"allow":["GET"]}}],"collection":[{"href":"https:\/\/jinhuaceramic.com\/pt\/wp-json\/wp\/v2\/product"}],"about":[{"href":"https:\/\/jinhuaceramic.com\/pt\/wp-json\/wp\/v2\/types\/product"}],"replies":[{"embeddable":true,"href":"https:\/\/jinhuaceramic.com\/pt\/wp-json\/wp\/v2\/comments?post=6162"}],"version-history":[{"count":0,"href":"https:\/\/jinhuaceramic.com\/pt\/wp-json\/wp\/v2\/product\/6162\/revisions"}],"wp:featuredmedia":[{"embeddable":true,"href":"https:\/\/jinhuaceramic.com\/pt\/wp-json\/wp\/v2\/media\/6168"}],"wp:attachment":[{"href":"https:\/\/jinhuaceramic.com\/pt\/wp-json\/wp\/v2\/media?parent=6162"}],"wp:term":[{"taxonomy":"product_brand","embeddable":true,"href":"https:\/\/jinhuaceramic.com\/pt\/wp-json\/wp\/v2\/product_brand?post=6162"},{"taxonomy":"product_cat","embeddable":true,"href":"https:\/\/jinhuaceramic.com\/pt\/wp-json\/wp\/v2\/product_cat?post=6162"},{"taxonomy":"product_tag","embeddable":true,"href":"https:\/\/jinhuaceramic.com\/pt\/wp-json\/wp\/v2\/product_tag?post=6162"}],"curies":[{"name":"wp","href":"https:\/\/api.w.org\/{rel}","templated":true}]}}