{"id":6201,"date":"2024-09-24T03:15:56","date_gmt":"2024-09-24T03:15:56","guid":{"rendered":"https:\/\/jinhuaceramic.com\/?post_type=product&#038;p=6201"},"modified":"2024-10-06T07:19:32","modified_gmt":"2024-10-06T07:19:32","slug":"wholesale-bathroom-accessories-white","status":"publish","type":"product","link":"https:\/\/jinhuaceramic.com\/pt\/product\/wholesale-bathroom-accessories-white\/","title":{"rendered":"Acess\u00f3rios de casa de banho por atacado, Conjunto de casa de banho em cer\u00e2mica branca com detalhes em madeira"},"content":{"rendered":"<div class=\"wp-block-columns is-layout-flex wp-container-core-columns-is-layout-9d6595d7 wp-block-columns-is-layout-flex\">\n<div class=\"wp-block-column is-layout-flow wp-block-column-is-layout-flow\">\n<h3 class=\"wp-block-heading\">Acess\u00f3rios de casa de banho Premium Wholesale Carater\u00edsticas:<\/h3>\n\n\n\n<ul class=\"wp-block-list\">\n<li><strong>Combina\u00e7\u00e3o inteligente de materiais:<\/strong> Estes conjuntos de acess\u00f3rios de casa de banho por atacado s\u00e3o uma combina\u00e7\u00e3o perfeita de cer\u00e2mica e madeira. O material cer\u00e2mico geral \u00e9 dur\u00e1vel e suave, enquanto as pe\u00e7as de madeira acrescentam uma sensa\u00e7\u00e3o natural e quente. A cer\u00e2mica branca pura \u00e9 combinada com a base de madeira original, e o tom geral \u00e9 fresco e elegante, o que \u00e9 muito adequado para casas de banho de estilo moderno.<\/li>\n\n\n\n<li><strong>Padr\u00e3o geom\u00e9trico uniforme:<\/strong> Cada pe\u00e7a destes conjuntos de casa de banho em cer\u00e2mica por atacado apresenta um padr\u00e3o geom\u00e9trico delicado na superf\u00edcie da cer\u00e2mica, o que aumenta a beleza visual, ao mesmo tempo que acrescenta uma sensa\u00e7\u00e3o de textura e mant\u00e9m a unidade do design geral.<\/li>\n\n\n\n<li><strong>V\u00e1rias funcionalidades:<\/strong> Estes acess\u00f3rios de casa de banho por atacado incluem uma variedade de artigos funcionais, como copos para escovas de dentes, frascos de sab\u00e3o, saboneteiras, caixotes do lixo, caixas de len\u00e7os de papel, tabuleiros, etc., que podem satisfazer v\u00e1rias necessidades di\u00e1rias da casa de banho, mantendo-a organizada.<\/li>\n\n\n\n<li><strong>F\u00e1cil de limpar: <\/strong>A superf\u00edcie cer\u00e2mica destes conjuntos de casa de banho em cer\u00e2mica branca \u00e9 lisa e n\u00e3o porosa, o que torna dif\u00edcil atrair manchas. Pode ser facilmente limpa com um pano ou enxaguada com \u00e1gua, o que facilita a limpeza e mant\u00e9m a higiene da casa de banho.<\/li>\n<\/ul>\n<\/div>\n\n\n\n<div class=\"wp-block-column is-layout-flow wp-block-column-is-layout-flow\">\n<figure class=\"wp-block-image size-full\"><img fetchpriority=\"high\" decoding=\"async\" width=\"1500\" height=\"1500\" src=\"https:\/\/jinhuaceramic.com\/wp-content\/uploads\/2024\/09\/White-Ceramic-Bathroom-Set-With-Wooden-Accents-Wholesale-Bathroom-Accessories-7.webp\" alt=\"Conjunto de casa de banho em cer\u00e2mica branca com acess\u00f3rios em madeira - Venda por grosso - Acess\u00f3rios de casa de banho\" class=\"wp-image-6207\" srcset=\"https:\/\/jinhuaceramic.com\/wp-content\/uploads\/2024\/09\/White-Ceramic-Bathroom-Set-With-Wooden-Accents-Wholesale-Bathroom-Accessories-7.webp 1500w, https:\/\/jinhuaceramic.com\/wp-content\/uploads\/2024\/09\/White-Ceramic-Bathroom-Set-With-Wooden-Accents-Wholesale-Bathroom-Accessories-7-300x300.webp 300w, https:\/\/jinhuaceramic.com\/wp-content\/uploads\/2024\/09\/White-Ceramic-Bathroom-Set-With-Wooden-Accents-Wholesale-Bathroom-Accessories-7-150x150.webp 150w, https:\/\/jinhuaceramic.com\/wp-content\/uploads\/2024\/09\/White-Ceramic-Bathroom-Set-With-Wooden-Accents-Wholesale-Bathroom-Accessories-7-768x768.webp 768w, https:\/\/jinhuaceramic.com\/wp-content\/uploads\/2024\/09\/White-Ceramic-Bathroom-Set-With-Wooden-Accents-Wholesale-Bathroom-Accessories-7-12x12.webp 12w, https:\/\/jinhuaceramic.com\/wp-content\/uploads\/2024\/09\/White-Ceramic-Bathroom-Set-With-Wooden-Accents-Wholesale-Bathroom-Accessories-7-285x285.webp 285w, https:\/\/jinhuaceramic.com\/wp-content\/uploads\/2024\/09\/White-Ceramic-Bathroom-Set-With-Wooden-Accents-Wholesale-Bathroom-Accessories-7-270x270.webp 270w, https:\/\/jinhuaceramic.com\/wp-content\/uploads\/2024\/09\/White-Ceramic-Bathroom-Set-With-Wooden-Accents-Wholesale-Bathroom-Accessories-7-540x540.webp 540w, https:\/\/jinhuaceramic.com\/wp-content\/uploads\/2024\/09\/White-Ceramic-Bathroom-Set-With-Wooden-Accents-Wholesale-Bathroom-Accessories-7-660x660.webp 660w\" sizes=\"(max-width: 1500px) 100vw, 1500px\" \/><\/figure>\n<\/div>\n<\/div>","protected":false},"excerpt":{"rendered":"<p>Bem-vindo ao comprar conjuntos de casa de banho por atacado. Estes conjuntos de acess\u00f3rios de casa de banho por atacado em cer\u00e2mica branca s\u00e3o populares devido \u00e0 sua combina\u00e7\u00e3o \u00fanica de materiais, padr\u00f5es geom\u00e9tricos uniformes e funcionalidade diversificada. Combinando est\u00e9tica e praticidade, estes conjuntos de casa de banho s\u00e3o adequados para casas de banho de todos os estilos de decora\u00e7\u00e3o.<\/p>","protected":false},"featured_media":6207,"comment_status":"closed","ping_status":"closed","template":"","meta":{"_acf_changed":false},"product_brand":[],"product_cat":[51],"product_tag":[74],"class_list":{"0":"post-6201","1":"product","2":"type-product","3":"status-publish","4":"has-post-thumbnail","6":"product_cat-bathroom-accessories-wholesale","7":"product_tag-ceramic-bath-accessories-wholesale","9":"first","10":"instock","11":"shipping-taxable","12":"product-type-simple"},"acf":[],"_links":{"self":[{"href":"https:\/\/jinhuaceramic.com\/pt\/wp-json\/wp\/v2\/product\/6201","targetHints":{"allow":["GET"]}}],"collection":[{"href":"https:\/\/jinhuaceramic.com\/pt\/wp-json\/wp\/v2\/product"}],"about":[{"href":"https:\/\/jinhuaceramic.com\/pt\/wp-json\/wp\/v2\/types\/product"}],"replies":[{"embeddable":true,"href":"https:\/\/jinhuaceramic.com\/pt\/wp-json\/wp\/v2\/comments?post=6201"}],"version-history":[{"count":0,"href":"https:\/\/jinhuaceramic.com\/pt\/wp-json\/wp\/v2\/product\/6201\/revisions"}],"wp:featuredmedia":[{"embeddable":true,"href":"https:\/\/jinhuaceramic.com\/pt\/wp-json\/wp\/v2\/media\/6207"}],"wp:attachment":[{"href":"https:\/\/jinhuaceramic.com\/pt\/wp-json\/wp\/v2\/media?parent=6201"}],"wp:term":[{"taxonomy":"product_brand","embeddable":true,"href":"https:\/\/jinhuaceramic.com\/pt\/wp-json\/wp\/v2\/product_brand?post=6201"},{"taxonomy":"product_cat","embeddable":true,"href":"https:\/\/jinhuaceramic.com\/pt\/wp-json\/wp\/v2\/product_cat?post=6201"},{"taxonomy":"product_tag","embeddable":true,"href":"https:\/\/jinhuaceramic.com\/pt\/wp-json\/wp\/v2\/product_tag?post=6201"}],"curies":[{"name":"wp","href":"https:\/\/api.w.org\/{rel}","templated":true}]}}