{"id":6225,"date":"2024-09-25T08:50:08","date_gmt":"2024-09-25T08:50:08","guid":{"rendered":"https:\/\/jinhuaceramic.com\/?post_type=product&#038;p=6225"},"modified":"2025-03-08T02:02:40","modified_gmt":"2025-03-08T02:02:40","slug":"matte-black-bathroom-set-wholesale","status":"publish","type":"product","link":"https:\/\/jinhuaceramic.com\/pt\/product\/matte-black-bathroom-set-wholesale\/","title":{"rendered":"Conjunto de casa de banho preto mate por atacado, acess\u00f3rios de banho em cer\u00e2mica"},"content":{"rendered":"<div class=\"wp-block-columns is-layout-flex wp-container-core-columns-is-layout-9d6595d7 wp-block-columns-is-layout-flex\">\n<div class=\"wp-block-column is-layout-flow wp-block-column-is-layout-flow\">\n<h3 class=\"wp-block-heading\">Conjunto de casa de banho preto mate Premium Carater\u00edsticas por atacado:<\/h3>\n\n\n\n<ul class=\"wp-block-list\">\n<li><strong>Design moderno:<\/strong> Este conjunto de casa de banho preto mate por atacado foi concebido com linhas simples e formas arredondadas sem decora\u00e7\u00e3o excessiva, apresentando uma beleza minimalista moderna. O tratamento da superf\u00edcie em preto mate n\u00e3o s\u00f3 \u00e9 resistente \u00e0s manchas, como tamb\u00e9m pode criar uma atmosfera misteriosa e sofisticada, adequada para casas de banho de v\u00e1rios estilos de decora\u00e7\u00e3o.<\/li>\n\n\n\n<li><strong>Material de qualidade superior:<\/strong> Os materiais cer\u00e2micos queimados a alta temperatura destes conjuntos de acess\u00f3rios de banho por atacado s\u00e3o duros e resistentes ao desgaste, n\u00e3o s\u00e3o facilmente riscados e t\u00eam boa impermeabilidade. A cabe\u00e7a da bomba do distribuidor de sab\u00e3o \u00e9 cromada, que tem uma vida longa e n\u00e3o corr\u00f3i facilmente.<\/li>\n\n\n\n<li><strong>Praticidade:<\/strong> Os dispensadores de sab\u00e3o, os copos para escovas de dentes e as saboneteiras deste conjunto de casa de banho em preto mate satisfazem as necessidades simples da lavagem di\u00e1ria da casa de banho.<\/li>\n\n\n\n<li><strong>Venda por grosso e personaliza\u00e7\u00e3o:<\/strong> Os conjuntos de acess\u00f3rios de banho por atacado em grandes quantidades s\u00e3o fornecidos pela nossa f\u00e1brica a pre\u00e7os de atacado para os comerciantes que procuram grandes volumes de compras. Al\u00e9m disso, podemos fornecer um servi\u00e7o personalizado de acordo com as especifica\u00e7\u00f5es individuais para obter cores, tamanho, padr\u00f5es, etc. personalizados e torn\u00e1-lo um conjunto especial de acess\u00f3rios de casa de banho de acordo com as especifica\u00e7\u00f5es do hotel, apartamento ou casa de luxo.<\/li>\n<\/ul>\n<\/div>\n\n\n\n<div class=\"wp-block-column is-layout-flow wp-block-column-is-layout-flow\">\n<figure class=\"wp-block-image size-full\"><img fetchpriority=\"high\" decoding=\"async\" width=\"750\" height=\"750\" src=\"https:\/\/jinhuaceramic.com\/wp-content\/uploads\/2024\/09\/Modern-Black-Ceramic-Bathroom-Set-Wholesale-Hotel-Bathroom-Accessories-8.webp\" alt=\"Conjunto de casa de banho preto mate por atacado, Acess\u00f3rios de banho em cer\u00e2mica-7\" class=\"wp-image-6232\" srcset=\"https:\/\/jinhuaceramic.com\/wp-content\/uploads\/2024\/09\/Modern-Black-Ceramic-Bathroom-Set-Wholesale-Hotel-Bathroom-Accessories-8.webp 750w, https:\/\/jinhuaceramic.com\/wp-content\/uploads\/2024\/09\/Modern-Black-Ceramic-Bathroom-Set-Wholesale-Hotel-Bathroom-Accessories-8-300x300.webp 300w, https:\/\/jinhuaceramic.com\/wp-content\/uploads\/2024\/09\/Modern-Black-Ceramic-Bathroom-Set-Wholesale-Hotel-Bathroom-Accessories-8-150x150.webp 150w, https:\/\/jinhuaceramic.com\/wp-content\/uploads\/2024\/09\/Modern-Black-Ceramic-Bathroom-Set-Wholesale-Hotel-Bathroom-Accessories-8-12x12.webp 12w, https:\/\/jinhuaceramic.com\/wp-content\/uploads\/2024\/09\/Modern-Black-Ceramic-Bathroom-Set-Wholesale-Hotel-Bathroom-Accessories-8-285x285.webp 285w, https:\/\/jinhuaceramic.com\/wp-content\/uploads\/2024\/09\/Modern-Black-Ceramic-Bathroom-Set-Wholesale-Hotel-Bathroom-Accessories-8-270x270.webp 270w, https:\/\/jinhuaceramic.com\/wp-content\/uploads\/2024\/09\/Modern-Black-Ceramic-Bathroom-Set-Wholesale-Hotel-Bathroom-Accessories-8-540x540.webp 540w, https:\/\/jinhuaceramic.com\/wp-content\/uploads\/2024\/09\/Modern-Black-Ceramic-Bathroom-Set-Wholesale-Hotel-Bathroom-Accessories-8-660x660.webp 660w\" sizes=\"(max-width: 750px) 100vw, 750px\" \/><\/figure>\n<\/div>\n<\/div>","protected":false},"excerpt":{"rendered":"<p>Bem-vindo ao comprar acess\u00f3rios de banho em cer\u00e2mica. Este moderno conjunto de casa de banho em preto mate \u00e9 perfeito para diferentes estilos de casa de banho. O material cer\u00e2mico de alta qualidade torna-os dur\u00e1veis e podem ser usados durante muito tempo. Combinando est\u00e9tica e praticidade, estes conjuntos de casa de banho de cer\u00e2mica por atacado tornaram-se a primeira escolha dos clientes.<\/p>","protected":false},"featured_media":6233,"comment_status":"closed","ping_status":"closed","template":"","meta":{"_acf_changed":false},"product_brand":[],"product_cat":[51],"product_tag":[74],"class_list":{"0":"post-6225","1":"product","2":"type-product","3":"status-publish","4":"has-post-thumbnail","6":"product_cat-bathroom-accessories-wholesale","7":"product_tag-ceramic-bath-accessories-wholesale","9":"first","10":"instock","11":"shipping-taxable","12":"product-type-simple"},"acf":[],"_links":{"self":[{"href":"https:\/\/jinhuaceramic.com\/pt\/wp-json\/wp\/v2\/product\/6225","targetHints":{"allow":["GET"]}}],"collection":[{"href":"https:\/\/jinhuaceramic.com\/pt\/wp-json\/wp\/v2\/product"}],"about":[{"href":"https:\/\/jinhuaceramic.com\/pt\/wp-json\/wp\/v2\/types\/product"}],"replies":[{"embeddable":true,"href":"https:\/\/jinhuaceramic.com\/pt\/wp-json\/wp\/v2\/comments?post=6225"}],"version-history":[{"count":0,"href":"https:\/\/jinhuaceramic.com\/pt\/wp-json\/wp\/v2\/product\/6225\/revisions"}],"wp:featuredmedia":[{"embeddable":true,"href":"https:\/\/jinhuaceramic.com\/pt\/wp-json\/wp\/v2\/media\/6233"}],"wp:attachment":[{"href":"https:\/\/jinhuaceramic.com\/pt\/wp-json\/wp\/v2\/media?parent=6225"}],"wp:term":[{"taxonomy":"product_brand","embeddable":true,"href":"https:\/\/jinhuaceramic.com\/pt\/wp-json\/wp\/v2\/product_brand?post=6225"},{"taxonomy":"product_cat","embeddable":true,"href":"https:\/\/jinhuaceramic.com\/pt\/wp-json\/wp\/v2\/product_cat?post=6225"},{"taxonomy":"product_tag","embeddable":true,"href":"https:\/\/jinhuaceramic.com\/pt\/wp-json\/wp\/v2\/product_tag?post=6225"}],"curies":[{"name":"wp","href":"https:\/\/api.w.org\/{rel}","templated":true}]}}