{"id":6236,"date":"2024-09-25T08:56:41","date_gmt":"2024-09-25T08:56:41","guid":{"rendered":"https:\/\/jinhuaceramic.com\/?post_type=product&#038;p=6236"},"modified":"2024-10-06T07:19:37","modified_gmt":"2024-10-06T07:19:37","slug":"wholesale-ceramic-bathroom-accessories","status":"publish","type":"product","link":"https:\/\/jinhuaceramic.com\/pt\/product\/wholesale-ceramic-bathroom-accessories\/","title":{"rendered":"Melhores acess\u00f3rios de casa de banho em cer\u00e2mica por atacado para casa e hotel"},"content":{"rendered":"<div class=\"wp-block-columns is-layout-flex wp-container-core-columns-is-layout-9d6595d7 wp-block-columns-is-layout-flex\">\n<div class=\"wp-block-column is-layout-flow wp-block-column-is-layout-flow\">\n<h3 class=\"wp-block-heading\">Acess\u00f3rios de casa de banho em cer\u00e2mica Premium Wholesale Carater\u00edsticas:<\/h3>\n\n\n\n<ul class=\"wp-block-list\">\n<li><strong>Design moderno:<\/strong> Estes conjuntos de acess\u00f3rios de casa de banho em cer\u00e2mica por atacado apresentam um design moderno e minimalista. As duas cores, branco mate e preto mate, s\u00e3o discretas e muito vers\u00e1teis, adequadas para casas de banho de v\u00e1rios estilos de decora\u00e7\u00e3o. O embelezamento da cabe\u00e7a da bomba em dourado d\u00e1 um toque de luxo ao conjunto, mostrando a sua alta qualidade.<\/li>\n\n\n\n<li><strong>Material de alta qualidade: <\/strong>Estes conjuntos de acess\u00f3rios de casa de banho por atacado s\u00e3o feitos de cer\u00e2mica de alta qualidade, que \u00e9 \u00e0 prova de \u00e1gua e constru\u00edda para durar. A constru\u00e7\u00e3o s\u00f3lida garante que cada pe\u00e7a \u00e9 dur\u00e1vel, resistente ao desgaste e mant\u00e9m a sua apar\u00eancia original durante muito tempo.<\/li>\n\n\n\n<li><strong>Conjunto completo:<\/strong> Estes conjuntos de acess\u00f3rios de casa de banho em cer\u00e2mica por atacado incluem um frasco de sab\u00e3o que pode ser utilizado para dispensar v\u00e1rios sabonetes l\u00edquidos, uma saboneteira, dois copos de cer\u00e2mica para escovas de dentes, pasta de dentes e elixir bucal, e um tabuleiro que pode suportar firmemente outros acess\u00f3rios e \u00e9 f\u00e1cil de mover e organizar. Cada acess\u00f3rio tem a sua pr\u00f3pria fun\u00e7\u00e3o para satisfazer as necessidades di\u00e1rias da casa de banho.<\/li>\n\n\n\n<li><strong>Venda por grosso e personaliza\u00e7\u00e3o: <\/strong>Estes acess\u00f3rios de casa de banho de cer\u00e2mica por atacado apoiam o atacado em grande escala para atender \u00e0s necessidades de compra de clientes comerciais, como hot\u00e9is e casas de fam\u00edlia. Ao mesmo tempo, fornecemos servi\u00e7os de personaliza\u00e7\u00e3o e podemos ajustar padr\u00f5es, log\u00f3tipos, etc. de acordo com as necessidades do cliente para tornar cada conjunto de produtos \u00fanico.<\/li>\n<\/ul>\n<\/div>\n\n\n\n<div class=\"wp-block-column is-layout-flow wp-block-column-is-layout-flow\">\n<figure class=\"wp-block-image size-full\"><img fetchpriority=\"high\" decoding=\"async\" width=\"750\" height=\"750\" src=\"https:\/\/jinhuaceramic.com\/wp-content\/uploads\/2024\/09\/Wholesale-Ceramic-Bathroom-Accessories-Set-For-Home-Hotel-In-Bulk-3.webp\" alt=\"Acess\u00f3rios de casa de banho em cer\u00e2mica por atacado para casa e hotel-1\" class=\"wp-image-6238\" srcset=\"https:\/\/jinhuaceramic.com\/wp-content\/uploads\/2024\/09\/Wholesale-Ceramic-Bathroom-Accessories-Set-For-Home-Hotel-In-Bulk-3.webp 750w, https:\/\/jinhuaceramic.com\/wp-content\/uploads\/2024\/09\/Wholesale-Ceramic-Bathroom-Accessories-Set-For-Home-Hotel-In-Bulk-3-300x300.webp 300w, https:\/\/jinhuaceramic.com\/wp-content\/uploads\/2024\/09\/Wholesale-Ceramic-Bathroom-Accessories-Set-For-Home-Hotel-In-Bulk-3-150x150.webp 150w, https:\/\/jinhuaceramic.com\/wp-content\/uploads\/2024\/09\/Wholesale-Ceramic-Bathroom-Accessories-Set-For-Home-Hotel-In-Bulk-3-12x12.webp 12w, https:\/\/jinhuaceramic.com\/wp-content\/uploads\/2024\/09\/Wholesale-Ceramic-Bathroom-Accessories-Set-For-Home-Hotel-In-Bulk-3-285x285.webp 285w, https:\/\/jinhuaceramic.com\/wp-content\/uploads\/2024\/09\/Wholesale-Ceramic-Bathroom-Accessories-Set-For-Home-Hotel-In-Bulk-3-270x270.webp 270w, https:\/\/jinhuaceramic.com\/wp-content\/uploads\/2024\/09\/Wholesale-Ceramic-Bathroom-Accessories-Set-For-Home-Hotel-In-Bulk-3-540x540.webp 540w, https:\/\/jinhuaceramic.com\/wp-content\/uploads\/2024\/09\/Wholesale-Ceramic-Bathroom-Accessories-Set-For-Home-Hotel-In-Bulk-3-660x660.webp 660w\" sizes=\"(max-width: 750px) 100vw, 750px\" \/><\/figure>\n<\/div>\n<\/div>","protected":false},"excerpt":{"rendered":"<p>Bem-vindo \u00e0 compra de conjuntos de casa de banho. Os nossos conjuntos de acess\u00f3rios de casa de banho de cer\u00e2mica por atacado t\u00eam um design \u00fanico e alta qualidade, tornando-os populares no mercado e tornando-se a primeira escolha para melhorar o estilo do espa\u00e7o da casa de banho. Combinando beleza e praticidade, estes conjuntos de casa de banho de cer\u00e2mica n\u00e3o s\u00e3o apenas adequados para uso em casas de banho dom\u00e9sticas, mas tamb\u00e9m adequados para ocasi\u00f5es comerciais, como hot\u00e9is, spas ou B&amp;Bs.<\/p>","protected":false},"featured_media":6240,"comment_status":"closed","ping_status":"closed","template":"","meta":{"_acf_changed":false},"product_brand":[],"product_cat":[51],"product_tag":[74],"class_list":{"0":"post-6236","1":"product","2":"type-product","3":"status-publish","4":"has-post-thumbnail","6":"product_cat-bathroom-accessories-wholesale","7":"product_tag-ceramic-bath-accessories-wholesale","9":"first","10":"instock","11":"shipping-taxable","12":"product-type-simple"},"acf":[],"_links":{"self":[{"href":"https:\/\/jinhuaceramic.com\/pt\/wp-json\/wp\/v2\/product\/6236","targetHints":{"allow":["GET"]}}],"collection":[{"href":"https:\/\/jinhuaceramic.com\/pt\/wp-json\/wp\/v2\/product"}],"about":[{"href":"https:\/\/jinhuaceramic.com\/pt\/wp-json\/wp\/v2\/types\/product"}],"replies":[{"embeddable":true,"href":"https:\/\/jinhuaceramic.com\/pt\/wp-json\/wp\/v2\/comments?post=6236"}],"version-history":[{"count":0,"href":"https:\/\/jinhuaceramic.com\/pt\/wp-json\/wp\/v2\/product\/6236\/revisions"}],"wp:featuredmedia":[{"embeddable":true,"href":"https:\/\/jinhuaceramic.com\/pt\/wp-json\/wp\/v2\/media\/6240"}],"wp:attachment":[{"href":"https:\/\/jinhuaceramic.com\/pt\/wp-json\/wp\/v2\/media?parent=6236"}],"wp:term":[{"taxonomy":"product_brand","embeddable":true,"href":"https:\/\/jinhuaceramic.com\/pt\/wp-json\/wp\/v2\/product_brand?post=6236"},{"taxonomy":"product_cat","embeddable":true,"href":"https:\/\/jinhuaceramic.com\/pt\/wp-json\/wp\/v2\/product_cat?post=6236"},{"taxonomy":"product_tag","embeddable":true,"href":"https:\/\/jinhuaceramic.com\/pt\/wp-json\/wp\/v2\/product_tag?post=6236"}],"curies":[{"name":"wp","href":"https:\/\/api.w.org\/{rel}","templated":true}]}}