{"id":6253,"date":"2024-09-28T08:47:03","date_gmt":"2024-09-28T08:47:03","guid":{"rendered":"https:\/\/jinhuaceramic.com\/?post_type=product&#038;p=6253"},"modified":"2024-10-06T07:19:51","modified_gmt":"2024-10-06T07:19:51","slug":"blue-bathroom-set-wholesale","status":"publish","type":"product","link":"https:\/\/jinhuaceramic.com\/pt\/product\/blue-bathroom-set-wholesale\/","title":{"rendered":"Conjunto de casa de banho azul gradiente por atacado, essenciais de casa de banho personalizados"},"content":{"rendered":"<div class=\"wp-block-columns is-layout-flex wp-container-core-columns-is-layout-9d6595d7 wp-block-columns-is-layout-flex\">\n<div class=\"wp-block-column is-layout-flow wp-block-column-is-layout-flow\">\n<h3 class=\"wp-block-heading\">Conjunto de casa de banho azul Premium Carater\u00edsticas por atacado:<\/h3>\n\n\n\n<ul class=\"wp-block-list\">\n<li><strong>Desenho em gradiente:<\/strong> A carater\u00edstica mais marcante deste conjunto de casa de banho azul por atacado \u00e9 o design de cor gradiente, que transita do azul escuro para o branco suave, fazendo lembrar as ondas do mar. O design azul gradiente n\u00e3o s\u00f3 aumenta a beleza, mas tamb\u00e9m cria uma atmosfera tranquila e pac\u00edfica, que \u00e9 perfeita para casas de banho modernas e minimalistas.<\/li>\n\n\n\n<li><strong>Elementos naturais:<\/strong> As formas destes conjuntos de casa de banho em cer\u00e2mica para venda por grosso s\u00e3o inspiradas na natureza. O dispensador de sab\u00e3o tem a forma de um seixo arredondado e as linhas do copo para escovas de dentes e da saboneteira s\u00e3o tamb\u00e9m mais suaves, lembrando os seixos e as conchas da praia. Este design integra de forma inteligente elementos naturais na casa de banho, acrescentando um sopro de vida.<\/li>\n\n\n\n<li><strong>Conjunto completo: <\/strong>Este conjunto de casa de banho azul por atacado inclui um dispensador de sab\u00e3o, uma saboneteira, um copo para elixir bucal, um suporte para escova de dentes e um tabuleiro, satisfazendo as necessidades b\u00e1sicas da lavagem di\u00e1ria da casa de banho. A presen\u00e7a do tabuleiro torna a disposi\u00e7\u00e3o dos acess\u00f3rios de casa de banho mais arrumada e conveniente para mover todo o conjunto.<\/li>\n\n\n\n<li><strong>Material de alta qualidade:<\/strong> Estes conjuntos de casa de banho com gradiente por atacado s\u00e3o feitos de cer\u00e2mica de alta qualidade, que \u00e9 dur\u00e1vel, n\u00e3o \u00e9 f\u00e1cil de riscar e a superf\u00edcie lisa da cer\u00e2mica \u00e9 f\u00e1cil de limpar.<\/li>\n<\/ul>\n<\/div>\n\n\n\n<div class=\"wp-block-column is-layout-flow wp-block-column-is-layout-flow\">\n<figure class=\"wp-block-image size-full\"><img fetchpriority=\"high\" decoding=\"async\" width=\"748\" height=\"748\" src=\"https:\/\/jinhuaceramic.com\/wp-content\/uploads\/2024\/09\/Gradient-Blue-Ceramic-Bathroom-Set-Wholesale-Custom-Bathroom-Essentials-2.webp\" alt=\"Conjunto de casa de banho azul gradiente por atacado, essenciais de banho personalizados-1\" class=\"wp-image-6254\" srcset=\"https:\/\/jinhuaceramic.com\/wp-content\/uploads\/2024\/09\/Gradient-Blue-Ceramic-Bathroom-Set-Wholesale-Custom-Bathroom-Essentials-2.webp 748w, https:\/\/jinhuaceramic.com\/wp-content\/uploads\/2024\/09\/Gradient-Blue-Ceramic-Bathroom-Set-Wholesale-Custom-Bathroom-Essentials-2-300x300.webp 300w, https:\/\/jinhuaceramic.com\/wp-content\/uploads\/2024\/09\/Gradient-Blue-Ceramic-Bathroom-Set-Wholesale-Custom-Bathroom-Essentials-2-150x150.webp 150w, https:\/\/jinhuaceramic.com\/wp-content\/uploads\/2024\/09\/Gradient-Blue-Ceramic-Bathroom-Set-Wholesale-Custom-Bathroom-Essentials-2-12x12.webp 12w, https:\/\/jinhuaceramic.com\/wp-content\/uploads\/2024\/09\/Gradient-Blue-Ceramic-Bathroom-Set-Wholesale-Custom-Bathroom-Essentials-2-285x285.webp 285w, https:\/\/jinhuaceramic.com\/wp-content\/uploads\/2024\/09\/Gradient-Blue-Ceramic-Bathroom-Set-Wholesale-Custom-Bathroom-Essentials-2-270x270.webp 270w, https:\/\/jinhuaceramic.com\/wp-content\/uploads\/2024\/09\/Gradient-Blue-Ceramic-Bathroom-Set-Wholesale-Custom-Bathroom-Essentials-2-540x540.webp 540w, https:\/\/jinhuaceramic.com\/wp-content\/uploads\/2024\/09\/Gradient-Blue-Ceramic-Bathroom-Set-Wholesale-Custom-Bathroom-Essentials-2-660x660.webp 660w\" sizes=\"(max-width: 748px) 100vw, 748px\" \/><\/figure>\n<\/div>\n<\/div>\n\n\n\n<p><\/p>","protected":false},"excerpt":{"rendered":"<p>Bem-vindo ao comprar acess\u00f3rios de banho em cer\u00e2mica por grosso. Este conjunto de casa de banho azul por atacado \u00e9 a combina\u00e7\u00e3o perfeita de beleza e praticidade. O design gradiente, os elementos naturais e a textura cer\u00e2mica de qualidade superior conferem-lhe um atrativo \u00fanico. Esta \u00e9 uma \u00f3ptima escolha para quem procura dar um toque de eleg\u00e2ncia e sofistica\u00e7\u00e3o \u00e0 sua casa de banho.<\/p>","protected":false},"featured_media":6260,"comment_status":"closed","ping_status":"closed","template":"","meta":{"_acf_changed":false},"product_brand":[],"product_cat":[51],"product_tag":[74],"class_list":{"0":"post-6253","1":"product","2":"type-product","3":"status-publish","4":"has-post-thumbnail","6":"product_cat-bathroom-accessories-wholesale","7":"product_tag-ceramic-bath-accessories-wholesale","9":"first","10":"instock","11":"shipping-taxable","12":"product-type-simple"},"acf":[],"_links":{"self":[{"href":"https:\/\/jinhuaceramic.com\/pt\/wp-json\/wp\/v2\/product\/6253","targetHints":{"allow":["GET"]}}],"collection":[{"href":"https:\/\/jinhuaceramic.com\/pt\/wp-json\/wp\/v2\/product"}],"about":[{"href":"https:\/\/jinhuaceramic.com\/pt\/wp-json\/wp\/v2\/types\/product"}],"replies":[{"embeddable":true,"href":"https:\/\/jinhuaceramic.com\/pt\/wp-json\/wp\/v2\/comments?post=6253"}],"version-history":[{"count":0,"href":"https:\/\/jinhuaceramic.com\/pt\/wp-json\/wp\/v2\/product\/6253\/revisions"}],"wp:featuredmedia":[{"embeddable":true,"href":"https:\/\/jinhuaceramic.com\/pt\/wp-json\/wp\/v2\/media\/6260"}],"wp:attachment":[{"href":"https:\/\/jinhuaceramic.com\/pt\/wp-json\/wp\/v2\/media?parent=6253"}],"wp:term":[{"taxonomy":"product_brand","embeddable":true,"href":"https:\/\/jinhuaceramic.com\/pt\/wp-json\/wp\/v2\/product_brand?post=6253"},{"taxonomy":"product_cat","embeddable":true,"href":"https:\/\/jinhuaceramic.com\/pt\/wp-json\/wp\/v2\/product_cat?post=6253"},{"taxonomy":"product_tag","embeddable":true,"href":"https:\/\/jinhuaceramic.com\/pt\/wp-json\/wp\/v2\/product_tag?post=6253"}],"curies":[{"name":"wp","href":"https:\/\/api.w.org\/{rel}","templated":true}]}}