{"id":6266,"date":"2024-09-28T08:55:17","date_gmt":"2024-09-28T08:55:17","guid":{"rendered":"https:\/\/jinhuaceramic.com\/?post_type=product&#038;p=6266"},"modified":"2024-10-06T07:19:55","modified_gmt":"2024-10-06T07:19:55","slug":"ceramic-wholesale-bathroom-set","status":"publish","type":"product","link":"https:\/\/jinhuaceramic.com\/pt\/product\/ceramic-wholesale-bathroom-set\/","title":{"rendered":"Conjunto de casa de banho em cer\u00e2mica com textura de m\u00e1rmore, acess\u00f3rios de banho para hotel"},"content":{"rendered":"<div class=\"wp-block-columns is-layout-flex wp-container-core-columns-is-layout-9d6595d7 wp-block-columns-is-layout-flex\">\n<div class=\"wp-block-column is-layout-flow wp-block-column-is-layout-flow\">\n<h3 class=\"wp-block-heading\">Conjunto de casa de banho por grosso em cer\u00e2mica premium Carater\u00edsticas:<\/h3>\n\n\n\n<ul class=\"wp-block-list\">\n<li><strong>Design de m\u00e1rmore:<\/strong> Estes conjuntos de casa de banho em cer\u00e2mica para venda por grosso t\u00eam um estilo simples e moderno, decorados com padr\u00f5es \u00fanicos de m\u00e1rmore dourado na superf\u00edcie, combinados com elementos met\u00e1licos dourados, como a bomba do dispensador de sab\u00e3o e a tampa do suporte para escovas de dentes, acrescentando um toque de luxo e tornando todo o conjunto ainda mais sofisticado.<\/li>\n\n\n\n<li><strong>V\u00e1rias cores:<\/strong> Estes acess\u00f3rios de banho em cer\u00e2mica de m\u00e1rmore est\u00e3o dispon\u00edveis em preto, verde escuro e branco. O conjunto preto \u00e9 misterioso, o conjunto verde \u00e9 retro, e o conjunto branco \u00e9 simples e vers\u00e1til, podendo ser escolhido de acordo com diferentes estilos de decora\u00e7\u00e3o de casa de banho.<\/li>\n\n\n\n<li><strong>Material de alta qualidade:<\/strong> Estes conjuntos de cer\u00e2mica para casa de banho por atacado s\u00e3o feitos de materiais cer\u00e2micos de alta qualidade, dur\u00e1veis e f\u00e1ceis de limpar. A superf\u00edcie da cer\u00e2mica \u00e9 lisa e delicada, com um toque confort\u00e1vel que pode aumentar o prazer da utiliza\u00e7\u00e3o di\u00e1ria.<\/li>\n\n\n\n<li><strong>Funcionalidade pr\u00e1tica:<\/strong> Estes acess\u00f3rios de banho em cer\u00e2mica de m\u00e1rmore por atacado incluem suportes para escovas de dentes, copos para elixir bucal, dispensadores de sab\u00e3o, saboneteiras, tabuleiros, etc., que podem satisfazer v\u00e1rias necessidades de lavagem di\u00e1ria. O design do copo da escova de dentes tem em conta a coloca\u00e7\u00e3o de v\u00e1rias escovas de dentes, e a bomba do dispensador de sab\u00e3o tem uma grande \u00e1rea e \u00e9 f\u00e1cil de pressionar. O tabuleiro pode ser utilizado para guardar outros acess\u00f3rios ou pequenos objectos, como j\u00f3ias.<\/li>\n<\/ul>\n<\/div>\n\n\n\n<div class=\"wp-block-column is-layout-flow wp-block-column-is-layout-flow\">\n<figure class=\"wp-block-image size-full\"><img fetchpriority=\"high\" decoding=\"async\" width=\"800\" height=\"800\" src=\"https:\/\/jinhuaceramic.com\/wp-content\/uploads\/2024\/09\/High-End-Marble-Ceramic-Bathroom-Set-Wholesale-Hotel-Bathroom-Accessories-2.webp\" alt=\"Conjunto de casa de banho em cer\u00e2mica com textura de m\u00e1rmore, acess\u00f3rios de banho para hotel - 3\" class=\"wp-image-6267\" srcset=\"https:\/\/jinhuaceramic.com\/wp-content\/uploads\/2024\/09\/High-End-Marble-Ceramic-Bathroom-Set-Wholesale-Hotel-Bathroom-Accessories-2.webp 800w, https:\/\/jinhuaceramic.com\/wp-content\/uploads\/2024\/09\/High-End-Marble-Ceramic-Bathroom-Set-Wholesale-Hotel-Bathroom-Accessories-2-300x300.webp 300w, https:\/\/jinhuaceramic.com\/wp-content\/uploads\/2024\/09\/High-End-Marble-Ceramic-Bathroom-Set-Wholesale-Hotel-Bathroom-Accessories-2-150x150.webp 150w, https:\/\/jinhuaceramic.com\/wp-content\/uploads\/2024\/09\/High-End-Marble-Ceramic-Bathroom-Set-Wholesale-Hotel-Bathroom-Accessories-2-768x768.webp 768w, https:\/\/jinhuaceramic.com\/wp-content\/uploads\/2024\/09\/High-End-Marble-Ceramic-Bathroom-Set-Wholesale-Hotel-Bathroom-Accessories-2-12x12.webp 12w, https:\/\/jinhuaceramic.com\/wp-content\/uploads\/2024\/09\/High-End-Marble-Ceramic-Bathroom-Set-Wholesale-Hotel-Bathroom-Accessories-2-285x285.webp 285w, https:\/\/jinhuaceramic.com\/wp-content\/uploads\/2024\/09\/High-End-Marble-Ceramic-Bathroom-Set-Wholesale-Hotel-Bathroom-Accessories-2-270x270.webp 270w, https:\/\/jinhuaceramic.com\/wp-content\/uploads\/2024\/09\/High-End-Marble-Ceramic-Bathroom-Set-Wholesale-Hotel-Bathroom-Accessories-2-540x540.webp 540w, https:\/\/jinhuaceramic.com\/wp-content\/uploads\/2024\/09\/High-End-Marble-Ceramic-Bathroom-Set-Wholesale-Hotel-Bathroom-Accessories-2-660x660.webp 660w\" sizes=\"(max-width: 800px) 100vw, 800px\" \/><\/figure>\n<\/div>\n<\/div>","protected":false},"excerpt":{"rendered":"<p>Bem-vindo \u00e0 compra de acess\u00f3rios de banho por grosso. Estes conjuntos de casa de banho em cer\u00e2mica destacam-se pelo seu padr\u00e3o \u00fanico de m\u00e1rmore dourado e podem ser facilmente integrados em v\u00e1rios estilos de decora\u00e7\u00e3o moderna. Fabricados com materiais cer\u00e2micos de alta qualidade, n\u00e3o s\u00e3o t\u00f3xicos e s\u00e3o inofensivos, sendo seguros para utiliza\u00e7\u00e3o. Combinando est\u00e9tica e praticidade, estes conjuntos de casa de banho de cer\u00e2mica por atacado s\u00e3o uma \u00f3ptima escolha para casas ou hot\u00e9is.<\/p>","protected":false},"featured_media":6270,"comment_status":"closed","ping_status":"closed","template":"","meta":{"_acf_changed":false},"product_brand":[],"product_cat":[51],"product_tag":[74],"class_list":{"0":"post-6266","1":"product","2":"type-product","3":"status-publish","4":"has-post-thumbnail","6":"product_cat-bathroom-accessories-wholesale","7":"product_tag-ceramic-bath-accessories-wholesale","9":"first","10":"instock","11":"shipping-taxable","12":"product-type-simple"},"acf":[],"_links":{"self":[{"href":"https:\/\/jinhuaceramic.com\/pt\/wp-json\/wp\/v2\/product\/6266","targetHints":{"allow":["GET"]}}],"collection":[{"href":"https:\/\/jinhuaceramic.com\/pt\/wp-json\/wp\/v2\/product"}],"about":[{"href":"https:\/\/jinhuaceramic.com\/pt\/wp-json\/wp\/v2\/types\/product"}],"replies":[{"embeddable":true,"href":"https:\/\/jinhuaceramic.com\/pt\/wp-json\/wp\/v2\/comments?post=6266"}],"version-history":[{"count":0,"href":"https:\/\/jinhuaceramic.com\/pt\/wp-json\/wp\/v2\/product\/6266\/revisions"}],"wp:featuredmedia":[{"embeddable":true,"href":"https:\/\/jinhuaceramic.com\/pt\/wp-json\/wp\/v2\/media\/6270"}],"wp:attachment":[{"href":"https:\/\/jinhuaceramic.com\/pt\/wp-json\/wp\/v2\/media?parent=6266"}],"wp:term":[{"taxonomy":"product_brand","embeddable":true,"href":"https:\/\/jinhuaceramic.com\/pt\/wp-json\/wp\/v2\/product_brand?post=6266"},{"taxonomy":"product_cat","embeddable":true,"href":"https:\/\/jinhuaceramic.com\/pt\/wp-json\/wp\/v2\/product_cat?post=6266"},{"taxonomy":"product_tag","embeddable":true,"href":"https:\/\/jinhuaceramic.com\/pt\/wp-json\/wp\/v2\/product_tag?post=6266"}],"curies":[{"name":"wp","href":"https:\/\/api.w.org\/{rel}","templated":true}]}}