{"id":6284,"date":"2024-10-06T07:17:03","date_gmt":"2024-10-06T07:17:03","guid":{"rendered":"https:\/\/jinhuaceramic.com\/?post_type=product&#038;p=6284"},"modified":"2024-10-06T07:21:27","modified_gmt":"2024-10-06T07:21:27","slug":"ceramic-soap-dispenser-bulk","status":"publish","type":"product","link":"https:\/\/jinhuaceramic.com\/pt\/product\/ceramic-soap-dispenser-bulk\/","title":{"rendered":"Distribuidor de sab\u00e3o de cer\u00e2mica met\u00e1lica a granel, distribuidor de sab\u00e3o personalizado por atacado"},"content":{"rendered":"<div class=\"wp-block-columns is-layout-flex wp-container-core-columns-is-layout-9d6595d7 wp-block-columns-is-layout-flex\">\n<div class=\"wp-block-column is-layout-flow wp-block-column-is-layout-flow\">\n<h3 class=\"wp-block-heading\">Dispensador de sab\u00e3o de cer\u00e2mica premium Carater\u00edsticas a granel:<\/h3>\n\n\n\n<ul class=\"wp-block-list\">\n<li><strong>Design \u00fanico: <\/strong>Este dispensador de sab\u00e3o em cer\u00e2mica a granel apresenta um design \u00fanico de empilhamento em anel, quebrando a forma mon\u00f3tona dos frascos de sab\u00e3o tradicionais e parecendo mais vivo e interessante. As linhas arredondadas e a superf\u00edcie lisa proporcionam \u00e0s pessoas uma experi\u00eancia visual suave e confort\u00e1vel.<\/li>\n\n\n\n<li><strong>Material de qualidade superior:<\/strong> Feito de material cer\u00e2mico de alta qualidade, este distribuidor de sab\u00e3o personalizado por atacado \u00e9 dur\u00e1vel e n\u00e3o \u00e9 f\u00e1cil de quebrar, garantindo uma utiliza\u00e7\u00e3o a longo prazo.<\/li>\n\n\n\n<li><strong>V\u00e1rias cores e tamanhos:<\/strong> Estes dispensadores de sabonete em cer\u00e2mica est\u00e3o dispon\u00edveis em tr\u00eas cores cl\u00e1ssicas: preto, branco e prateado. O preto \u00e9 misterioso e nobre, o branco \u00e9 fresco e elegante, e o prateado d\u00e1 um toque moderno, adequado para casas de banho de diferentes estilos. Os dois tamanhos de frascos de sabonete de cer\u00e2mica a granel com diferentes capacidades s\u00e3o adequados para diferentes ocasi\u00f5es, e os clientes podem escolher livremente.<\/li>\n\n\n\n<li><strong>Praticidade:<\/strong> Estes dispensadores de sabonete personalizados s\u00e3o perfeitos para dispensar sabonete l\u00edquido, sabonete para as m\u00e3os, lo\u00e7\u00e3o, champ\u00f4 ou outros sabonetes l\u00edquidos. A cabe\u00e7a da bomba \u00e9 razoavelmente projetada e f\u00e1cil de pressionar, e a quantidade de sab\u00e3o descarregada pode ser facilmente controlada.<\/li>\n<\/ul>\n<\/div>\n\n\n\n<div class=\"wp-block-column is-layout-flow wp-block-column-is-layout-flow\">\n<figure class=\"wp-block-image size-full\"><img fetchpriority=\"high\" decoding=\"async\" width=\"800\" height=\"800\" src=\"https:\/\/jinhuaceramic.com\/wp-content\/uploads\/2024\/09\/Wholesale-Ceramic-Soap-Dispenser-Bottle-Custom-Bathroom-Accessories-3.webp\" alt=\"Distribuidor de sab\u00e3o de cer\u00e2mica met\u00e1lica a granel, distribuidor de sab\u00e3o personalizado por atacado-1\" class=\"wp-image-6286\" srcset=\"https:\/\/jinhuaceramic.com\/wp-content\/uploads\/2024\/09\/Wholesale-Ceramic-Soap-Dispenser-Bottle-Custom-Bathroom-Accessories-3.webp 800w, https:\/\/jinhuaceramic.com\/wp-content\/uploads\/2024\/09\/Wholesale-Ceramic-Soap-Dispenser-Bottle-Custom-Bathroom-Accessories-3-300x300.webp 300w, https:\/\/jinhuaceramic.com\/wp-content\/uploads\/2024\/09\/Wholesale-Ceramic-Soap-Dispenser-Bottle-Custom-Bathroom-Accessories-3-150x150.webp 150w, https:\/\/jinhuaceramic.com\/wp-content\/uploads\/2024\/09\/Wholesale-Ceramic-Soap-Dispenser-Bottle-Custom-Bathroom-Accessories-3-768x768.webp 768w, https:\/\/jinhuaceramic.com\/wp-content\/uploads\/2024\/09\/Wholesale-Ceramic-Soap-Dispenser-Bottle-Custom-Bathroom-Accessories-3-12x12.webp 12w, https:\/\/jinhuaceramic.com\/wp-content\/uploads\/2024\/09\/Wholesale-Ceramic-Soap-Dispenser-Bottle-Custom-Bathroom-Accessories-3-285x285.webp 285w, https:\/\/jinhuaceramic.com\/wp-content\/uploads\/2024\/09\/Wholesale-Ceramic-Soap-Dispenser-Bottle-Custom-Bathroom-Accessories-3-270x270.webp 270w, https:\/\/jinhuaceramic.com\/wp-content\/uploads\/2024\/09\/Wholesale-Ceramic-Soap-Dispenser-Bottle-Custom-Bathroom-Accessories-3-540x540.webp 540w, https:\/\/jinhuaceramic.com\/wp-content\/uploads\/2024\/09\/Wholesale-Ceramic-Soap-Dispenser-Bottle-Custom-Bathroom-Accessories-3-660x660.webp 660w\" sizes=\"(max-width: 800px) 100vw, 800px\" \/><\/figure>\n<\/div>\n<\/div>","protected":false},"excerpt":{"rendered":"<p>Bem-vindo aos dispensadores de sab\u00e3o personalizados. Estes dispensadores de sab\u00e3o de cer\u00e2mica met\u00e1lica a granel ganharam a prefer\u00eancia dos consumidores com o seu design \u00fanico e excelente praticidade. Feita de material cer\u00e2mico de alta qualidade, a garrafa \u00e9 resistente e dur\u00e1vel. Al\u00e9m disso, a sua apar\u00eancia simples mas elegante pode ser facilmente integrada em v\u00e1rios estilos de casa, acrescentando um toque art\u00edstico \u00e0 casa de banho.<\/p>","protected":false},"featured_media":6287,"comment_status":"closed","ping_status":"closed","template":"","meta":{"_acf_changed":false},"product_brand":[],"product_cat":[51],"product_tag":[73],"class_list":{"0":"post-6284","1":"product","2":"type-product","3":"status-publish","4":"has-post-thumbnail","6":"product_cat-bathroom-accessories-wholesale","7":"product_tag-custom-soap-dispensers","9":"first","10":"instock","11":"shipping-taxable","12":"product-type-simple"},"acf":[],"_links":{"self":[{"href":"https:\/\/jinhuaceramic.com\/pt\/wp-json\/wp\/v2\/product\/6284","targetHints":{"allow":["GET"]}}],"collection":[{"href":"https:\/\/jinhuaceramic.com\/pt\/wp-json\/wp\/v2\/product"}],"about":[{"href":"https:\/\/jinhuaceramic.com\/pt\/wp-json\/wp\/v2\/types\/product"}],"replies":[{"embeddable":true,"href":"https:\/\/jinhuaceramic.com\/pt\/wp-json\/wp\/v2\/comments?post=6284"}],"version-history":[{"count":0,"href":"https:\/\/jinhuaceramic.com\/pt\/wp-json\/wp\/v2\/product\/6284\/revisions"}],"wp:featuredmedia":[{"embeddable":true,"href":"https:\/\/jinhuaceramic.com\/pt\/wp-json\/wp\/v2\/media\/6287"}],"wp:attachment":[{"href":"https:\/\/jinhuaceramic.com\/pt\/wp-json\/wp\/v2\/media?parent=6284"}],"wp:term":[{"taxonomy":"product_brand","embeddable":true,"href":"https:\/\/jinhuaceramic.com\/pt\/wp-json\/wp\/v2\/product_brand?post=6284"},{"taxonomy":"product_cat","embeddable":true,"href":"https:\/\/jinhuaceramic.com\/pt\/wp-json\/wp\/v2\/product_cat?post=6284"},{"taxonomy":"product_tag","embeddable":true,"href":"https:\/\/jinhuaceramic.com\/pt\/wp-json\/wp\/v2\/product_tag?post=6284"}],"curies":[{"name":"wp","href":"https:\/\/api.w.org\/{rel}","templated":true}]}}