{"id":6296,"date":"2024-10-06T07:09:21","date_gmt":"2024-10-06T07:09:21","guid":{"rendered":"https:\/\/jinhuaceramic.com\/?post_type=product&#038;p=6296"},"modified":"2024-10-06T07:20:39","modified_gmt":"2024-10-06T07:20:39","slug":"candle-vessels-wholesale","status":"publish","type":"product","link":"https:\/\/jinhuaceramic.com\/pt\/product\/candle-vessels-wholesale\/","title":{"rendered":"Vasos de vela em forma de tulipa por atacado, frascos de vela chiques a granel"},"content":{"rendered":"<div class=\"wp-block-columns is-layout-flex wp-container-core-columns-is-layout-9d6595d7 wp-block-columns-is-layout-flex\">\n<div class=\"wp-block-column is-layout-flow wp-block-column-is-layout-flow\">\n<h3 class=\"wp-block-heading\">Vasos para velas em forma de tulipa Premium Carater\u00edsticas por atacado:<\/h3>\n\n\n\n<ul class=\"wp-block-list\">\n<li><strong>Forma \u00fanica de tulipa: <\/strong>Estes recipientes para velas em cer\u00e2mica para venda por grosso t\u00eam a forma de tulipas, com p\u00e9talas ligeiramente abertas e uma base arredondada no fundo, o que d\u00e1 um aspeto muito vivo.<\/li>\n\n\n\n<li><strong>Paleta de cores suaves:<\/strong> A sele\u00e7\u00e3o de cores destes frascos de velas de cer\u00e2mica a granel \u00e9 muito suave, incluindo branco, azul claro, castanho claro e cor de ab\u00f3bora, etc. Essas cores s\u00e3o combinadas de forma muito harmoniosa, dando \u00e0s pessoas uma sensa\u00e7\u00e3o de calor e conforto. Al\u00e9m dessas cores, tamb\u00e9m podemos personalizar cores diferentes de acordo com as necessidades do cliente.<\/li>\n\n\n\n<li><strong>Material de alta qualidade: <\/strong>Estes recipientes para velas tulipa por atacado s\u00e3o feitos de cer\u00e2mica de alta qualidade cozida a altas temperaturas, que tem uma excelente resist\u00eancia ao calor e durabilidade. Isto garante que os frascos podem suportar o calor da chama da vela sem rachar ou partir, proporcionando um recipiente seguro e protegido para as suas velas.<\/li>\n\n\n\n<li><strong>Venda por grosso e personaliza\u00e7\u00e3o:<\/strong> Nossa f\u00e1brica oferece descontos por atacado para pedidos de potes de vela a granel, garantindo potes de vela de qualidade por atacado a pre\u00e7os competitivos. Al\u00e9m disso, tamb\u00e9m fornecemos servi\u00e7os de personaliza\u00e7\u00e3o para se adequar ao estilo \u00fanico da sua marca, seja tamanho, forma, padr\u00e3o, cor, logotipo pode ser personalizado.<\/li>\n<\/ul>\n<\/div>\n\n\n\n<div class=\"wp-block-column is-layout-flow wp-block-column-is-layout-flow\">\n<figure class=\"wp-block-image size-full\"><img fetchpriority=\"high\" decoding=\"async\" width=\"790\" height=\"790\" src=\"https:\/\/jinhuaceramic.com\/wp-content\/uploads\/2024\/10\/Wholesale-Tulip-Shape-Ceramic-Candle-Jar-For-Candle-Making-In-Bulk-4.webp\" alt=\"Vasos de vela em forma de tulipa por atacado, frascos de vela chiques a granel-2\" class=\"wp-image-6299\" srcset=\"https:\/\/jinhuaceramic.com\/wp-content\/uploads\/2024\/10\/Wholesale-Tulip-Shape-Ceramic-Candle-Jar-For-Candle-Making-In-Bulk-4.webp 790w, https:\/\/jinhuaceramic.com\/wp-content\/uploads\/2024\/10\/Wholesale-Tulip-Shape-Ceramic-Candle-Jar-For-Candle-Making-In-Bulk-4-300x300.webp 300w, https:\/\/jinhuaceramic.com\/wp-content\/uploads\/2024\/10\/Wholesale-Tulip-Shape-Ceramic-Candle-Jar-For-Candle-Making-In-Bulk-4-150x150.webp 150w, https:\/\/jinhuaceramic.com\/wp-content\/uploads\/2024\/10\/Wholesale-Tulip-Shape-Ceramic-Candle-Jar-For-Candle-Making-In-Bulk-4-768x768.webp 768w, https:\/\/jinhuaceramic.com\/wp-content\/uploads\/2024\/10\/Wholesale-Tulip-Shape-Ceramic-Candle-Jar-For-Candle-Making-In-Bulk-4-12x12.webp 12w, https:\/\/jinhuaceramic.com\/wp-content\/uploads\/2024\/10\/Wholesale-Tulip-Shape-Ceramic-Candle-Jar-For-Candle-Making-In-Bulk-4-285x285.webp 285w, https:\/\/jinhuaceramic.com\/wp-content\/uploads\/2024\/10\/Wholesale-Tulip-Shape-Ceramic-Candle-Jar-For-Candle-Making-In-Bulk-4-270x270.webp 270w, https:\/\/jinhuaceramic.com\/wp-content\/uploads\/2024\/10\/Wholesale-Tulip-Shape-Ceramic-Candle-Jar-For-Candle-Making-In-Bulk-4-540x540.webp 540w, https:\/\/jinhuaceramic.com\/wp-content\/uploads\/2024\/10\/Wholesale-Tulip-Shape-Ceramic-Candle-Jar-For-Candle-Making-In-Bulk-4-660x660.webp 660w\" sizes=\"(max-width: 790px) 100vw, 790px\" \/><\/figure>\n<\/div>\n<\/div>","protected":false},"excerpt":{"rendered":"<p>Bem-vindo ao comprar frascos de velas a granel. O design desses vasos de vela de cer\u00e2mica por atacado combina perfeitamente elementos naturais de tulipa com estilo minimalista moderno, criando uma atmosfera acolhedora e confort\u00e1vel, e \u00e9 muito adequado para fazer velas perfumadas. N\u00e3o apenas de apar\u00eancia bonita, esses potes de vela de cer\u00e2mica s\u00e3o est\u00e1veis em estrutura e dur\u00e1veis.<\/p>","protected":false},"featured_media":6298,"comment_status":"closed","ping_status":"closed","template":"","meta":{"_acf_changed":false},"product_brand":[],"product_cat":[52],"product_tag":[66],"class_list":{"0":"post-6296","1":"product","2":"type-product","3":"status-publish","4":"has-post-thumbnail","6":"product_cat-wholesale-candle-containers","7":"product_tag-candle-jars-wholesale","9":"first","10":"instock","11":"shipping-taxable","12":"product-type-simple"},"acf":[],"_links":{"self":[{"href":"https:\/\/jinhuaceramic.com\/pt\/wp-json\/wp\/v2\/product\/6296","targetHints":{"allow":["GET"]}}],"collection":[{"href":"https:\/\/jinhuaceramic.com\/pt\/wp-json\/wp\/v2\/product"}],"about":[{"href":"https:\/\/jinhuaceramic.com\/pt\/wp-json\/wp\/v2\/types\/product"}],"replies":[{"embeddable":true,"href":"https:\/\/jinhuaceramic.com\/pt\/wp-json\/wp\/v2\/comments?post=6296"}],"version-history":[{"count":0,"href":"https:\/\/jinhuaceramic.com\/pt\/wp-json\/wp\/v2\/product\/6296\/revisions"}],"wp:featuredmedia":[{"embeddable":true,"href":"https:\/\/jinhuaceramic.com\/pt\/wp-json\/wp\/v2\/media\/6298"}],"wp:attachment":[{"href":"https:\/\/jinhuaceramic.com\/pt\/wp-json\/wp\/v2\/media?parent=6296"}],"wp:term":[{"taxonomy":"product_brand","embeddable":true,"href":"https:\/\/jinhuaceramic.com\/pt\/wp-json\/wp\/v2\/product_brand?post=6296"},{"taxonomy":"product_cat","embeddable":true,"href":"https:\/\/jinhuaceramic.com\/pt\/wp-json\/wp\/v2\/product_cat?post=6296"},{"taxonomy":"product_tag","embeddable":true,"href":"https:\/\/jinhuaceramic.com\/pt\/wp-json\/wp\/v2\/product_tag?post=6296"}],"curies":[{"name":"wp","href":"https:\/\/api.w.org\/{rel}","templated":true}]}}