{"id":6307,"date":"2024-10-06T07:02:11","date_gmt":"2024-10-06T07:02:11","guid":{"rendered":"https:\/\/jinhuaceramic.com\/?post_type=product&#038;p=6307"},"modified":"2024-10-06T07:20:45","modified_gmt":"2024-10-06T07:20:45","slug":"wholesale-candle-jars","status":"publish","type":"product","link":"https:\/\/jinhuaceramic.com\/pt\/product\/wholesale-candle-jars\/","title":{"rendered":"Frascos de vela por atacado, vasos de vela de cer\u00e2mica branca exclusivos a granel"},"content":{"rendered":"<div class=\"wp-block-columns is-layout-flex wp-container-core-columns-is-layout-9d6595d7 wp-block-columns-is-layout-flex\">\n<div class=\"wp-block-column is-layout-flow wp-block-column-is-layout-flow\">\n<h3 class=\"wp-block-heading\">Frascos de vela por atacado exclusivos Premium Carater\u00edsticas:<\/h3>\n\n\n\n<ul class=\"wp-block-list\">\n<li><strong>Design \u00fanico:<\/strong> Estes frascos de velas de cer\u00e2mica para venda por grosso t\u00eam uma forma irregular, s\u00e3o desiguais e t\u00eam uma superf\u00edcie enrugada, tal como um saco de papel amachucado, o que contrasta fortemente com os tradicionais frascos de velas redondos e lisos. Esta forma irregular e a textura r\u00fastica d\u00e3o-lhe um aspeto muito art\u00edstico e podem real\u00e7ar o gosto do seu ambiente dom\u00e9stico.<\/li>\n\n\n\n<li><strong>Tons suaves:<\/strong> Estes frascos de vela em cer\u00e2mica exclusivos est\u00e3o dispon\u00edveis numa variedade de cores suaves, incluindo branco, azul claro, castanho claro e ab\u00f3bora. Estas cores s\u00e3o de baixa satura\u00e7\u00e3o e d\u00e3o uma sensa\u00e7\u00e3o de calor e aconchego. Para al\u00e9m destas cores, tamb\u00e9m podemos personalizar cores diferentes de acordo com os requisitos do cliente.<\/li>\n\n\n\n<li><strong>Material de qualidade superior: <\/strong>Estes frascos de velas por atacado s\u00e3o feitos de argila cer\u00e2mica de alta qualidade cozida a alta temperatura. O material cer\u00e2mico tem boa resist\u00eancia ao calor e durabilidade e pode ser usado durante muito tempo. Al\u00e9m disso, a superf\u00edcie destes recipientes para velas de cer\u00e2mica a granel \u00e9 lisa e f\u00e1cil de limpar sem deixar manchas feias.<\/li>\n\n\n\n<li><strong>Reutiliz\u00e1vel e amigo do ambiente:<\/strong> Depois de as velas serem queimadas, estes frascos de cer\u00e2mica para velas por atacado podem ser transformados em porta-canetas, caixas de j\u00f3ias ou utilizados para plantar algumas plantas pequenas, o que \u00e9 muito pr\u00e1tico. Em compara\u00e7\u00e3o com os recipientes de velas descart\u00e1veis, os frascos de cer\u00e2mica podem ser reutilizados e s\u00e3o mais amigos do ambiente.<\/li>\n<\/ul>\n<\/div>\n\n\n\n<div class=\"wp-block-column is-layout-flow wp-block-column-is-layout-flow\">\n<figure class=\"wp-block-image size-full\"><img fetchpriority=\"high\" decoding=\"async\" width=\"800\" height=\"800\" src=\"https:\/\/jinhuaceramic.com\/wp-content\/uploads\/2024\/10\/Wholesale-Unique-Ceramic-Candle-Jar-Personalized-Candle-Vessel-In-Bulk-5.webp\" alt=\"Frascos de vela por atacado, vasos de vela de cer\u00e2mica branca a granel-1\" class=\"wp-image-6311\" srcset=\"https:\/\/jinhuaceramic.com\/wp-content\/uploads\/2024\/10\/Wholesale-Unique-Ceramic-Candle-Jar-Personalized-Candle-Vessel-In-Bulk-5.webp 800w, https:\/\/jinhuaceramic.com\/wp-content\/uploads\/2024\/10\/Wholesale-Unique-Ceramic-Candle-Jar-Personalized-Candle-Vessel-In-Bulk-5-300x300.webp 300w, https:\/\/jinhuaceramic.com\/wp-content\/uploads\/2024\/10\/Wholesale-Unique-Ceramic-Candle-Jar-Personalized-Candle-Vessel-In-Bulk-5-150x150.webp 150w, https:\/\/jinhuaceramic.com\/wp-content\/uploads\/2024\/10\/Wholesale-Unique-Ceramic-Candle-Jar-Personalized-Candle-Vessel-In-Bulk-5-768x768.webp 768w, https:\/\/jinhuaceramic.com\/wp-content\/uploads\/2024\/10\/Wholesale-Unique-Ceramic-Candle-Jar-Personalized-Candle-Vessel-In-Bulk-5-12x12.webp 12w, https:\/\/jinhuaceramic.com\/wp-content\/uploads\/2024\/10\/Wholesale-Unique-Ceramic-Candle-Jar-Personalized-Candle-Vessel-In-Bulk-5-285x285.webp 285w, https:\/\/jinhuaceramic.com\/wp-content\/uploads\/2024\/10\/Wholesale-Unique-Ceramic-Candle-Jar-Personalized-Candle-Vessel-In-Bulk-5-270x270.webp 270w, https:\/\/jinhuaceramic.com\/wp-content\/uploads\/2024\/10\/Wholesale-Unique-Ceramic-Candle-Jar-Personalized-Candle-Vessel-In-Bulk-5-540x540.webp 540w, https:\/\/jinhuaceramic.com\/wp-content\/uploads\/2024\/10\/Wholesale-Unique-Ceramic-Candle-Jar-Personalized-Candle-Vessel-In-Bulk-5-660x660.webp 660w\" sizes=\"(max-width: 800px) 100vw, 800px\" \/><\/figure>\n<\/div>\n<\/div>","protected":false},"excerpt":{"rendered":"<p>Bem-vindo \u00e0 compra de recipientes para velas de cer\u00e2mica a granel. Estes potes de vela de cer\u00e2mica por atacado s\u00e3o populares devido ao seu design de forma \u00fanica, cores suaves e material cer\u00e2mico de alta qualidade. Combinando est\u00e9tica e praticidade, esses potes de vela s\u00e3o adequados para v\u00e1rios estilos de decora\u00e7\u00e3o de casa e podem adicionar um toque de arte ao ambiente dom\u00e9stico.<\/p>","protected":false},"featured_media":6313,"comment_status":"closed","ping_status":"closed","template":"","meta":{"_acf_changed":false},"product_brand":[],"product_cat":[52],"product_tag":[66],"class_list":{"0":"post-6307","1":"product","2":"type-product","3":"status-publish","4":"has-post-thumbnail","6":"product_cat-wholesale-candle-containers","7":"product_tag-candle-jars-wholesale","9":"first","10":"instock","11":"shipping-taxable","12":"product-type-simple"},"acf":[],"_links":{"self":[{"href":"https:\/\/jinhuaceramic.com\/pt\/wp-json\/wp\/v2\/product\/6307","targetHints":{"allow":["GET"]}}],"collection":[{"href":"https:\/\/jinhuaceramic.com\/pt\/wp-json\/wp\/v2\/product"}],"about":[{"href":"https:\/\/jinhuaceramic.com\/pt\/wp-json\/wp\/v2\/types\/product"}],"replies":[{"embeddable":true,"href":"https:\/\/jinhuaceramic.com\/pt\/wp-json\/wp\/v2\/comments?post=6307"}],"version-history":[{"count":0,"href":"https:\/\/jinhuaceramic.com\/pt\/wp-json\/wp\/v2\/product\/6307\/revisions"}],"wp:featuredmedia":[{"embeddable":true,"href":"https:\/\/jinhuaceramic.com\/pt\/wp-json\/wp\/v2\/media\/6313"}],"wp:attachment":[{"href":"https:\/\/jinhuaceramic.com\/pt\/wp-json\/wp\/v2\/media?parent=6307"}],"wp:term":[{"taxonomy":"product_brand","embeddable":true,"href":"https:\/\/jinhuaceramic.com\/pt\/wp-json\/wp\/v2\/product_brand?post=6307"},{"taxonomy":"product_cat","embeddable":true,"href":"https:\/\/jinhuaceramic.com\/pt\/wp-json\/wp\/v2\/product_cat?post=6307"},{"taxonomy":"product_tag","embeddable":true,"href":"https:\/\/jinhuaceramic.com\/pt\/wp-json\/wp\/v2\/product_tag?post=6307"}],"curies":[{"name":"wp","href":"https:\/\/api.w.org\/{rel}","templated":true}]}}