{"id":6328,"date":"2024-10-09T01:47:15","date_gmt":"2024-10-09T01:47:15","guid":{"rendered":"https:\/\/jinhuaceramic.com\/?post_type=product&#038;p=6328"},"modified":"2024-10-09T01:50:16","modified_gmt":"2024-10-09T01:50:16","slug":"wholesale-candle-vessels","status":"publish","type":"product","link":"https:\/\/jinhuaceramic.com\/pt\/product\/wholesale-candle-vessels\/","title":{"rendered":"Recipientes para velas por atacado em forma de ovo, recipientes para velas a granel"},"content":{"rendered":"<div class=\"wp-block-columns is-layout-flex wp-container-core-columns-is-layout-9d6595d7 wp-block-columns-is-layout-flex\">\n<div class=\"wp-block-column is-layout-flow wp-block-column-is-layout-flow\">\n<h3 class=\"wp-block-heading\">Vasos de vela por atacado Premium Carater\u00edsticas:<\/h3>\n\n\n\n<ul class=\"wp-block-list\">\n<li><strong>Design \u00fanico:<\/strong> Estes recipientes de cer\u00e2mica para velas por grosso apresentam um design natural \u00fanico. A forma \u00e9 muito realista, imitando a forma de um ovo, incluindo a textura da casca do ovo, as bordas rachadas e outros detalhes. Nalguns feriados espec\u00edficos, como a P\u00e1scoa e o Dia dos Namorados, os recipientes para velas em forma de ovo podem ser utilizados como decora\u00e7\u00f5es festivas para aumentar a atmosfera festiva.<\/li>\n\n\n\n<li><strong>Material de qualidade superior:<\/strong> Estes recipientes para velas em forma de ovo s\u00e3o feitos de material cer\u00e2mico de alta qualidade, que tem boa resist\u00eancia ao calor, n\u00e3o \u00e9 t\u00f3xico e \u00e9 inofensivo, garantindo a queima segura das velas. Ao mesmo tempo, os frascos de vela em cer\u00e2mica n\u00e3o s\u00e3o f\u00e1ceis de deformar e podem ser utilizados durante muito tempo.<\/li>\n\n\n\n<li><strong>V\u00e1rias cores: <\/strong>Estes vasos de vela por atacado v\u00eam em uma variedade de cores, incluindo rosa, branco, preto, etc., para atender \u00e0s prefer\u00eancias de pessoas diferentes e as necessidades de correspond\u00eancia de estilos de decora\u00e7\u00e3o de casa. Como um fabricante, n\u00f3s tamb\u00e9m podemos personalizar outras cores de acordo com as necessidades do cliente.<\/li>\n\n\n\n<li><strong>Reutiliz\u00e1vel e amigo do ambiente:<\/strong> Depois de as velas se apagarem, estes frascos de cer\u00e2mica podem ser utilizados para colocar pequenos objectos, como chaves, moedas, ou como pequenos vasos de flores, o que \u00e9 muito pr\u00e1tico. Em compara\u00e7\u00e3o com os recipientes para velas descart\u00e1veis, os frascos de cer\u00e2mica podem ser reutilizados e s\u00e3o mais amigos do ambiente.<\/li>\n<\/ul>\n<\/div>\n\n\n\n<div class=\"wp-block-column is-layout-flow wp-block-column-is-layout-flow\">\n<figure class=\"wp-block-image size-full\"><img fetchpriority=\"high\" decoding=\"async\" width=\"1000\" height=\"1000\" src=\"https:\/\/jinhuaceramic.com\/wp-content\/uploads\/2024\/10\/Wholesale-Egg-Shape-Ceramic-Candle-Jar-Custom-Empty-Vessel-For-Candle-Making-4.webp\" alt=\"Recipientes para velas por atacado em forma de ovo, recipientes para velas a granel-1\" class=\"wp-image-6331\" srcset=\"https:\/\/jinhuaceramic.com\/wp-content\/uploads\/2024\/10\/Wholesale-Egg-Shape-Ceramic-Candle-Jar-Custom-Empty-Vessel-For-Candle-Making-4.webp 1000w, https:\/\/jinhuaceramic.com\/wp-content\/uploads\/2024\/10\/Wholesale-Egg-Shape-Ceramic-Candle-Jar-Custom-Empty-Vessel-For-Candle-Making-4-300x300.webp 300w, https:\/\/jinhuaceramic.com\/wp-content\/uploads\/2024\/10\/Wholesale-Egg-Shape-Ceramic-Candle-Jar-Custom-Empty-Vessel-For-Candle-Making-4-150x150.webp 150w, https:\/\/jinhuaceramic.com\/wp-content\/uploads\/2024\/10\/Wholesale-Egg-Shape-Ceramic-Candle-Jar-Custom-Empty-Vessel-For-Candle-Making-4-768x768.webp 768w, https:\/\/jinhuaceramic.com\/wp-content\/uploads\/2024\/10\/Wholesale-Egg-Shape-Ceramic-Candle-Jar-Custom-Empty-Vessel-For-Candle-Making-4-12x12.webp 12w, https:\/\/jinhuaceramic.com\/wp-content\/uploads\/2024\/10\/Wholesale-Egg-Shape-Ceramic-Candle-Jar-Custom-Empty-Vessel-For-Candle-Making-4-285x285.webp 285w, https:\/\/jinhuaceramic.com\/wp-content\/uploads\/2024\/10\/Wholesale-Egg-Shape-Ceramic-Candle-Jar-Custom-Empty-Vessel-For-Candle-Making-4-270x270.webp 270w, https:\/\/jinhuaceramic.com\/wp-content\/uploads\/2024\/10\/Wholesale-Egg-Shape-Ceramic-Candle-Jar-Custom-Empty-Vessel-For-Candle-Making-4-540x540.webp 540w, https:\/\/jinhuaceramic.com\/wp-content\/uploads\/2024\/10\/Wholesale-Egg-Shape-Ceramic-Candle-Jar-Custom-Empty-Vessel-For-Candle-Making-4-660x660.webp 660w\" sizes=\"(max-width: 1000px) 100vw, 1000px\" \/><\/figure>\n<\/div>\n<\/div>","protected":false},"excerpt":{"rendered":"<p>Bem-vindo \u00e0 compra de recipientes para velas por atacado. Estes recipientes para velas de cer\u00e2mica a granel s\u00e3o populares devido \u00e0 sua forma \u00fanica de ovo, v\u00e1rias cores e material cer\u00e2mico de alta qualidade. O design da casca de ovo quebrada atrai a aten\u00e7\u00e3o dos consumidores, e o material cer\u00e2mico de alta qualidade \u00e9 resistente e dur\u00e1vel, combinando beleza e praticidade, tornando esses potes de vela uma decora\u00e7\u00e3o de casa mais vendida.<\/p>","protected":false},"featured_media":6330,"comment_status":"closed","ping_status":"closed","template":"","meta":{"_acf_changed":false},"product_brand":[],"product_cat":[52],"product_tag":[66],"class_list":{"0":"post-6328","1":"product","2":"type-product","3":"status-publish","4":"has-post-thumbnail","6":"product_cat-wholesale-candle-containers","7":"product_tag-candle-jars-wholesale","9":"first","10":"instock","11":"shipping-taxable","12":"product-type-simple"},"acf":[],"_links":{"self":[{"href":"https:\/\/jinhuaceramic.com\/pt\/wp-json\/wp\/v2\/product\/6328","targetHints":{"allow":["GET"]}}],"collection":[{"href":"https:\/\/jinhuaceramic.com\/pt\/wp-json\/wp\/v2\/product"}],"about":[{"href":"https:\/\/jinhuaceramic.com\/pt\/wp-json\/wp\/v2\/types\/product"}],"replies":[{"embeddable":true,"href":"https:\/\/jinhuaceramic.com\/pt\/wp-json\/wp\/v2\/comments?post=6328"}],"version-history":[{"count":0,"href":"https:\/\/jinhuaceramic.com\/pt\/wp-json\/wp\/v2\/product\/6328\/revisions"}],"wp:featuredmedia":[{"embeddable":true,"href":"https:\/\/jinhuaceramic.com\/pt\/wp-json\/wp\/v2\/media\/6330"}],"wp:attachment":[{"href":"https:\/\/jinhuaceramic.com\/pt\/wp-json\/wp\/v2\/media?parent=6328"}],"wp:term":[{"taxonomy":"product_brand","embeddable":true,"href":"https:\/\/jinhuaceramic.com\/pt\/wp-json\/wp\/v2\/product_brand?post=6328"},{"taxonomy":"product_cat","embeddable":true,"href":"https:\/\/jinhuaceramic.com\/pt\/wp-json\/wp\/v2\/product_cat?post=6328"},{"taxonomy":"product_tag","embeddable":true,"href":"https:\/\/jinhuaceramic.com\/pt\/wp-json\/wp\/v2\/product_tag?post=6328"}],"curies":[{"name":"wp","href":"https:\/\/api.w.org\/{rel}","templated":true}]}}