{"id":6338,"date":"2024-10-09T01:38:51","date_gmt":"2024-10-09T01:38:51","guid":{"rendered":"https:\/\/jinhuaceramic.com\/?post_type=product&#038;p=6338"},"modified":"2024-10-09T01:38:54","modified_gmt":"2024-10-09T01:38:54","slug":"bulk-ceramic-candle-jars","status":"publish","type":"product","link":"https:\/\/jinhuaceramic.com\/pt\/product\/bulk-ceramic-candle-jars\/","title":{"rendered":"Frascos de vela de cer\u00e2mica a granel com gradiente, recipientes para velas por atacado"},"content":{"rendered":"<div class=\"wp-block-columns is-layout-flex wp-container-core-columns-is-layout-9d6595d7 wp-block-columns-is-layout-flex\">\n<div class=\"wp-block-column is-layout-flow wp-block-column-is-layout-flow\">\n<h3 class=\"wp-block-heading\">Frascos de vela de cer\u00e2mica Premium a granel Carater\u00edsticas:<\/h3>\n\n\n\n<ul class=\"wp-block-list\">\n<li><strong>Estilo simples e moderno:<\/strong> A forma geral destes frascos de cer\u00e2mica para velas a granel \u00e9 simples e suave, com linhas claras e sem decora\u00e7\u00e3o excessiva. Este estilo de design simples est\u00e1 em conformidade com a est\u00e9tica das pessoas modernas e pode ser facilmente combinado com v\u00e1rios estilos de casa.<\/li>\n\n\n\n<li><strong>Design de cor gradiente:<\/strong> Estes recipientes para velas de cer\u00e2mica por atacado apresentam um design de cor gradiente. Em compara\u00e7\u00e3o com os frascos de velas monocrom\u00e1ticos, o design de cor gradiente n\u00e3o s\u00f3 enriquece o n\u00edvel visual, acrescenta um toque de sentido art\u00edstico, mas tamb\u00e9m cria uma atmosfera suave e delicada.<\/li>\n\n\n\n<li><strong>Material de alta qualidade:<\/strong> Estes frascos para velas em cer\u00e2mica de cor gradiente s\u00e3o feitos de cer\u00e2mica de alta qualidade, resistente a altas temperaturas e com boa textura. Ao mesmo tempo, os frascos para velas de cer\u00e2mica tamb\u00e9m t\u00eam um certo efeito de preserva\u00e7\u00e3o do calor, o que pode prolongar o tempo de queima das velas.<\/li>\n\n\n\n<li><strong>Uma variedade de cores: <\/strong>Estes recipientes para velas de cer\u00e2mica por atacado v\u00eam em uma variedade de cores, incluindo azul gradiente, vermelho gradiente, preto gradiente, ciano gradiente, para atender \u00e0s prefer\u00eancias de diferentes pessoas e \u00e0s necessidades de correspond\u00eancia de estilos de decora\u00e7\u00e3o de casa. Como fabricante, tamb\u00e9m podemos personalizar outras cores de acordo com as necessidades do cliente.<\/li>\n<\/ul>\n<\/div>\n\n\n\n<div class=\"wp-block-column is-layout-flow wp-block-column-is-layout-flow\">\n<figure class=\"wp-block-image size-full\"><img fetchpriority=\"high\" decoding=\"async\" width=\"750\" height=\"750\" src=\"https:\/\/jinhuaceramic.com\/wp-content\/uploads\/2024\/10\/Wholesale-Gradient-Color-Ceramic-Candle-Jars-Empty-Containers-In-Bulk-3.webp\" alt=\"Frascos de vela de cer\u00e2mica a granel com gradiente, recipientes para velas por atacado-5\" class=\"wp-image-6340\" srcset=\"https:\/\/jinhuaceramic.com\/wp-content\/uploads\/2024\/10\/Wholesale-Gradient-Color-Ceramic-Candle-Jars-Empty-Containers-In-Bulk-3.webp 750w, https:\/\/jinhuaceramic.com\/wp-content\/uploads\/2024\/10\/Wholesale-Gradient-Color-Ceramic-Candle-Jars-Empty-Containers-In-Bulk-3-300x300.webp 300w, https:\/\/jinhuaceramic.com\/wp-content\/uploads\/2024\/10\/Wholesale-Gradient-Color-Ceramic-Candle-Jars-Empty-Containers-In-Bulk-3-150x150.webp 150w, https:\/\/jinhuaceramic.com\/wp-content\/uploads\/2024\/10\/Wholesale-Gradient-Color-Ceramic-Candle-Jars-Empty-Containers-In-Bulk-3-12x12.webp 12w, https:\/\/jinhuaceramic.com\/wp-content\/uploads\/2024\/10\/Wholesale-Gradient-Color-Ceramic-Candle-Jars-Empty-Containers-In-Bulk-3-285x285.webp 285w, https:\/\/jinhuaceramic.com\/wp-content\/uploads\/2024\/10\/Wholesale-Gradient-Color-Ceramic-Candle-Jars-Empty-Containers-In-Bulk-3-270x270.webp 270w, https:\/\/jinhuaceramic.com\/wp-content\/uploads\/2024\/10\/Wholesale-Gradient-Color-Ceramic-Candle-Jars-Empty-Containers-In-Bulk-3-540x540.webp 540w, https:\/\/jinhuaceramic.com\/wp-content\/uploads\/2024\/10\/Wholesale-Gradient-Color-Ceramic-Candle-Jars-Empty-Containers-In-Bulk-3-660x660.webp 660w\" sizes=\"(max-width: 750px) 100vw, 750px\" \/><\/figure>\n<\/div>\n<\/div>","protected":false},"excerpt":{"rendered":"<p>Bem-vindo ao comprar recipientes para velas por grosso. Estes frascos de vela de cer\u00e2mica a granel destacam-se pelo seu elegante design de cor gradiente e estilo moderno simples. Al\u00e9m de terem uma apar\u00eancia bonita, esses potes de vela t\u00eam uma textura de cer\u00e2mica de alta qualidade, n\u00e3o s\u00e3o t\u00f3xicos e inofensivos e s\u00e3o seguros para uso.\u00a0<\/p>","protected":false},"featured_media":6344,"comment_status":"closed","ping_status":"closed","template":"","meta":{"_acf_changed":false},"product_brand":[],"product_cat":[52],"product_tag":[66],"class_list":{"0":"post-6338","1":"product","2":"type-product","3":"status-publish","4":"has-post-thumbnail","6":"product_cat-wholesale-candle-containers","7":"product_tag-candle-jars-wholesale","9":"first","10":"instock","11":"shipping-taxable","12":"product-type-simple"},"acf":[],"_links":{"self":[{"href":"https:\/\/jinhuaceramic.com\/pt\/wp-json\/wp\/v2\/product\/6338","targetHints":{"allow":["GET"]}}],"collection":[{"href":"https:\/\/jinhuaceramic.com\/pt\/wp-json\/wp\/v2\/product"}],"about":[{"href":"https:\/\/jinhuaceramic.com\/pt\/wp-json\/wp\/v2\/types\/product"}],"replies":[{"embeddable":true,"href":"https:\/\/jinhuaceramic.com\/pt\/wp-json\/wp\/v2\/comments?post=6338"}],"version-history":[{"count":0,"href":"https:\/\/jinhuaceramic.com\/pt\/wp-json\/wp\/v2\/product\/6338\/revisions"}],"wp:featuredmedia":[{"embeddable":true,"href":"https:\/\/jinhuaceramic.com\/pt\/wp-json\/wp\/v2\/media\/6344"}],"wp:attachment":[{"href":"https:\/\/jinhuaceramic.com\/pt\/wp-json\/wp\/v2\/media?parent=6338"}],"wp:term":[{"taxonomy":"product_brand","embeddable":true,"href":"https:\/\/jinhuaceramic.com\/pt\/wp-json\/wp\/v2\/product_brand?post=6338"},{"taxonomy":"product_cat","embeddable":true,"href":"https:\/\/jinhuaceramic.com\/pt\/wp-json\/wp\/v2\/product_cat?post=6338"},{"taxonomy":"product_tag","embeddable":true,"href":"https:\/\/jinhuaceramic.com\/pt\/wp-json\/wp\/v2\/product_tag?post=6338"}],"curies":[{"name":"wp","href":"https:\/\/api.w.org\/{rel}","templated":true}]}}