{"id":6354,"date":"2024-10-11T02:32:05","date_gmt":"2024-10-11T02:32:05","guid":{"rendered":"https:\/\/jinhuaceramic.com\/?post_type=product&#038;p=6354"},"modified":"2024-10-11T02:32:06","modified_gmt":"2024-10-11T02:32:06","slug":"candle-vessels-bulk","status":"publish","type":"product","link":"https:\/\/jinhuaceramic.com\/pt\/product\/candle-vessels-bulk\/","title":{"rendered":"Vasos de vela de cer\u00e2mica geom\u00e9trica a granel, frascos de vela mate por atacado"},"content":{"rendered":"<div class=\"wp-block-columns is-layout-flex wp-container-core-columns-is-layout-9d6595d7 wp-block-columns-is-layout-flex\">\n<div class=\"wp-block-column is-layout-flow wp-block-column-is-layout-flow\">\n<h3 class=\"wp-block-heading\">Recipientes para velas Premium Carater\u00edsticas a granel:<\/h3>\n\n\n\n<ul class=\"wp-block-list\">\n<li><strong>Design elegante:<\/strong> Estes recipientes para velas em cer\u00e2mica t\u00eam um design geom\u00e9trico \u00fanico, simples e elegante. As linhas geom\u00e9tricas dos frascos para velas s\u00e3o suaves e claras, dando uma sensa\u00e7\u00e3o de sofistica\u00e7\u00e3o, e podem ser facilmente integradas em v\u00e1rios estilos de decora\u00e7\u00e3o de interiores.<\/li>\n\n\n\n<li><strong>Material cer\u00e2mico de alta qualidade:<\/strong> Estes frascos de vela mate por atacado s\u00e3o duros e resistentes ao desgaste, n\u00e3o s\u00e3o f\u00e1ceis de deformar e podem ser utilizados durante muito tempo. Mesmo que a vela seja queimada muitas vezes, ela n\u00e3o ser\u00e1 facilmente danificada e pode ser usada repetidamente.<\/li>\n\n\n\n<li><strong>Matte Tons suaves:<\/strong> Estes recipientes para velas em cer\u00e2mica est\u00e3o dispon\u00edveis numa variedade de cores suaves mate, incluindo branco, azul claro, verde claro, amarelo claro, etc. Estas cores s\u00e3o de baixa satura\u00e7\u00e3o, dando \u00e0s pessoas uma sensa\u00e7\u00e3o de calor e conforto. Ao mesmo tempo, as cores mate s\u00e3o mais texturadas do que as cores brilhantes.<\/li>\n\n\n\n<li><strong>Versatilidade:<\/strong> Para al\u00e9m de serem utilizados como frascos de velas, estes frascos de velas mate por atacado tamb\u00e9m podem ser utilizados para guardar pequenos objectos, pequenos vasos de flores, etc., o que \u00e9 muito pr\u00e1tico. Quando as velas estiverem gastas, podem tamb\u00e9m ser colocadas em casa como decora\u00e7\u00e3o para continuar a desempenhar o seu belo papel.<\/li>\n<\/ul>\n<\/div>\n\n\n\n<div class=\"wp-block-column is-layout-flow wp-block-column-is-layout-flow\">\n<figure class=\"wp-block-image size-full\"><img fetchpriority=\"high\" decoding=\"async\" width=\"800\" height=\"800\" src=\"https:\/\/jinhuaceramic.com\/wp-content\/uploads\/2024\/10\/Matte-Geometric-Ceramic-Candle-Jar-Custom-Candle-Vessel-Wholesale-4.webp\" alt=\"Vasos de vela de cer\u00e2mica geom\u00e9trica a granel, frascos de vela mate por atacado-1\" class=\"wp-image-6357\" srcset=\"https:\/\/jinhuaceramic.com\/wp-content\/uploads\/2024\/10\/Matte-Geometric-Ceramic-Candle-Jar-Custom-Candle-Vessel-Wholesale-4.webp 800w, https:\/\/jinhuaceramic.com\/wp-content\/uploads\/2024\/10\/Matte-Geometric-Ceramic-Candle-Jar-Custom-Candle-Vessel-Wholesale-4-300x300.webp 300w, https:\/\/jinhuaceramic.com\/wp-content\/uploads\/2024\/10\/Matte-Geometric-Ceramic-Candle-Jar-Custom-Candle-Vessel-Wholesale-4-150x150.webp 150w, https:\/\/jinhuaceramic.com\/wp-content\/uploads\/2024\/10\/Matte-Geometric-Ceramic-Candle-Jar-Custom-Candle-Vessel-Wholesale-4-768x768.webp 768w, https:\/\/jinhuaceramic.com\/wp-content\/uploads\/2024\/10\/Matte-Geometric-Ceramic-Candle-Jar-Custom-Candle-Vessel-Wholesale-4-12x12.webp 12w, https:\/\/jinhuaceramic.com\/wp-content\/uploads\/2024\/10\/Matte-Geometric-Ceramic-Candle-Jar-Custom-Candle-Vessel-Wholesale-4-285x285.webp 285w, https:\/\/jinhuaceramic.com\/wp-content\/uploads\/2024\/10\/Matte-Geometric-Ceramic-Candle-Jar-Custom-Candle-Vessel-Wholesale-4-270x270.webp 270w, https:\/\/jinhuaceramic.com\/wp-content\/uploads\/2024\/10\/Matte-Geometric-Ceramic-Candle-Jar-Custom-Candle-Vessel-Wholesale-4-540x540.webp 540w, https:\/\/jinhuaceramic.com\/wp-content\/uploads\/2024\/10\/Matte-Geometric-Ceramic-Candle-Jar-Custom-Candle-Vessel-Wholesale-4-660x660.webp 660w\" sizes=\"(max-width: 800px) 100vw, 800px\" \/><\/figure>\n<\/div>\n<\/div>\n\n\n\n<p><\/p>","protected":false},"excerpt":{"rendered":"<p>Bem-vindo \u00e0 compra de recipientes para velas de cer\u00e2mica a granel. Estes frascos de velas mate por atacado t\u00eam uma textura delicada e o design geom\u00e9trico faz com que pare\u00e7am simples e elegantes. A combina\u00e7\u00e3o de cores suaves pode facilmente se misturar a v\u00e1rios estilos de casa e melhorar o sabor do espa\u00e7o. Em geral, esses potes de vela de cer\u00e2mica n\u00e3o s\u00f3 t\u00eam uma apar\u00eancia bonita, mas tamb\u00e9m forte praticidade e boa durabilidade, tornando-os uma boa escolha para decora\u00e7\u00e3o de casa.<\/p>","protected":false},"featured_media":6356,"comment_status":"closed","ping_status":"closed","template":"","meta":{"_acf_changed":false},"product_brand":[],"product_cat":[52],"product_tag":[66],"class_list":{"0":"post-6354","1":"product","2":"type-product","3":"status-publish","4":"has-post-thumbnail","6":"product_cat-wholesale-candle-containers","7":"product_tag-candle-jars-wholesale","9":"first","10":"instock","11":"shipping-taxable","12":"product-type-simple"},"acf":[],"_links":{"self":[{"href":"https:\/\/jinhuaceramic.com\/pt\/wp-json\/wp\/v2\/product\/6354","targetHints":{"allow":["GET"]}}],"collection":[{"href":"https:\/\/jinhuaceramic.com\/pt\/wp-json\/wp\/v2\/product"}],"about":[{"href":"https:\/\/jinhuaceramic.com\/pt\/wp-json\/wp\/v2\/types\/product"}],"replies":[{"embeddable":true,"href":"https:\/\/jinhuaceramic.com\/pt\/wp-json\/wp\/v2\/comments?post=6354"}],"version-history":[{"count":0,"href":"https:\/\/jinhuaceramic.com\/pt\/wp-json\/wp\/v2\/product\/6354\/revisions"}],"wp:featuredmedia":[{"embeddable":true,"href":"https:\/\/jinhuaceramic.com\/pt\/wp-json\/wp\/v2\/media\/6356"}],"wp:attachment":[{"href":"https:\/\/jinhuaceramic.com\/pt\/wp-json\/wp\/v2\/media?parent=6354"}],"wp:term":[{"taxonomy":"product_brand","embeddable":true,"href":"https:\/\/jinhuaceramic.com\/pt\/wp-json\/wp\/v2\/product_brand?post=6354"},{"taxonomy":"product_cat","embeddable":true,"href":"https:\/\/jinhuaceramic.com\/pt\/wp-json\/wp\/v2\/product_cat?post=6354"},{"taxonomy":"product_tag","embeddable":true,"href":"https:\/\/jinhuaceramic.com\/pt\/wp-json\/wp\/v2\/product_tag?post=6354"}],"curies":[{"name":"wp","href":"https:\/\/api.w.org\/{rel}","templated":true}]}}