{"id":6364,"date":"2024-10-11T02:38:56","date_gmt":"2024-10-11T02:38:56","guid":{"rendered":"https:\/\/jinhuaceramic.com\/?post_type=product&#038;p=6364"},"modified":"2024-10-11T02:38:58","modified_gmt":"2024-10-11T02:38:58","slug":"candle-jars-wholesale-with-lids","status":"publish","type":"product","link":"https:\/\/jinhuaceramic.com\/pt\/product\/candle-jars-wholesale-with-lids\/","title":{"rendered":"Frascos de vela de cer\u00e2mica chique por atacado com tampas, vasos de vela a granel"},"content":{"rendered":"<div class=\"wp-block-columns is-layout-flex wp-container-core-columns-is-layout-9d6595d7 wp-block-columns-is-layout-flex\">\n<div class=\"wp-block-column is-layout-flow wp-block-column-is-layout-flow\">\n<h3 class=\"wp-block-heading\">Frascos de vela premium por atacado com tampas Carater\u00edsticas:<\/h3>\n\n\n\n<ul class=\"wp-block-list\">\n<li><strong>Design minimalista: <\/strong>Estes frascos de cer\u00e2mica para velas com tampa apresentam um design cil\u00edndrico minimalista, e as cores preto e branco s\u00e3o muito simples e elegantes, adequadas para uma variedade de estilos de casa. A decora\u00e7\u00e3o da tampa de bambu d\u00e1 um toque de natureza. H\u00e1 tamb\u00e9m um design de textura subtil no frasco de cer\u00e2mica, o que o torna mais avan\u00e7ado.<\/li>\n\n\n\n<li><strong>Material de qualidade superior: <\/strong>Estes recipientes para velas a granel s\u00e3o feitos de argila cer\u00e2mica de alta qualidade cozida a alta temperatura, pelo que t\u00eam boa resist\u00eancia ao calor e podem suportar a alta temperatura gerada pela queima de velas. N\u00e3o s\u00e3o f\u00e1ceis de deformar ou rachar, garantindo uma utiliza\u00e7\u00e3o segura.<\/li>\n\n\n\n<li><strong>Pr\u00e1tica tampa de bambu:<\/strong> Estes recipientes para velas a granel est\u00e3o equipados com uma tampa de bambu bem apertada, que ajuda a manter o aroma da vela, evita a entrada de p\u00f3 e outras sujidades e preserva a qualidade da vela quando n\u00e3o est\u00e1 a ser utilizada.<\/li>\n\n\n\n<li><strong>Venda por grosso e personaliza\u00e7\u00e3o:<\/strong> A nossa f\u00e1brica oferece descontos em encomendas a granel para satisfazer as necessidades dos comerciantes que procuram comprar frascos de vela de cer\u00e2mica por atacado com tampas em grande escala. Al\u00e9m disso, fornecemos servi\u00e7os de personaliza\u00e7\u00e3o, permitindo que os clientes personalizem cores, tamanhos, padr\u00f5es, etc. para criar velas perfumadas exclusivas adequadas para suas pr\u00f3prias marcas.<\/li>\n<\/ul>\n<\/div>\n\n\n\n<div class=\"wp-block-column is-layout-flow wp-block-column-is-layout-flow\">\n<figure class=\"wp-block-image size-full\"><img fetchpriority=\"high\" decoding=\"async\" width=\"750\" height=\"750\" src=\"https:\/\/jinhuaceramic.com\/wp-content\/uploads\/2024\/10\/Minimalist-Ceramic-Candle-Jar-With-Bamboo-Lid-Wholesale-Candle-Container-4.webp\" alt=\"Frascos de vela de cer\u00e2mica chique por atacado com tampas, recipientes de vela a granel-1\" class=\"wp-image-6367\" srcset=\"https:\/\/jinhuaceramic.com\/wp-content\/uploads\/2024\/10\/Minimalist-Ceramic-Candle-Jar-With-Bamboo-Lid-Wholesale-Candle-Container-4.webp 750w, https:\/\/jinhuaceramic.com\/wp-content\/uploads\/2024\/10\/Minimalist-Ceramic-Candle-Jar-With-Bamboo-Lid-Wholesale-Candle-Container-4-300x300.webp 300w, https:\/\/jinhuaceramic.com\/wp-content\/uploads\/2024\/10\/Minimalist-Ceramic-Candle-Jar-With-Bamboo-Lid-Wholesale-Candle-Container-4-150x150.webp 150w, https:\/\/jinhuaceramic.com\/wp-content\/uploads\/2024\/10\/Minimalist-Ceramic-Candle-Jar-With-Bamboo-Lid-Wholesale-Candle-Container-4-12x12.webp 12w, https:\/\/jinhuaceramic.com\/wp-content\/uploads\/2024\/10\/Minimalist-Ceramic-Candle-Jar-With-Bamboo-Lid-Wholesale-Candle-Container-4-285x285.webp 285w, https:\/\/jinhuaceramic.com\/wp-content\/uploads\/2024\/10\/Minimalist-Ceramic-Candle-Jar-With-Bamboo-Lid-Wholesale-Candle-Container-4-270x270.webp 270w, https:\/\/jinhuaceramic.com\/wp-content\/uploads\/2024\/10\/Minimalist-Ceramic-Candle-Jar-With-Bamboo-Lid-Wholesale-Candle-Container-4-540x540.webp 540w, https:\/\/jinhuaceramic.com\/wp-content\/uploads\/2024\/10\/Minimalist-Ceramic-Candle-Jar-With-Bamboo-Lid-Wholesale-Candle-Container-4-660x660.webp 660w\" sizes=\"(max-width: 750px) 100vw, 750px\" \/><\/figure>\n<\/div>\n<\/div>","protected":false},"excerpt":{"rendered":"<p>Bem-vindo \u00e0 compra de recipientes para velas a granel. Os nossos frascos de vela em cer\u00e2mica com tampa s\u00e3o muito bem recebidos pelo mercado. Estes potes de vela de cer\u00e2mica por atacado adotam um design requintado, materiais de alta qualidade, ampla aplicabilidade e vantagens no atacado, proporcionando uma escolha de produto ideal para fabricantes de velas de aromaterapia, trazendo mais possibilidades decorativas para v\u00e1rias ocasi\u00f5es.<\/p>","protected":false},"featured_media":6369,"comment_status":"closed","ping_status":"closed","template":"","meta":{"_acf_changed":false},"product_brand":[],"product_cat":[52],"product_tag":[67],"class_list":{"0":"post-6364","1":"product","2":"type-product","3":"status-publish","4":"has-post-thumbnail","6":"product_cat-wholesale-candle-containers","7":"product_tag-bulk-candle-jars-with-lids","9":"first","10":"instock","11":"shipping-taxable","12":"product-type-simple"},"acf":[],"_links":{"self":[{"href":"https:\/\/jinhuaceramic.com\/pt\/wp-json\/wp\/v2\/product\/6364","targetHints":{"allow":["GET"]}}],"collection":[{"href":"https:\/\/jinhuaceramic.com\/pt\/wp-json\/wp\/v2\/product"}],"about":[{"href":"https:\/\/jinhuaceramic.com\/pt\/wp-json\/wp\/v2\/types\/product"}],"replies":[{"embeddable":true,"href":"https:\/\/jinhuaceramic.com\/pt\/wp-json\/wp\/v2\/comments?post=6364"}],"version-history":[{"count":0,"href":"https:\/\/jinhuaceramic.com\/pt\/wp-json\/wp\/v2\/product\/6364\/revisions"}],"wp:featuredmedia":[{"embeddable":true,"href":"https:\/\/jinhuaceramic.com\/pt\/wp-json\/wp\/v2\/media\/6369"}],"wp:attachment":[{"href":"https:\/\/jinhuaceramic.com\/pt\/wp-json\/wp\/v2\/media?parent=6364"}],"wp:term":[{"taxonomy":"product_brand","embeddable":true,"href":"https:\/\/jinhuaceramic.com\/pt\/wp-json\/wp\/v2\/product_brand?post=6364"},{"taxonomy":"product_cat","embeddable":true,"href":"https:\/\/jinhuaceramic.com\/pt\/wp-json\/wp\/v2\/product_cat?post=6364"},{"taxonomy":"product_tag","embeddable":true,"href":"https:\/\/jinhuaceramic.com\/pt\/wp-json\/wp\/v2\/product_tag?post=6364"}],"curies":[{"name":"wp","href":"https:\/\/api.w.org\/{rel}","templated":true}]}}