{"id":6471,"date":"2024-10-15T07:22:08","date_gmt":"2024-10-15T07:22:08","guid":{"rendered":"https:\/\/jinhuaceramic.com\/?post_type=product&#038;p=6471"},"modified":"2024-10-15T07:22:47","modified_gmt":"2024-10-15T07:22:47","slug":"candle-container-wholesale","status":"publish","type":"product","link":"https:\/\/jinhuaceramic.com\/pt\/product\/candle-container-wholesale\/","title":{"rendered":"Recipiente de vela minimalista por atacado, vasos de vela de luxo por atacado"},"content":{"rendered":"<div class=\"wp-block-columns is-layout-flex wp-container-core-columns-is-layout-9d6595d7 wp-block-columns-is-layout-flex\">\n<div class=\"wp-block-column is-layout-flow wp-block-column-is-layout-flow\">\n<h3 class=\"wp-block-heading\">Recipiente para velas Premium Carater\u00edsticas por atacado:<\/h3>\n\n\n\n<ul class=\"wp-block-list\">\n<li><strong>Design elegante:<\/strong> A forma deste recipiente para velas por atacado \u00e9 simples e suave, mas n\u00e3o perde o seu sentido de design. Em compara\u00e7\u00e3o com os frascos de velas cil\u00edndricos comuns, esses frascos de velas de cer\u00e2mica t\u00eam um design de base na parte inferior. A base tem uma superf\u00edcie de apoio maior, o que aumenta a estabilidade e tamb\u00e9m \u00e9 conveniente para agarrar. As linhas arredondadas e o design segmentado conferem \u00e0s pessoas uma est\u00e9tica moderna e minimalista.<\/li>\n\n\n\n<li><strong>Material de qualidade superior:<\/strong> Estes recipientes para velas minimalistas e luxuosos s\u00e3o feitos de barro cer\u00e2mico de alta qualidade cozido a altas temperaturas. S\u00e3o resistentes a altas temperaturas e n\u00e3o s\u00e3o f\u00e1ceis de quebrar ou rachar, o que pode garantir a queima segura de velas. O material cer\u00e2mico \u00e9 n\u00e3o-t\u00f3xico e inofensivo, e \u00e9 saud\u00e1vel e seguro para uso di\u00e1rio.<\/li>\n\n\n\n<li><strong>Cores vers\u00e1teis:<\/strong> Este recipiente para velas por atacado est\u00e1 dispon\u00edvel numa variedade de cores, incluindo branco mate, branco brilhante, preto, verde, etc. Estas cores s\u00e3o vers\u00e1teis, dando um toque fresco e sofisticado, que \u00e9 muito adequado para o estilo moderno da casa.<\/li>\n\n\n\n<li><strong>Reutiliz\u00e1vel e amigo do ambiente:<\/strong> Estes luxuosos recipientes para velas por atacado s\u00e3o reutiliz\u00e1veis e amigos do ambiente. Quando a vela se apaga, os frascos de cer\u00e2mica s\u00e3o f\u00e1ceis de limpar e podem ser reutilizados como porta-canetas, porta-escovas de dentes e pinc\u00e9is de maquilhagem, pequenos vasos e outras decora\u00e7\u00f5es para a casa.<\/li>\n<\/ul>\n<\/div>\n\n\n\n<div class=\"wp-block-column is-layout-flow wp-block-column-is-layout-flow\">\n<figure class=\"wp-block-image size-full\"><img fetchpriority=\"high\" decoding=\"async\" width=\"800\" height=\"800\" src=\"https:\/\/jinhuaceramic.com\/wp-content\/uploads\/2024\/10\/High-End-Minimalist-Ceramic-Candle-Jar-Wholesale-Empty-Candle-Vessel-6.webp\" alt=\"Recipiente de vela por atacado, vasos de vela de luxo por atacado-1\" class=\"wp-image-6476\" srcset=\"https:\/\/jinhuaceramic.com\/wp-content\/uploads\/2024\/10\/High-End-Minimalist-Ceramic-Candle-Jar-Wholesale-Empty-Candle-Vessel-6.webp 800w, https:\/\/jinhuaceramic.com\/wp-content\/uploads\/2024\/10\/High-End-Minimalist-Ceramic-Candle-Jar-Wholesale-Empty-Candle-Vessel-6-300x300.webp 300w, https:\/\/jinhuaceramic.com\/wp-content\/uploads\/2024\/10\/High-End-Minimalist-Ceramic-Candle-Jar-Wholesale-Empty-Candle-Vessel-6-150x150.webp 150w, https:\/\/jinhuaceramic.com\/wp-content\/uploads\/2024\/10\/High-End-Minimalist-Ceramic-Candle-Jar-Wholesale-Empty-Candle-Vessel-6-768x768.webp 768w, https:\/\/jinhuaceramic.com\/wp-content\/uploads\/2024\/10\/High-End-Minimalist-Ceramic-Candle-Jar-Wholesale-Empty-Candle-Vessel-6-12x12.webp 12w, https:\/\/jinhuaceramic.com\/wp-content\/uploads\/2024\/10\/High-End-Minimalist-Ceramic-Candle-Jar-Wholesale-Empty-Candle-Vessel-6-285x285.webp 285w, https:\/\/jinhuaceramic.com\/wp-content\/uploads\/2024\/10\/High-End-Minimalist-Ceramic-Candle-Jar-Wholesale-Empty-Candle-Vessel-6-270x270.webp 270w, https:\/\/jinhuaceramic.com\/wp-content\/uploads\/2024\/10\/High-End-Minimalist-Ceramic-Candle-Jar-Wholesale-Empty-Candle-Vessel-6-540x540.webp 540w, https:\/\/jinhuaceramic.com\/wp-content\/uploads\/2024\/10\/High-End-Minimalist-Ceramic-Candle-Jar-Wholesale-Empty-Candle-Vessel-6-660x660.webp 660w\" sizes=\"(max-width: 800px) 100vw, 800px\" \/><\/figure>\n<\/div>\n<\/div>","protected":false},"excerpt":{"rendered":"<p>Bem-vindo \u00e0 compra de recipientes para velas por grosso. Estes recipientes de velas de luxo por atacado s\u00e3o populares pelo seu design elegante, constru\u00e7\u00e3o em cer\u00e2mica s\u00f3lida e uma variedade de op\u00e7\u00f5es de cores. Como fabricante, tamb\u00e9m fornecemos servi\u00e7os de personaliza\u00e7\u00e3o personalizados. Podemos modificar a forma, cor, logotipo, tamanho, padr\u00e3o, etc. de acordo com os requisitos do cliente para criar um frasco de vela \u00fanico e exclusivo.\u00a0<\/p>","protected":false},"featured_media":6473,"comment_status":"closed","ping_status":"closed","template":"","meta":{"_acf_changed":false},"product_brand":[],"product_cat":[52],"product_tag":[66],"class_list":{"0":"post-6471","1":"product","2":"type-product","3":"status-publish","4":"has-post-thumbnail","6":"product_cat-wholesale-candle-containers","7":"product_tag-candle-jars-wholesale","9":"first","10":"instock","11":"shipping-taxable","12":"product-type-simple"},"acf":[],"_links":{"self":[{"href":"https:\/\/jinhuaceramic.com\/pt\/wp-json\/wp\/v2\/product\/6471","targetHints":{"allow":["GET"]}}],"collection":[{"href":"https:\/\/jinhuaceramic.com\/pt\/wp-json\/wp\/v2\/product"}],"about":[{"href":"https:\/\/jinhuaceramic.com\/pt\/wp-json\/wp\/v2\/types\/product"}],"replies":[{"embeddable":true,"href":"https:\/\/jinhuaceramic.com\/pt\/wp-json\/wp\/v2\/comments?post=6471"}],"version-history":[{"count":0,"href":"https:\/\/jinhuaceramic.com\/pt\/wp-json\/wp\/v2\/product\/6471\/revisions"}],"wp:featuredmedia":[{"embeddable":true,"href":"https:\/\/jinhuaceramic.com\/pt\/wp-json\/wp\/v2\/media\/6473"}],"wp:attachment":[{"href":"https:\/\/jinhuaceramic.com\/pt\/wp-json\/wp\/v2\/media?parent=6471"}],"wp:term":[{"taxonomy":"product_brand","embeddable":true,"href":"https:\/\/jinhuaceramic.com\/pt\/wp-json\/wp\/v2\/product_brand?post=6471"},{"taxonomy":"product_cat","embeddable":true,"href":"https:\/\/jinhuaceramic.com\/pt\/wp-json\/wp\/v2\/product_cat?post=6471"},{"taxonomy":"product_tag","embeddable":true,"href":"https:\/\/jinhuaceramic.com\/pt\/wp-json\/wp\/v2\/product_tag?post=6471"}],"curies":[{"name":"wp","href":"https:\/\/api.w.org\/{rel}","templated":true}]}}