{"id":6647,"date":"2024-10-16T09:16:48","date_gmt":"2024-10-16T09:16:48","guid":{"rendered":"https:\/\/jinhuaceramic.com\/?post_type=product&#038;p=6647"},"modified":"2024-10-18T00:55:14","modified_gmt":"2024-10-18T00:55:14","slug":"wholesale-ceramic-soap-dishes","status":"publish","type":"product","link":"https:\/\/jinhuaceramic.com\/pt\/product\/wholesale-ceramic-soap-dishes\/","title":{"rendered":"Atacado de saboneteiras de cer\u00e2mica com dreno, saboneteira de m\u00e1rmore para banheira a granel"},"content":{"rendered":"<div class=\"wp-block-columns is-layout-flex wp-container-core-columns-is-layout-9d6595d7 wp-block-columns-is-layout-flex\">\n<div class=\"wp-block-column is-layout-flow wp-block-column-is-layout-flow\">\n<h3 class=\"wp-block-heading\">Pratos de sab\u00e3o de cer\u00e2mica Premium Wholesale Carater\u00edsticas:<\/h3>\n\n\n\n<ul class=\"wp-block-list\">\n<li><strong>Design \u00fanico: <\/strong>O design destas saboneteiras de cer\u00e2mica por atacado \u00e9 muito original, adoptam a forma de folhas, as linhas s\u00e3o suaves e naturais, dando \u00e0s pessoas uma sensa\u00e7\u00e3o de frescura e naturalidade. A saboneteira est\u00e1 dispon\u00edvel em tr\u00eas cores: preto, branco e verde. Todas as cores s\u00e3o embelezadas com padr\u00f5es de m\u00e1rmore dourado na superf\u00edcie, acrescentando um toque de luxo e sofistica\u00e7\u00e3o, que pode melhorar o estilo da casa de banho.<\/li>\n\n\n\n<li><strong>Boa drenagem:<\/strong> Os rebordos destas saboneteiras para banheira s\u00e3o ligeiramente elevados, o que pode impedir eficazmente que o sabonete deslize. O suporte na parte inferior do porta-sabonete levanta a saboneteira e o design inclinado, juntamente com orif\u00edcios de drenagem especiais, pode drenar rapidamente a \u00e1gua residual no sabonete, evitando que o sabonete fique mole e prolongando a vida \u00fatil do sabonete.<\/li>\n\n\n\n<li><strong>Material de alta qualidade:<\/strong> Estas saboneteiras de cer\u00e2mica por atacado de m\u00e1rmore s\u00e3o feitas de materiais cer\u00e2micos de alta qualidade, que s\u00e3o duros, resistentes ao desgaste, n\u00e3o s\u00e3o f\u00e1ceis de danificar e t\u00eam uma longa vida \u00fatil. As cer\u00e2micas s\u00e3o materiais naturais, n\u00e3o cont\u00eam produtos qu\u00edmicos e s\u00e3o inofensivas para a sa\u00fade humana.<\/li>\n\n\n\n<li><strong>F\u00e1cil de limpar:<\/strong> Estas saboneteiras de cer\u00e2mica para banheiras t\u00eam uma superf\u00edcie lisa e delicada que n\u00e3o acumula sujidade e fuligem. Podem ser lavadas com \u00e1gua limpa e s\u00e3o muito f\u00e1ceis de limpar.<\/li>\n<\/ul>\n<\/div>\n\n\n\n<div class=\"wp-block-column is-layout-flow wp-block-column-is-layout-flow\">\n<figure class=\"wp-block-image size-full\"><img fetchpriority=\"high\" decoding=\"async\" width=\"800\" height=\"800\" src=\"https:\/\/jinhuaceramic.com\/wp-content\/uploads\/2024\/10\/Wholesale-Marble-Ceramic-Soap-Holder-Bulk-Bathroom-Soap-Dish-Custom-4.webp\" alt=\"Atacado de saboneteiras de cer\u00e2mica com dreno, saboneteira de m\u00e1rmore para banheira Bulk-1\" class=\"wp-image-6650\" srcset=\"https:\/\/jinhuaceramic.com\/wp-content\/uploads\/2024\/10\/Wholesale-Marble-Ceramic-Soap-Holder-Bulk-Bathroom-Soap-Dish-Custom-4.webp 800w, https:\/\/jinhuaceramic.com\/wp-content\/uploads\/2024\/10\/Wholesale-Marble-Ceramic-Soap-Holder-Bulk-Bathroom-Soap-Dish-Custom-4-300x300.webp 300w, https:\/\/jinhuaceramic.com\/wp-content\/uploads\/2024\/10\/Wholesale-Marble-Ceramic-Soap-Holder-Bulk-Bathroom-Soap-Dish-Custom-4-150x150.webp 150w, https:\/\/jinhuaceramic.com\/wp-content\/uploads\/2024\/10\/Wholesale-Marble-Ceramic-Soap-Holder-Bulk-Bathroom-Soap-Dish-Custom-4-768x768.webp 768w, https:\/\/jinhuaceramic.com\/wp-content\/uploads\/2024\/10\/Wholesale-Marble-Ceramic-Soap-Holder-Bulk-Bathroom-Soap-Dish-Custom-4-12x12.webp 12w, https:\/\/jinhuaceramic.com\/wp-content\/uploads\/2024\/10\/Wholesale-Marble-Ceramic-Soap-Holder-Bulk-Bathroom-Soap-Dish-Custom-4-285x285.webp 285w, https:\/\/jinhuaceramic.com\/wp-content\/uploads\/2024\/10\/Wholesale-Marble-Ceramic-Soap-Holder-Bulk-Bathroom-Soap-Dish-Custom-4-270x270.webp 270w, https:\/\/jinhuaceramic.com\/wp-content\/uploads\/2024\/10\/Wholesale-Marble-Ceramic-Soap-Holder-Bulk-Bathroom-Soap-Dish-Custom-4-540x540.webp 540w, https:\/\/jinhuaceramic.com\/wp-content\/uploads\/2024\/10\/Wholesale-Marble-Ceramic-Soap-Holder-Bulk-Bathroom-Soap-Dish-Custom-4-660x660.webp 660w\" sizes=\"(max-width: 800px) 100vw, 800px\" \/><\/figure>\n<\/div>\n<\/div>\n\n\n\n<p><\/p>","protected":false},"excerpt":{"rendered":"<p>Bem-vindo \u00e0 compra de saboneteiras para banheira a granel. Estas saboneteiras de cer\u00e2mica por atacado t\u00eam um design \u00fanico, uma forte fun\u00e7\u00e3o de drenagem e o material cer\u00e2mico \u00e9 dur\u00e1vel e f\u00e1cil de limpar. Combinando est\u00e9tica e praticidade, estas saboneteiras de cer\u00e2mica s\u00e3o uma \u00f3ptima escolha para a decora\u00e7\u00e3o da casa de banho.<\/p>","protected":false},"featured_media":6651,"comment_status":"closed","ping_status":"closed","template":"","meta":{"_acf_changed":false},"product_brand":[],"product_cat":[51],"product_tag":[72],"class_list":{"0":"post-6647","1":"product","2":"type-product","3":"status-publish","4":"has-post-thumbnail","6":"product_cat-bathroom-accessories-wholesale","7":"product_tag-wholesale-soap-dishes","9":"first","10":"instock","11":"shipping-taxable","12":"product-type-simple"},"acf":[],"_links":{"self":[{"href":"https:\/\/jinhuaceramic.com\/pt\/wp-json\/wp\/v2\/product\/6647","targetHints":{"allow":["GET"]}}],"collection":[{"href":"https:\/\/jinhuaceramic.com\/pt\/wp-json\/wp\/v2\/product"}],"about":[{"href":"https:\/\/jinhuaceramic.com\/pt\/wp-json\/wp\/v2\/types\/product"}],"replies":[{"embeddable":true,"href":"https:\/\/jinhuaceramic.com\/pt\/wp-json\/wp\/v2\/comments?post=6647"}],"version-history":[{"count":0,"href":"https:\/\/jinhuaceramic.com\/pt\/wp-json\/wp\/v2\/product\/6647\/revisions"}],"wp:featuredmedia":[{"embeddable":true,"href":"https:\/\/jinhuaceramic.com\/pt\/wp-json\/wp\/v2\/media\/6651"}],"wp:attachment":[{"href":"https:\/\/jinhuaceramic.com\/pt\/wp-json\/wp\/v2\/media?parent=6647"}],"wp:term":[{"taxonomy":"product_brand","embeddable":true,"href":"https:\/\/jinhuaceramic.com\/pt\/wp-json\/wp\/v2\/product_brand?post=6647"},{"taxonomy":"product_cat","embeddable":true,"href":"https:\/\/jinhuaceramic.com\/pt\/wp-json\/wp\/v2\/product_cat?post=6647"},{"taxonomy":"product_tag","embeddable":true,"href":"https:\/\/jinhuaceramic.com\/pt\/wp-json\/wp\/v2\/product_tag?post=6647"}],"curies":[{"name":"wp","href":"https:\/\/api.w.org\/{rel}","templated":true}]}}